{"id":3132,"date":"2024-07-14T17:43:18","date_gmt":"2024-07-14T17:43:18","guid":{"rendered":"https:\/\/integriscomposites.com\/ingenierie-et-conception\/"},"modified":"2024-08-07T10:06:38","modified_gmt":"2024-08-07T10:06:38","slug":"ingenierie-et-conception","status":"publish","type":"page","link":"https:\/\/integriscomposites.com\/fr\/ingenierie-et-conception\/","title":{"rendered":"Ing\u00e9nierie et conception"},"content":{"rendered":"<p>[et_pb_section fb_built=\u00a0\u00bb1&Prime; _builder_version=\u00a0\u00bb4.25.2&Prime; _module_preset=\u00a0\u00bbdefault\u00a0\u00bb background_image=\u00a0\u00bbhttps:\/\/integriscomposites.com\/wp-content\/uploads\/2024\/07\/TEN-Signage-Mockup-Revised.jpg\u00a0\u00bb custom_padding=\u00a0\u00bb15%||5%||false|false\u00a0\u00bb bottom_divider_height=\u00a0\u00bb40px\u00a0\u00bb locked=\u00a0\u00bboff\u00a0\u00bb global_colors_info=\u00a0\u00bb{}\u00a0\u00bb][et_pb_row module_class=\u00a0\u00bbhero-row\u00a0\u00bb _builder_version=\u00a0\u00bb4.25.2&Prime; _module_preset=\u00a0\u00bbdefault\u00a0\u00bb background_color=\u00a0\u00bbrgba(0,40,102,0.85)\u00a0\u00bb width=\u00a0\u00bb100%\u00a0\u00bb max_width=\u00a0\u00bb100%\u00a0\u00bb custom_padding=\u00a0\u00bb25px|25px|25px|25px|true|true\u00a0\u00bb global_colors_info=\u00a0\u00bb{}\u00a0\u00bb][et_pb_column type=\u00a0\u00bb4_4&Prime; _builder_version=\u00a0\u00bb4.25.2&Prime; _module_preset=\u00a0\u00bbdefault\u00a0\u00bb global_colors_info=\u00a0\u00bb{}\u00a0\u00bb][et_pb_text _builder_version=\u00a0\u00bb4.25.2&Prime; _module_preset=\u00a0\u00bbdefault\u00a0\u00bb text_text_color=\u00a0\u00bb#FFFFFF\u00a0\u00bb header_text_color=\u00a0\u00bb#FFFFFF\u00a0\u00bb global_colors_info=\u00a0\u00bb{}\u00a0\u00bb]<\/p>\n<h1>ING\u00c9NIERIE ET CONCEPTION<\/h1>\n<p>  Nous travaillons avec les industries les plus exigeantes du monde pour produire les solutions l\u00e9g\u00e8res les plus avanc\u00e9es.[\/et_pb_text][\/et_pb_column][\/et_pb_row][\/et_pb_section][et_pb_section fb_built=\u00a0\u00bb1&Prime; _builder_version=\u00a0\u00bb4.25.2&Prime; _module_preset=\u00a0\u00bbdefault\u00a0\u00bb background_color=\u00a0\u00bb#E0E1DD\u00a0\u00bb global_colors_info=\u00a0\u00bb{}\u00a0\u00bb][et_pb_row column_structure=\u00a0\u00bb1_2,1_2&Prime; _builder_version=\u00a0\u00bb4.25.2&Prime; _module_preset=\u00a0\u00bbdefault\u00a0\u00bb global_colors_info=\u00a0\u00bb{}\u00a0\u00bb][et_pb_column type=\u00a0\u00bb1_2&Prime; _builder_version=\u00a0\u00bb4.25.2&Prime; _module_preset=\u00a0\u00bbdefault\u00a0\u00bb global_colors_info=\u00a0\u00bb{}\u00a0\u00bb][et_pb_text _builder_version=\u00a0\u00bb4.25.2&Prime; _module_preset=\u00a0\u00bbdefault\u00a0\u00bb global_colors_info=\u00a0\u00bb{}\u00a0\u00bb]<\/p>\n<h2>DES ING\u00c9NIEURS DE POINTE TRAVAILLENT POUR NOUS.<br \/>NOUS LES METTONS \u00c0 VOTRE SERVICE.<\/h2>\n<p>Integris Composites est un fournisseur cl\u00e9 en main, du d\u00e9veloppement du concept \u00e0 la maintenance sur le terrain.<br \/>\nDirig\u00e9e par des experts techniques exceptionnels dans un large \u00e9ventail de domaines sp\u00e9cialis\u00e9s, y compris la technologie de production, la conception technique et l&rsquo;ing\u00e9nierie chimique, nous sommes sp\u00e9cialis\u00e9s dans l&rsquo;int\u00e9gration OEM et r\u00e9trofit. <\/p>\n<p>Nos \u00e9quipes ont une exp\u00e9rience av\u00e9r\u00e9e des projets complexes \u00e0 grande \u00e9chelle dans une vari\u00e9t\u00e9 d&rsquo;applications de nos armures composites, r\u00e9sum\u00e9e dans des outils statistiques et de mod\u00e9lisation et une base de donn\u00e9es interne contenant plus de 4000 solutions.<br \/>\nNos syst\u00e8mes sont qualifi\u00e9s au niveau international selon les normes STANAG 4569, NIJ, VPAM et autres. <\/p>\n<p>[\/et_pb_text][\/et_pb_column][et_pb_column type=\u00a0\u00bb1_2&Prime; _builder_version=\u00a0\u00bb4.25.2&Prime; _module_preset=\u00a0\u00bbdefault\u00a0\u00bb global_colors_info=\u00a0\u00bb{}\u00a0\u00bb][et_pb_image src=\u00a0\u00bbhttps:\/\/integriscomposites.com\/wp-content\/uploads\/2024\/07\/Tencate012951.jpg\u00a0\u00bb title_text=\u00a0\u00bbTencate012951&Prime; _builder_version=\u00a0\u00bb4.25.2&Prime; _module_preset=\u00a0\u00bbdefault\u00a0\u00bb global_colors_info=\u00a0\u00bb{}\u00a0\u00bb][\/et_pb_image][\/et_pb_column][\/et_pb_row][\/et_pb_section][et_pb_section fb_built=\u00a0\u00bb1&Prime; _builder_version=\u00a0\u00bb4.25.2&Prime; _module_preset=\u00a0\u00bbdefault\u00a0\u00bb background_color=\u00a0\u00bb#E0E1DD\u00a0\u00bb locked=\u00a0\u00bboff\u00a0\u00bb global_colors_info=\u00a0\u00bb{}\u00a0\u00bb][et_pb_row _builder_version=\u00a0\u00bb4.25.2&Prime; _module_preset=\u00a0\u00bbdefault\u00a0\u00bb global_colors_info=\u00a0\u00bb{}\u00a0\u00bb][et_pb_column type=\u00a0\u00bb4_4&Prime; _builder_version=\u00a0\u00bb4.25.2&Prime; _module_preset=\u00a0\u00bbdefault\u00a0\u00bb global_colors_info=\u00a0\u00bb{}\u00a0\u00bb][et_pb_tabs active_tab_background_color=\u00a0\u00bb#E0E1DD\u00a0\u00bb inactive_tab_background_color=\u00a0\u00bb#E0E1DD\u00a0\u00bb active_tab_text_color=\u00a0\u00bb#FFFFFF\u00a0\u00bb module_class=\u00a0\u00bbintegris-tab\u00a0\u00bb _builder_version=\u00a0\u00bb4.25.2&Prime; _module_preset=\u00a0\u00bbdefault\u00a0\u00bb tab_text_color=\u00a0\u00bb#002866&Prime; body_font_size=\u00a0\u00bb16px\u00a0\u00bb tab_font=\u00a0\u00bb|||on|||||\u00a0\u00bb tab_font_size=\u00a0\u00bb14px\u00a0\u00bb background_color=\u00a0\u00bb#E0E1DD\u00a0\u00bb hover_enabled=\u00a0\u00bb0&Prime; custom_css_free_form=\u00a0\u00bbul.et_pb_tabs_controls {||  background: none !important;||}||.et_pb_tabs_controls li a {||  padding: 4px 15px !important;||}||.et_pb_tabs .et_pb_tabs_controls li.et_pb_tab_active a {||  background-color: #002866;||}\u00a0\u00bb custom_css_tab=\u00a0\u00bbborder: 1px solid #000;||margin-right: 10px;\u00a0\u00bb global_colors_info=\u00a0\u00bb{}\u00a0\u00bb sticky_enabled=\u00a0\u00bb0&Prime;][et_pb_tab title=\u00a0\u00bbGESTION DE PROJET\u00a0\u00bb _builder_version=\u00a0\u00bb4.25.2&Prime; _module_preset=\u00a0\u00bbdefault\u00a0\u00bb global_colors_info=\u00a0\u00bb{}\u00a0\u00bb]<\/p>\n<div class=\"tabs-image\"><img loading=\"lazy\" decoding=\"async\" src=\"\/wp-content\/uploads\/2024\/07\/Tencate-France-Primarette-_DSC2020-27-04-22.jpg\" width=\"750\" height=\"425\" alt=\"\" class=\"wp-image-298 alignnone size-full\" srcset=\"\/wp-content\/uploads\/2024\/07\/Tencate-France-Primarette-_DSC2020-27-04-22.jpg 750w, \/wp-content\/uploads\/2024\/07\/Tencate-France-Primarette-_DSC2020-27-04-22-480x272.jpg 480w\" sizes=\"(min-width: 0px) and (max-width: 480px) 480px, (min-width: 481px) 750px, 100vw\" \/><\/div>\n<div class=\"tabs-content\">\n<h2>Gestion de projet<\/h2>\n<ul>\n<li>Gestion du programme et direction de l&rsquo;IPT<\/li>\n<li>Gestion r\u00e9ussie d&rsquo;un effort d&rsquo;int\u00e9gration de syst\u00e8mes d&rsquo;une dur\u00e9e de 12 mois et d&rsquo;une valeur de plus d&rsquo;un million d&rsquo;euros, dans le respect de toutes les \u00e9ch\u00e9ances.<\/li>\n<li>D\u00e9veloppement de WBS et d&rsquo;IMS pour soutenir les programmes<\/li>\n<li>Rapports mensuels sur l&rsquo;\u00e9tat du programme et sur les indicateurs du syst\u00e8me de gestion de la s\u00e9curit\u00e9 (EVMS)<\/li>\n<li>\u00c9laborer et participer \u00e0 tous les examens, y compris SRR, PDR et CDR, y compris les examens interm\u00e9diaires si n\u00e9cessaire.<\/li>\n<\/ul>\n<\/div>\n<p>[\/et_pb_tab][et_pb_tab title=\u00a0\u00bbIng\u00e9nierie des syst\u00e8mes\u00a0\u00bb _builder_version=\u00a0\u00bb4.25.2&Prime; _module_preset=\u00a0\u00bbdefault\u00a0\u00bb global_colors_info=\u00a0\u00bb{}\u00a0\u00bb]<\/p>\n<div class=\"tabs-image\"><img loading=\"lazy\" decoding=\"async\" src=\"\/wp-content\/uploads\/2024\/07\/Tencate-France-Primarette-_DSC2053-27-04-22_2023-08-25-221720_zcip.jpg\" width=\"750\" height=\"425\" alt=\"\" class=\"wp-image-302 alignnone size-full\" srcset=\"\/wp-content\/uploads\/2024\/07\/Tencate-France-Primarette-_DSC2053-27-04-22_2023-08-25-221720_zcip.jpg 750w, \/wp-content\/uploads\/2024\/07\/Tencate-France-Primarette-_DSC2053-27-04-22_2023-08-25-221720_zcip-480x272.jpg 480w\" sizes=\"(min-width: 0px) and (max-width: 480px) 480px, (min-width: 481px) 750px, 100vw\" \/><\/div>\n<div class=\"tabs-content\">\n<h2>Ing\u00e9nierie des syst\u00e8mes<\/h2>\n<ul>\n<li>Syst\u00e8mes IPT<\/li>\n<li>Planification de la gestion de l&rsquo;ing\u00e9nierie des syst\u00e8mes<\/li>\n<li>Identification, d\u00e9composition et gestion des exigences<\/li>\n<li>Architecture et design<\/li>\n<li>\u00c9tudes sur le commerce<\/li>\n<li>Concept d&rsquo;op\u00e9ration<\/li>\n<li>D\u00e9veloppement d&rsquo;algorithmes<\/li>\n<li>Contr\u00f4le de l&rsquo;interface<\/li>\n<li>Gestion de la configuration<\/li>\n<li>Examen des dessins et mod\u00e8les<\/li>\n<li>V\u00e9rification du syst\u00e8me<\/li>\n<li>V\u00e9rification environnementale<\/li>\n<\/ul>\n<\/div>\n<p>[\/et_pb_tab][et_pb_tab title=\u00a0\u00bbTest des syst\u00e8mes\u00a0\u00bb _builder_version=\u00a0\u00bb4.25.2&Prime; _module_preset=\u00a0\u00bbdefault\u00a0\u00bb global_colors_info=\u00a0\u00bb{}\u00a0\u00bb]<\/p>\n<div class=\"tabs-image\"><img loading=\"lazy\" decoding=\"async\" src=\"\/wp-content\/uploads\/2024\/07\/Tencate-France-Primarette-_DSC1618-26-04-22.jpg\" width=\"750\" height=\"425\" alt=\"\" class=\"wp-image-284 alignnone size-full\" srcset=\"\/wp-content\/uploads\/2024\/07\/Tencate-France-Primarette-_DSC1618-26-04-22.jpg 750w, \/wp-content\/uploads\/2024\/07\/Tencate-France-Primarette-_DSC1618-26-04-22-480x272.jpg 480w\" sizes=\"(min-width: 0px) and (max-width: 480px) 480px, (min-width: 481px) 750px, 100vw\" \/><\/div>\n<div class=\"tabs-content\">\n<h2>Test des syst\u00e8mes<\/h2>\n<ul>\n<li>Tour de chute de 6 m\/s pour l&rsquo;essai des capteurs de d\u00e9tection d&rsquo;impact<\/li>\n<li>Tour de chute disponible \u00e0 partir de 10 m\/s<\/li>\n<li>Vid\u00e9o \u00e0 grande vitesse Phantom v7<\/li>\n<li>Personnel d&rsquo;ing\u00e9nierie<br \/>avec ~40 ans d&rsquo;exp\u00e9rience combin\u00e9e en mati\u00e8re d&rsquo;essais de collision et d&rsquo;explosion de v\u00e9hicules<br \/>dans les secteurs de l&rsquo;automobile commerciale, des v\u00e9hicules militaires et de l&rsquo;aviation.<br \/>Comprend l&rsquo;exp\u00e9rience d&rsquo;un crash d&rsquo;h\u00e9licopt\u00e8re \u00e0 grande \u00e9chelle avec un syst\u00e8me actif<br \/>au portique de Langley.<\/li>\n<li>Essais internes selon diverses normes MIL, DEF, ISO et<br \/>DIN ; propri\u00e9t\u00e9s balistiques et g\u00e9n\u00e9riques ; y compris collage,<br \/>adh\u00e9sion, r\u00e9sistance chimique, essais \u00e0 basse et haute temp\u00e9rature.<\/li>\n<li>Exp\u00e9rience dans l&rsquo;application sur le terrain et les essais de vibration, de r\u00e9sistance aux UV, au sel et au brouillard et autres exigences de la norme MIL 810.<\/li>\n<\/ul>\n<\/div>\n<p>[\/et_pb_tab][et_pb_tab title=\u00a0\u00bbS\u00e9curit\u00e9 des syst\u00e8mes\u00a0\u00bb _builder_version=\u00a0\u00bb4.25.2&Prime; _module_preset=\u00a0\u00bbdefault\u00a0\u00bb global_colors_info=\u00a0\u00bb{}\u00a0\u00bb]<\/p>\n<div class=\"tabs-image\"><img loading=\"lazy\" decoding=\"async\" src=\"\/wp-content\/uploads\/2024\/07\/Tencate-France-Primarette-_DSC1621-26-04-22.jpg\" width=\"750\" height=\"425\" alt=\"\" class=\"wp-image-308 alignnone size-full\" srcset=\"\/wp-content\/uploads\/2024\/07\/Tencate-France-Primarette-_DSC1621-26-04-22.jpg 750w, \/wp-content\/uploads\/2024\/07\/Tencate-France-Primarette-_DSC1621-26-04-22-480x272.jpg 480w\" sizes=\"(min-width: 0px) and (max-width: 480px) 480px, (min-width: 481px) 750px, 100vw\" \/><\/div>\n<div class=\"tabs-content\">\n<h2>S\u00e9curit\u00e9 des syst\u00e8mes<\/h2>\n<ul>\n<li>S\u00e9curit\u00e9 IPT<\/li>\n<li>Identification, analyse, suivi et att\u00e9nuation des risques<\/li>\n<li>\u00c9valuation et r\u00e9duction des risques<\/li>\n<li>\u00c9valuation de la s\u00e9curit\u00e9<\/li>\n<li>Interfaces de s\u00e9curit\u00e9 des syst\u00e8mes<\/li>\n<li>S\u00e9curit\u00e9 des logiciels<\/li>\n<li>V\u00e9rification de la s\u00e9curit\u00e9<\/li>\n<li>Rapport d&rsquo;incident<\/li>\n<\/ul>\n<\/div>\n<p>[\/et_pb_tab][et_pb_tab title=\u00a0\u00bbG\u00e9nie \u00e9lectrique\u00a0\u00bb _builder_version=\u00a0\u00bb4.25.2&Prime; _module_preset=\u00a0\u00bbdefault\u00a0\u00bb global_colors_info=\u00a0\u00bb{}\u00a0\u00bb]<\/p>\n<div class=\"tabs-image\"><img loading=\"lazy\" decoding=\"async\" src=\"\/wp-content\/uploads\/2024\/07\/TENCATE-DK-_DSC0344-06-04-22.jpg\" width=\"750\" height=\"425\" alt=\"\" class=\"wp-image-310 alignnone size-full\" srcset=\"\/wp-content\/uploads\/2024\/07\/TENCATE-DK-_DSC0344-06-04-22.jpg 750w, \/wp-content\/uploads\/2024\/07\/TENCATE-DK-_DSC0344-06-04-22-480x272.jpg 480w\" sizes=\"(min-width: 0px) and (max-width: 480px) 480px, (min-width: 481px) 750px, 100vw\" \/><\/div>\n<div class=\"tabs-content\">\n<h2>G\u00e9nie \u00e9lectrique<\/h2>\n<ul>\n<li>Conception de syst\u00e8mes \u00e9lectriques au niveau du v\u00e9hicule et d&rsquo;unit\u00e9s rempla\u00e7ables en ligne (LRU)<\/li>\n<li>Conception de c\u00e2blages, de c\u00e2bles et de harnais<\/li>\n<li>Conception de sch\u00e9mas de circuits imprim\u00e9s et conception de circuits imprim\u00e9s (gerbers)<\/li>\n<li>Capacit\u00e9 cl\u00e9 en main ; conception, fabrication, test et int\u00e9gration de tout le mat\u00e9riel du syst\u00e8me<\/li>\n<li>Compr\u00e9hension et exp\u00e9rience de la conception MIL-STD<\/li>\n<li>Cartes de circuits imprim\u00e9s ; technologies analogiques, num\u00e9riques, \u00e0 grande vitesse, \u00e0 haute puissance et mixtes<\/li>\n<li>Exp\u00e9rience en mati\u00e8re d&rsquo;EMI\/EMC<\/li>\n<li>Tests automatiques et manuels de l&rsquo;URL<\/li>\n<li>Niveau du syst\u00e8me ; v\u00e9rification et validation de la conception<\/li>\n<li>Essais sur le terrain, validation de la conception et assistance \u00e0 la client\u00e8le<\/li>\n<\/ul>\n<\/div>\n<p>[\/et_pb_tab][et_pb_tab title=\u00a0\u00bbG\u00e9nie logiciel\u00a0\u00bb _builder_version=\u00a0\u00bb4.25.2&Prime; _module_preset=\u00a0\u00bbdefault\u00a0\u00bb global_colors_info=\u00a0\u00bb{}\u00a0\u00bb]<\/p>\n<div class=\"tabs-image\"><img loading=\"lazy\" decoding=\"async\" src=\"\/wp-content\/uploads\/2024\/07\/Software-500px.jpg\" width=\"750\" height=\"425\" alt=\"\" class=\"wp-image-311 alignnone size-full\" srcset=\"\/wp-content\/uploads\/2024\/07\/Software-500px.jpg 750w, \/wp-content\/uploads\/2024\/07\/Software-500px-480x272.jpg 480w\" sizes=\"(min-width: 0px) and (max-width: 480px) 480px, (min-width: 481px) 750px, 100vw\" \/><\/div>\n<div class=\"tabs-content\">\n<h2>G\u00e9nie logiciel<\/h2>\n<ul>\n<li>Capacit\u00e9 de conception de logiciels embarqu\u00e9s en temps r\u00e9el pour des exigences de synchronisation critiques (~30 ans d&rsquo;exp\u00e9rience)<\/li>\n<li>Capacit\u00e9 d&rsquo;interface utilisateur graphique pour la fabrication et les essais<\/li>\n<li>Capacit\u00e9 de traitement des donn\u00e9es d&rsquo;essai pour soutenir la fabrication ainsi que le(s) client(s) final(aux)<\/li>\n<\/ul>\n<\/div>\n<p>[\/et_pb_tab][\/et_pb_tabs][\/et_pb_column][\/et_pb_row][\/et_pb_section]<\/p>\n","protected":false},"excerpt":{"rendered":"<p>ING\u00c9NIERIE ET CONCEPTION Nous travaillons avec les industries les plus exigeantes du monde pour produire les solutions l\u00e9g\u00e8res les plus avanc\u00e9es.DES ING\u00c9NIEURS DE POINTE TRAVAILLENT POUR NOUS.NOUS LES METTONS \u00c0 VOTRE SERVICE. Integris Composites est un fournisseur cl\u00e9 en main, du d\u00e9veloppement du concept \u00e0 la maintenance sur le terrain. Dirig\u00e9e par des experts techniques [&hellip;]<\/p>\n","protected":false},"author":2,"featured_media":0,"parent":0,"menu_order":3,"comment_status":"closed","ping_status":"closed","template":"","meta":{"_acf_changed":false,"_et_pb_use_builder":"on","_et_pb_old_content":"","_et_gb_content_width":"","_monsterinsights_skip_tracking":false,"_monsterinsights_sitenote_active":false,"_monsterinsights_sitenote_note":"","_monsterinsights_sitenote_category":0,"footnotes":""},"class_list":["post-3132","page","type-page","status-publish","hentry"],"acf":[],"aioseo_notices":[],"_links":{"self":[{"href":"https:\/\/integriscomposites.com\/fr\/wp-json\/wp\/v2\/pages\/3132","targetHints":{"allow":["GET"]}}],"collection":[{"href":"https:\/\/integriscomposites.com\/fr\/wp-json\/wp\/v2\/pages"}],"about":[{"href":"https:\/\/integriscomposites.com\/fr\/wp-json\/wp\/v2\/types\/page"}],"author":[{"embeddable":true,"href":"https:\/\/integriscomposites.com\/fr\/wp-json\/wp\/v2\/users\/2"}],"replies":[{"embeddable":true,"href":"https:\/\/integriscomposites.com\/fr\/wp-json\/wp\/v2\/comments?post=3132"}],"version-history":[{"count":2,"href":"https:\/\/integriscomposites.com\/fr\/wp-json\/wp\/v2\/pages\/3132\/revisions"}],"predecessor-version":[{"id":3134,"href":"https:\/\/integriscomposites.com\/fr\/wp-json\/wp\/v2\/pages\/3132\/revisions\/3134"}],"wp:attachment":[{"href":"https:\/\/integriscomposites.com\/fr\/wp-json\/wp\/v2\/media?parent=3132"}],"curies":[{"name":"wp","href":"https:\/\/api.w.org\/{rel}","templated":true}]}}