{"id":3123,"date":"2024-07-16T08:32:51","date_gmt":"2024-07-16T08:32:51","guid":{"rendered":"https:\/\/integriscomposites.com\/technologie-de-la-simulation\/"},"modified":"2024-08-14T10:33:50","modified_gmt":"2024-08-14T10:33:50","slug":"technologie-de-la-simulation","status":"publish","type":"page","link":"https:\/\/integriscomposites.com\/fr\/technologie-de-la-simulation\/","title":{"rendered":"Technologie de la simulation"},"content":{"rendered":"<p>[et_pb_section fb_built=\u00a0\u00bb1&Prime; _builder_version=\u00a0\u00bb4.25.2&Prime; _module_preset=\u00a0\u00bbdefault\u00a0\u00bb background_image=\u00a0\u00bbhttps:\/\/integriscomposites.com\/wp-content\/uploads\/2024\/07\/TEN-Signage-Mockup-Revised.jpg\u00a0\u00bb custom_padding=\u00a0\u00bb15%||5%||false|false\u00a0\u00bb bottom_divider_height=\u00a0\u00bb40px\u00a0\u00bb locked=\u00a0\u00bboff\u00a0\u00bb global_colors_info=\u00a0\u00bb{}\u00a0\u00bb][et_pb_row module_class=\u00a0\u00bbhero-row\u00a0\u00bb _builder_version=\u00a0\u00bb4.25.2&Prime; _module_preset=\u00a0\u00bbdefault\u00a0\u00bb background_color=\u00a0\u00bbrgba(0,40,102,0.85)\u00a0\u00bb width=\u00a0\u00bb100%\u00a0\u00bb max_width=\u00a0\u00bb100%\u00a0\u00bb custom_padding=\u00a0\u00bb25px|25px|25px|25px|true|true\u00a0\u00bb global_colors_info=\u00a0\u00bb{}\u00a0\u00bb][et_pb_column type=\u00a0\u00bb4_4&Prime; _builder_version=\u00a0\u00bb4.25.2&Prime; _module_preset=\u00a0\u00bbdefault\u00a0\u00bb global_colors_info=\u00a0\u00bb{}\u00a0\u00bb][et_pb_text _builder_version=\u00a0\u00bb4.25.2&Prime; _module_preset=\u00a0\u00bbdefault\u00a0\u00bb text_text_color=\u00a0\u00bb#FFFFFF\u00a0\u00bb header_text_color=\u00a0\u00bb#FFFFFF\u00a0\u00bb global_colors_info=\u00a0\u00bb{}\u00a0\u00bb]<\/p>\n<h1>Technologie de la simulation<\/h1>\n<p>Simulation pour am\u00e9liorer la performance de nos produits de protection balistique.<\/p>\n<p>[\/et_pb_text][\/et_pb_column][\/et_pb_row][\/et_pb_section][et_pb_section fb_built=\u00a0\u00bb1&Prime; _builder_version=\u00a0\u00bb4.25.2&Prime; _module_preset=\u00a0\u00bbdefault\u00a0\u00bb global_colors_info=\u00a0\u00bb{}\u00a0\u00bb][et_pb_row column_structure=\u00a0\u00bb1_2,1_2&Prime; _builder_version=\u00a0\u00bb4.25.2&Prime; _module_preset=\u00a0\u00bbdefault\u00a0\u00bb global_colors_info=\u00a0\u00bb{}\u00a0\u00bb][et_pb_column type=\u00a0\u00bb1_2&Prime; _builder_version=\u00a0\u00bb4.25.2&Prime; _module_preset=\u00a0\u00bbdefault\u00a0\u00bb global_colors_info=\u00a0\u00bb{}\u00a0\u00bb][et_pb_text _builder_version=\u00a0\u00bb4.25.2&Prime; _module_preset=\u00a0\u00bbdefault\u00a0\u00bb global_colors_info=\u00a0\u00bb{}\u00a0\u00bb]<\/p>\n<h2>L&rsquo;UTILISATION DE LA SIMULATION POUR LA PROTECTION BALISTIQUE.<\/h2>\n<p>Chez Integris Composites, nous reconnaissons le r\u00f4le crucial que joue la simulation dans le d\u00e9veloppement et l&rsquo;am\u00e9lioration des solutions de protection balistique.<br \/>\nGr\u00e2ce \u00e0 la simulation, nous pouvons tester virtuellement les mat\u00e9riaux et les structures, et comprendre comment ils r\u00e9agissent aux impacts et aux contraintes.<br \/>\nCe processus nous permet de mod\u00e9liser divers sc\u00e9narios, d&rsquo;am\u00e9liorer notre compr\u00e9hension des mat\u00e9riaux de protection et de prendre des d\u00e9cisions plus \u00e9clair\u00e9es en mati\u00e8re de conception et de d\u00e9veloppement.  <\/p>\n<p>Les essais physiques de protection balistique sont \u00e0 la fois co\u00fbteux et chronophages.<br \/>\nLa simulation offre une alternative plus efficace, en r\u00e9duisant la n\u00e9cessit\u00e9 d&rsquo;effectuer de multiples prototypes et essais physiques.<br \/>\nCette approche permet non seulement de pr\u00e9server les ressources, mais aussi de minimiser les risques associ\u00e9s aux essais r\u00e9els en analysant des sc\u00e9narios potentiellement dangereux dans un environnement virtuel.  <\/p>\n<p>\u00ab\u00a0La simulation nous permet d&rsquo;explorer un large \u00e9ventail de conditions et de sc\u00e9narios qu&rsquo;il serait peu pratique, voire impossible, de reproduire lors d&rsquo;essais physiques\u00a0\u00bb, explique Piotr Tomaszewski, sp\u00e9cialiste de la simulation chez Integris Composites.<br \/>\n\u00ab\u00a0Cette capacit\u00e9 est essentielle pour optimiser la conception et les performances de nos solutions de protection balistique.\u00a0\u00bb <\/p>\n<p>[\/et_pb_text][\/et_pb_column][et_pb_column type=\u00a0\u00bb1_2&Prime; _builder_version=\u00a0\u00bb4.25.2&Prime; _module_preset=\u00a0\u00bbdefault\u00a0\u00bb global_colors_info=\u00a0\u00bb{}\u00a0\u00bb][et_pb_image src=\u00a0\u00bbhttps:\/\/integriscomposites.com\/wp-content\/uploads\/2024\/07\/ballistic-simulation.jpg\u00a0\u00bb title_text=\u00a0\u00bbsimulation balistique\u00a0\u00bb _builder_version=\u00a0\u00bb4.25.2&Prime; _module_preset=\u00a0\u00bbdefault\u00a0\u00bb custom_margin=\u00a0\u00bb||10px||false|false\u00a0\u00bb global_colors_info=\u00a0\u00bb{}\u00a0\u00bb][\/et_pb_image][et_pb_text _builder_version=\u00a0\u00bb4.25.2&Prime; _module_preset=\u00a0\u00bbdefault\u00a0\u00bb text_font_size=\u00a0\u00bb14px\u00a0\u00bb global_colors_info=\u00a0\u00bb{}\u00a0\u00bb]<\/p>\n<p>Simulation balistique<\/p>\n<p>[\/et_pb_text][\/et_pb_column][\/et_pb_row][\/et_pb_section][et_pb_section fb_built=\u00a0\u00bb1&Prime; _builder_version=\u00a0\u00bb4.25.2&Prime; _module_preset=\u00a0\u00bbdefault\u00a0\u00bb global_colors_info=\u00a0\u00bb{}\u00a0\u00bb][et_pb_row column_structure=\u00a0\u00bb1_2,1_2&Prime; _builder_version=\u00a0\u00bb4.25.2&Prime; _module_preset=\u00a0\u00bbdefault\u00a0\u00bb global_colors_info=\u00a0\u00bb{}\u00a0\u00bb][et_pb_column type=\u00a0\u00bb1_2&Prime; _builder_version=\u00a0\u00bb4.25.2&Prime; _module_preset=\u00a0\u00bbdefault\u00a0\u00bb global_colors_info=\u00a0\u00bb{}\u00a0\u00bb][et_pb_video src=\u00a0\u00bbhttps:\/\/vimeo.com\/952109202&Prime; _builder_version=\u00a0\u00bb4.25.2&Prime; _module_preset=\u00a0\u00bbdefault\u00a0\u00bb global_colors_info=\u00a0\u00bb{}\u00a0\u00bb][\/et_pb_video][et_pb_video src=\u00a0\u00bbhttps:\/\/vimeo.com\/952109191&Prime; _builder_version=\u00a0\u00bb4.25.2&Prime; _module_preset=\u00a0\u00bbdefault\u00a0\u00bb global_colors_info=\u00a0\u00bb{}\u00a0\u00bb][\/et_pb_video][et_pb_video src=\u00a0\u00bbhttps:\/\/vimeo.com\/952108996&Prime; _builder_version=\u00a0\u00bb4.25.2&Prime; _module_preset=\u00a0\u00bbdefault\u00a0\u00bb global_colors_info=\u00a0\u00bb{}\u00a0\u00bb][\/et_pb_video][\/et_pb_column][et_pb_column type=\u00a0\u00bb1_2&Prime; _builder_version=\u00a0\u00bb4.25.2&Prime; _module_preset=\u00a0\u00bbdefault\u00a0\u00bb global_colors_info=\u00a0\u00bb{}\u00a0\u00bb][et_pb_text _builder_version=\u00a0\u00bb4.25.2&Prime; _module_preset=\u00a0\u00bb75244c77-7bf4-4c3f-a873-54cc93ac7c1e\u00a0\u00bb global_colors_info=\u00a0\u00bb{}\u00a0\u00bb]<\/p>\n<h2>Des pr\u00e9visions pr\u00e9cises pour la protection.<\/h2>\n<p>Nos simulations fournissent des pr\u00e9visions pr\u00e9cises, qui sont essentielles pour optimiser la conception des \u00e9quipements de protection.<\/p>\n<p>Elles nous permettent d&rsquo;ajuster les param\u00e8tres et les configurations afin d&rsquo;obtenir la meilleure protection possible tout en minimisant l&rsquo;utilisation de mat\u00e9riaux et le poids.<\/p>\n<p>Ce niveau d&rsquo;optimisation est difficile \u00e0 atteindre par le seul biais d&rsquo;essais physiques.<\/p>\n<p>Outre les \u00e9v\u00e9nements balistiques, nous testons \u00e9galement les explosions, y compris celles impliquant des mines, des engins explosifs improvis\u00e9s (EEI) et des grenades propuls\u00e9es par fus\u00e9e (RPG).<\/p>\n<p>Cette approche globale garantit que nos solutions de protection peuvent r\u00e9sister \u00e0 une grande vari\u00e9t\u00e9 de menaces.<\/p>\n<p>Outre l&rsquo;\u00e9valuation des performances, les simulations permettent de s&rsquo;assurer que nos solutions de protection balistique r\u00e9pondent aux normes internationales \u00e9tablies par le National Institute of Justice (NIJ), l&rsquo;Association of Test Centers for Bullet Resistant Materials and Constructions (VPAM) et le STANAG 4569, qui sont document\u00e9es dans l&rsquo;AEP-55 (Applied Engineering Publications).<\/p>\n<p>Le respect de ces normes est crucial pour l&rsquo;acceptation et la confiance dans nos technologies de protection.<\/p>\n<p>Les simulations facilitent \u00e9galement l&rsquo;int\u00e9gration de la protection balistique avec d&rsquo;autres technologies, telles que les textiles intelligents et les capteurs, am\u00e9liorant ainsi la fonctionnalit\u00e9 globale.<\/p>\n<p>Les retours d&rsquo;information en temps r\u00e9el des simulations permettent des it\u00e9rations de conception rapides et une am\u00e9lioration contin.<\/p>\n<p>\u00ab\u00a0En utilisant la simulation, nous pouvons rapidement identifier les am\u00e9liorations potentielles et les mettre en \u0153uvre beaucoup plus rapidement que les m\u00e9thodes traditionnelles\u00a0\u00bb, explique M. Tomaszewski.<\/p>\n<p>\u00ab\u00a0Ce cycle d&rsquo;am\u00e9lioration continue garantit que nos solutions restent \u00e0 la pointe de la technologie.<\/p>\n<p>Nous pouvons \u00e9valuer d&rsquo;autres facteurs en dehors des \u00e9v\u00e9nements balistiques, tels que l&rsquo;impact sur les interfaces comme les points de montage, les connexions et les vis.<\/p>\n<p>Cette capacit\u00e9 nous permet \u00e9galement d&rsquo;am\u00e9liorer ces composants.<br \/>En outre, nous \u00e9valuons les zones vuln\u00e9rables de la conception en v\u00e9rifiant des centaines de milliers de points d&rsquo;impact sous diff\u00e9rents angles afin d&rsquo;identifier et de corriger les points faibles de la construction.<\/p>\n<ul><\/ul>\n<p>Les conditions environnementales, telles que la temp\u00e9rature et l&rsquo;humidit\u00e9, peuvent avoir un impact significatif sur les performances des mat\u00e9riaux de protection balistique.<\/p>\n<p>Les simulations nous permettent d&rsquo;\u00e9valuer ces effets et de nous assurer que nos solutions de protection sont performantes dans diverses conditions.<\/p>\n<p>En fournissant des informations compl\u00e8tes et en facilitant les am\u00e9liorations continues, les simulations sont essentielles pour faire progresser notre technologie de protection balistique chez Integris Composites.<\/p>\n<p>[\/et_pb_text][\/et_pb_column][\/et_pb_row][\/et_pb_section]<\/p>\n","protected":false},"excerpt":{"rendered":"<p>Technologie de la simulation Simulation pour am\u00e9liorer la performance de nos produits de protection balistique.L&rsquo;UTILISATION DE LA SIMULATION POUR LA PROTECTION BALISTIQUE. Chez Integris Composites, nous reconnaissons le r\u00f4le crucial que joue la simulation dans le d\u00e9veloppement et l&rsquo;am\u00e9lioration des solutions de protection balistique. Gr\u00e2ce \u00e0 la simulation, nous pouvons tester virtuellement les mat\u00e9riaux et [&hellip;]<\/p>\n","protected":false},"author":2,"featured_media":1387,"parent":0,"menu_order":2,"comment_status":"closed","ping_status":"closed","template":"","meta":{"_acf_changed":false,"_et_pb_use_builder":"on","_et_pb_old_content":"","_et_gb_content_width":"","_monsterinsights_skip_tracking":false,"_monsterinsights_sitenote_active":false,"_monsterinsights_sitenote_note":"","_monsterinsights_sitenote_category":0,"footnotes":""},"class_list":["post-3123","page","type-page","status-publish","has-post-thumbnail","hentry"],"acf":[],"aioseo_notices":[],"_links":{"self":[{"href":"https:\/\/integriscomposites.com\/fr\/wp-json\/wp\/v2\/pages\/3123","targetHints":{"allow":["GET"]}}],"collection":[{"href":"https:\/\/integriscomposites.com\/fr\/wp-json\/wp\/v2\/pages"}],"about":[{"href":"https:\/\/integriscomposites.com\/fr\/wp-json\/wp\/v2\/types\/page"}],"author":[{"embeddable":true,"href":"https:\/\/integriscomposites.com\/fr\/wp-json\/wp\/v2\/users\/2"}],"replies":[{"embeddable":true,"href":"https:\/\/integriscomposites.com\/fr\/wp-json\/wp\/v2\/comments?post=3123"}],"version-history":[{"count":3,"href":"https:\/\/integriscomposites.com\/fr\/wp-json\/wp\/v2\/pages\/3123\/revisions"}],"predecessor-version":[{"id":3563,"href":"https:\/\/integriscomposites.com\/fr\/wp-json\/wp\/v2\/pages\/3123\/revisions\/3563"}],"wp:featuredmedia":[{"embeddable":true,"href":"https:\/\/integriscomposites.com\/fr\/wp-json\/wp\/v2\/media\/1387"}],"wp:attachment":[{"href":"https:\/\/integriscomposites.com\/fr\/wp-json\/wp\/v2\/media?parent=3123"}],"curies":[{"name":"wp","href":"https:\/\/api.w.org\/{rel}","templated":true}]}}