{"id":8851,"date":"2025-06-11T08:41:00","date_gmt":"2025-06-11T08:41:00","guid":{"rendered":"https:\/\/integriscomposites.com\/proteccion-personal\/placas-rigidas-usa-body-armor\/"},"modified":"2026-03-23T08:57:04","modified_gmt":"2026-03-23T08:57:04","slug":"placas-rigidas-usa-body-armor","status":"publish","type":"page","link":"https:\/\/integriscomposites.com\/es\/proteccion-personal\/placas-rigidas-usa-body-armor\/","title":{"rendered":"Placas r\u00edgidas USA Body Armor"},"content":{"rendered":"<p>[et_pb_section fb_built=\u00bb1&#8243; _builder_version=\u00bb4.27.0&#8243; _module_preset=\u00bbdefault\u00bb background_color=\u00bbRGBA(255,255,255,0)\u00bb use_background_color_gradient=\u00bbon\u00bb background_color_gradient_direction=\u00bb90deg\u00bb background_color_gradient_stops=\u00bb#000000 43%|rgba(255,255,255,0) 100%\u00bb background_color_gradient_overlays_image=\u00bbon\u00bb background_image=\u00bbhttps:\/\/integriscomposites.com\/wp-content\/uploads\/2025\/03\/armoured.jpg\u00bb min_height=\u00bb50vh\u00bb custom_margin=\u00bb||||false|false\u00bb top_divider_color=\u00bb#E0E1DD\u00bb top_divider_height=\u00bb50px\u00bb custom_css_main_element=\u00bbdisplay: flex;||align-items: center;\u00bb locked=\u00bboff\u00bb global_colors_info=\u00bb{}\u00bb][et_pb_row column_structure=\u00bb1_2,1_2&#8243; _builder_version=\u00bb4.27.0&#8243; _module_preset=\u00bbdefault\u00bb background_enable_color=\u00bboff\u00bb custom_padding=\u00bb||||false|false\u00bb global_colors_info=\u00bb{}\u00bb][et_pb_column type=\u00bb1_2&#8243; _builder_version=\u00bb4.27.0&#8243; _module_preset=\u00bbdefault\u00bb background_enable_color=\u00bboff\u00bb custom_padding=\u00bb||||true|true\u00bb global_colors_info=\u00bb{}\u00bb][et_pb_text _builder_version=\u00bb4.27.0&#8243; _module_preset=\u00bbdefault\u00bb text_text_color=\u00bb#FFFFFF\u00bb header_text_color=\u00bb#FFFFFF\u00bb header_2_text_align=\u00bbleft\u00bb header_2_text_color=\u00bb#FFFFFF\u00bb locked=\u00bboff\u00bb global_colors_info=\u00bb{}\u00bb]<\/p>\n<h2><em>CHALECOS ANTIBALAS PARA MILITARES Y POLIC\u00cdAS<\/em><\/h2>\n<p>Somos l\u00edderes estadounidenses en dise\u00f1o, ingenier\u00eda y fabricaci\u00f3n de soluciones avanzadas de blindaje duro. Nuestras placas bal\u00edsticas se fabrican en instalaciones con certificaci\u00f3n AS9100 e ISO9001, lo que garantiza los m\u00e1s altos niveles de calidad y consistencia. Utilizando materiales compuestos de vanguardia -como la cer\u00e1mica avanzada y el polietileno de alto rendimiento- ofrecemos una protecci\u00f3n ligera y duradera en la que conf\u00edan las fuerzas armadas, policiales y federales de todo el mundo.  <\/p>\n<p>Nuestra cartera de placas fabricadas en EE.UU. abarca desde la serie 3000 de Nivel III (RF1) certificada por el NIJ hasta placas especializadas de las series 2000 y 6000 dise\u00f1adas para contrarrestar amenazas espec\u00edficas como M855A1, M855 y API BZ.<br \/>\n[\/et_pb_text][\/et_pb_column][et_pb_column type=\u00bb1_2&#8243; _builder_version=\u00bb4.27.0&#8243; _module_preset=\u00bbdefault\u00bb global_colors_info=\u00bb{}\u00bb][\/et_pb_column][\/et_pb_row][\/et_pb_section][et_pb_section fb_built=\u00bb1&#8243; _builder_version=\u00bb4.27.0&#8243; _module_preset=\u00bbdefault\u00bb background_color=\u00bb#FFFFFF\u00bb custom_padding=\u00bb4%||4%||true|false\u00bb global_colors_info=\u00bb{}\u00bb][et_pb_row column_structure=\u00bb1_2,1_2&#8243; _builder_version=\u00bb4.27.0&#8243; _module_preset=\u00bbdefault\u00bb global_colors_info=\u00bb{}\u00bb][et_pb_column type=\u00bb1_2&#8243; _builder_version=\u00bb4.27.0&#8243; _module_preset=\u00bbdefault\u00bb global_colors_info=\u00bb{}\u00bb][et_pb_text _builder_version=\u00bb4.27.0&#8243; _module_preset=\u00bb_initial\u00bb custom_padding_tablet=\u00bb||30px||false|false\u00bb custom_padding_phone=\u00bb||30px||false|false\u00bb custom_padding_last_edited=\u00bbon|phone\u00bb locked=\u00bboff\u00bb global_colors_info=\u00bb{}\u00bb]<\/p>\n<h2><em>Detalles t\u00e9cnicos<\/em><\/h2>\n<p>[\/et_pb_text][et_pb_text _builder_version=\u00bb4.27.0&#8243; _module_preset=\u00bbdefault\u00bb global_colors_info=\u00bb{}\u00bb]Integris Composites fabrica placas de blindaje duro en EE.UU. utilizando materiales compuestos avanzados, como cer\u00e1mica y polietileno de alto rendimiento, para ofrecer una protecci\u00f3n bal\u00edstica excepcional. Dise\u00f1adas para cumplir las rigurosas normas NIJ, nuestras placas cubren niveles de protecci\u00f3n de IIIA a IV, incluidas amenazas especializadas relacionadas con requisitos espec\u00edficos de misiones.<br \/>\n[\/et_pb_text][et_pb_button button_url=\u00bb@ET-DC@eyJkeW5hbWljIjp0cnVlLCJjb250ZW50IjoicG9zdF9saW5rX3VybF9wYWdlIiwic2V0dGluZ3MiOnsicG9zdF9pZCI6IjExMDciLCJlbmFibGVfaHRtbCI6Im9mZiJ9fQ==@\u00bb button_text=\u00bbSolicitar folleto\u00bb button_alignment=\u00bbleft\u00bb _builder_version=\u00bb4.27.0&#8243; _dynamic_attributes=\u00bbbutton_url\u00bb _module_preset=\u00bbdefault\u00bb hover_enabled=\u00bb0&#8243; locked=\u00bboff\u00bb global_colors_info=\u00bb{}\u00bb sticky_enabled=\u00bb0&#8243;][\/et_pb_button][\/et_pb_column][et_pb_column type=\u00bb1_2&#8243; _builder_version=\u00bb4.27.0&#8243; _module_preset=\u00bbdefault\u00bb global_colors_info=\u00bb{}\u00bb][et_pb_text _builder_version=\u00bb4.27.0&#8243; _module_preset=\u00bbdefault\u00bb global_colors_info=\u00bb{}\u00bb]<\/p>\n<h2><em>Las pruebas incluyen:<\/em><\/h2>\n<p>[\/et_pb_text][et_pb_text _builder_version=\u00bb4.27.0&#8243; _module_preset=\u00bbdefault\u00bb global_colors_info=\u00bb{}\u00bb]<\/p>\n<ul>\n<li>Pruebas internas con diferentes calibres<\/li>\n<li>Probado para resistir m\u00faltiples golpes sin fallar.<\/li>\n<li>Expuesto a temperaturas extremas, humedad y sumersi\u00f3n en agua.<\/li>\n<li>Ca\u00edda e impacto para garantizar su durabilidad.<\/li>\n<li>Medida de la deformaci\u00f3n trasera tras el impacto.<\/li>\n<\/ul>\n<p>[\/et_pb_text][\/et_pb_column][\/et_pb_row][\/et_pb_section][et_pb_section fb_built=\u00bb1&#8243; _builder_version=\u00bb4.27.0&#8243; _module_preset=\u00bbdefault\u00bb background_color=\u00bb#000000&#8243; custom_padding=\u00bb4%||4%||true|false\u00bb global_colors_info=\u00bb{}\u00bb][et_pb_row _builder_version=\u00bb4.27.0&#8243; _module_preset=\u00bbdefault\u00bb global_colors_info=\u00bb{}\u00bb][et_pb_column type=\u00bb4_4&#8243; _builder_version=\u00bb4.27.0&#8243; _module_preset=\u00bbdefault\u00bb global_colors_info=\u00bb{}\u00bb][et_pb_text _builder_version=\u00bb4.27.0&#8243; _module_preset=\u00bbdefault\u00bb header_2_text_color=\u00bb#FFFFFF\u00bb locked=\u00bboff\u00bb global_colors_info=\u00bb{}\u00bb]<\/p>\n<h2 style=\"text-align: center;\"><em>Gama de placas de blindaje duro en EE.UU.<\/em><\/h2>\n<p>[\/et_pb_text][\/et_pb_column][\/et_pb_row][et_pb_row column_structure=\u00bb1_2,1_2&#8243; use_custom_gutter=\u00bbon\u00bb gutter_width=\u00bb1&#8243; _builder_version=\u00bb4.27.0&#8243; _module_preset=\u00bbdefault\u00bb custom_padding=\u00bb0px||0px||true|false\u00bb global_colors_info=\u00bb{}\u00bb][et_pb_column type=\u00bb1_2&#8243; _builder_version=\u00bb4.27.0&#8243; _module_preset=\u00bbdefault\u00bb background_enable_image=\u00bboff\u00bb custom_padding=\u00bb||||false|false\u00bb custom_css_free_form=\u00bb@media only screen and (min-width: 980px) {|| selector .et_pb_promo_description div {|| max-height: 0px;|| overflow: hidden;|| transition: max-height 0.6s ease;|| }|| selector:hover .et_pb_promo_description div {|| max-height: 300px;|| overflow: hidden;|| transition: max-height 0.6s ease;|| }||}||selector:hover .et_pb_button_wrapper{|| max-height: 100px;|| overflow: hidden;|| transition: max-height 0.6s ease;||}||selector .et_pb_button_wrapper{|| max-height: 0px;|| overflow: hidden;|| transition: max-height 0.6s ease;||}\u00bb global_colors_info=\u00bb{}\u00bb][et_pb_image src=\u00bbhttps:\/\/integriscomposites.com\/wp-content\/uploads\/2025\/03\/plates-2-1.jpg\u00bb alt=\u00bbarmadura protectora\u00bb title_text=\u00bbplacas (2)\u00bb _builder_version=\u00bb4.27.0&#8243; _module_preset=\u00bbdefault\u00bb min_height=\u00bb500px\u00bb custom_padding=\u00bb||||false|false\u00bb custom_css_free_form=\u00bbselector .et_pb_image_wrap img {|| object-fit: cover !important;|| width: 100% !important;||}||\u00bb global_colors_info=\u00bb{}\u00bb][\/et_pb_image][et_pb_cta title=\u00bbNIJ III\/RF1&#8243; button_url=\u00bb@ET-DC@eyJkeW5hbWljIjp0cnVlLCJjb250ZW50IjoicG9zdF9saW5rX3VybF9wYWdlIiwic2V0dGluZ3MiOnsicG9zdF9pZCI6IjExMDciLCJlbmFibGVfaHRtbCI6Im9mZiJ9fQ==@\u00bb url_new_window=\u00bbon\u00bb button_text=\u00bbSolicitar hoja de datos\u00bb _builder_version=\u00bb4.27.0&#8243; _dynamic_attributes=\u00bbbutton_url\u00bb _module_preset=\u00bbdefault\u00bb header_level=\u00bbh3&#8243; header_font=\u00bb|||on|||||\u00bb header_text_align=\u00bbleft\u00bb body_text_align=\u00bbleft\u00bb background_enable_color=\u00bboff\u00bb use_background_color_gradient=\u00bbon\u00bb background_color_gradient_stops=\u00bbrgba(0,0,0,0.4) 0%|#000000 50%\u00bb background_color_gradient_overlays_image=\u00bbon\u00bb custom_button=\u00bbon\u00bb button_text_size=\u00bb18px\u00bb button_text_color=\u00bb#002866&#8243; button_bg_color=\u00bb#FFFFFF\u00bb button_border_width=\u00bb0px\u00bb button_use_icon=\u00bboff\u00bb button_alignment=\u00bbleft\u00bb positioning=\u00bbabsolute\u00bb position_origin_a=\u00bbbottom_center\u00bb width=\u00bb100%\u00bb custom_padding=\u00bb||||false|false\u00bb global_colors_info=\u00bb{}\u00bb button_bg_color__hover_enabled=\u00bbon|hover\u00bb button_bg_color__hover=\u00bb#E0E1DD\u00bb button_bg_enable_color__hover=\u00bbon\u00bb]<\/p>\n<p>SERIE 3000<br \/>TODAS las placas certificadas NIJ nivel III + MSC<\/p>\n<p>[\/et_pb_cta][\/et_pb_column][et_pb_column type=\u00bb1_2&#8243; _builder_version=\u00bb4.27.0&#8243; _module_preset=\u00bbdefault\u00bb background_enable_image=\u00bboff\u00bb custom_padding=\u00bb||||false|false\u00bb custom_css_free_form=\u00bb@media only screen and (min-width: 980px) {|| selector .et_pb_promo_description div {|| max-height: 0px;|| overflow: hidden;|| transition: max-height 0.6s ease;|| }|| selector:hover .et_pb_promo_description div {|| max-height: 300px;|| overflow: hidden;|| transition: max-height 0.6s ease;|| }||}||selector:hover .et_pb_button_wrapper{|| max-height: 100px;|| overflow: hidden;|| transition: max-height 0.6s ease;||}||selector .et_pb_button_wrapper{|| max-height: 0px;|| overflow: hidden;|| transition: max-height 0.6s ease;||}\u00bb global_colors_info=\u00bb{}\u00bb][et_pb_image src=\u00bbhttps:\/\/integriscomposites.com\/wp-content\/uploads\/2025\/03\/ballistic-armoured-plate.jpg\u00bb alt=\u00bbplaca blindada bal\u00edstica\u00bb title_text=\u00bbplaca blindada bal\u00edstica\u00bb _builder_version=\u00bb4.27.0&#8243; _module_preset=\u00bbdefault\u00bb min_height=\u00bb500px\u00bb custom_padding=\u00bb||||false|false\u00bb custom_css_free_form=\u00bbselector .et_pb_image_wrap img {|| object-fit: cover !important;|| width: 100% !important;||}||\u00bb global_colors_info=\u00bb{}\u00bb][\/et_pb_image][et_pb_cta title=\u00bbNIJ III+\/RF2&#8243; button_url=\u00bb@ET-DC@eyJkeW5hbWljIjp0cnVlLCJjb250ZW50IjoicG9zdF9saW5rX3VybF9wYWdlIiwic2V0dGluZ3MiOnsicG9zdF9pZCI6IjExMDciLCJlbmFibGVfaHRtbCI6Im9mZiJ9fQ==@\u00bb url_new_window=\u00bbon\u00bb button_text=\u00bbSolicitar hoja de datos\u00bb _builder_version=\u00bb4.27.0&#8243; _dynamic_attributes=\u00bbbutton_url\u00bb _module_preset=\u00bbdefault\u00bb header_level=\u00bbh3&#8243; header_font=\u00bb|||on|||||\u00bb header_text_align=\u00bbleft\u00bb body_text_align=\u00bbleft\u00bb background_enable_color=\u00bboff\u00bb use_background_color_gradient=\u00bbon\u00bb background_color_gradient_stops=\u00bbrgba(0,0,0,0.4) 0%|#000000 50%\u00bb background_color_gradient_overlays_image=\u00bbon\u00bb custom_button=\u00bbon\u00bb button_text_size=\u00bb18px\u00bb button_text_color=\u00bb#002866&#8243; button_bg_color=\u00bb#FFFFFF\u00bb button_border_width=\u00bb0px\u00bb button_use_icon=\u00bboff\u00bb button_alignment=\u00bbleft\u00bb positioning=\u00bbabsolute\u00bb position_origin_a=\u00bbbottom_center\u00bb width=\u00bb100%\u00bb custom_padding=\u00bb||||false|false\u00bb global_colors_info=\u00bb{}\u00bb button_bg_color__hover_enabled=\u00bbon|hover\u00bb button_bg_color__hover=\u00bb#E0E1DD\u00bb button_bg_enable_color__hover=\u00bbon\u00bb]<\/p>\n<p>SERIE 3200<br \/>Placas certificadas NIJ nivel III + MSC + M855 amenaza especial<\/p>\n<p>[\/et_pb_cta][\/et_pb_column][\/et_pb_row][et_pb_row column_structure=\u00bb1_2,1_2&#8243; use_custom_gutter=\u00bbon\u00bb gutter_width=\u00bb1&#8243; _builder_version=\u00bb4.27.0&#8243; _module_preset=\u00bbdefault\u00bb custom_padding=\u00bb0px||0px||true|false\u00bb global_colors_info=\u00bb{}\u00bb][et_pb_column type=\u00bb1_2&#8243; _builder_version=\u00bb4.27.0&#8243; _module_preset=\u00bbdefault\u00bb background_enable_image=\u00bboff\u00bb custom_padding=\u00bb||||false|false\u00bb custom_css_free_form=\u00bb@media only screen and (min-width: 980px) {|| selector .et_pb_promo_description div {|| max-height: 0px;|| overflow: hidden;|| transition: max-height 0.6s ease;|| }|| selector:hover .et_pb_promo_description div {|| max-height: 300px;|| overflow: hidden;|| transition: max-height 0.6s ease;|| }||}||selector:hover .et_pb_button_wrapper{|| max-height: 100px;|| overflow: hidden;|| transition: max-height 0.6s ease;||}||selector .et_pb_button_wrapper{|| max-height: 0px;|| overflow: hidden;|| transition: max-height 0.6s ease;||}\u00bb global_colors_info=\u00bb{}\u00bb][et_pb_image src=\u00bbhttps:\/\/integriscomposites.com\/wp-content\/uploads\/2025\/03\/ballistic-armoured-plate-3.jpg\u00bb alt=\u00bbplaca blindada bal\u00edstica\u00bb title_text=\u00bbplaca blindada bal\u00edstica 3&#8243; _builder_version=\u00bb4.27.0&#8243; _module_preset=\u00bbdefault\u00bb min_height=\u00bb500px\u00bb custom_padding=\u00bb||||false|false\u00bb custom_css_free_form=\u00bbselector .et_pb_image_wrap img {|| object-fit: cover !important;|| width: 100% !important;||}||\u00bb global_colors_info=\u00bb{}\u00bb][\/et_pb_image][et_pb_cta title=\u00bbNIJ IV\/RF3&#8243; button_url=\u00bb@ET-DC@eyJkeW5hbWljIjp0cnVlLCJjb250ZW50IjoicG9zdF9saW5rX3VybF9wYWdlIiwic2V0dGluZ3MiOnsicG9zdF9pZCI6IjExMDciLCJlbmFibGVfaHRtbCI6Im9mZiJ9fQ==@\u00bb url_new_window=\u00bbon\u00bb button_text=\u00bbSolicitar hoja de datos\u00bb _builder_version=\u00bb4.27.0&#8243; _dynamic_attributes=\u00bbbutton_url\u00bb _module_preset=\u00bbdefault\u00bb header_level=\u00bbh3&#8243; header_font=\u00bb|||on|||||\u00bb header_text_align=\u00bbleft\u00bb body_text_align=\u00bbleft\u00bb background_enable_color=\u00bboff\u00bb use_background_color_gradient=\u00bbon\u00bb background_color_gradient_stops=\u00bbrgba(0,0,0,0.4) 0%|#000000 50%\u00bb background_color_gradient_overlays_image=\u00bbon\u00bb custom_button=\u00bbon\u00bb button_text_size=\u00bb18px\u00bb button_text_color=\u00bb#002866&#8243; button_bg_color=\u00bb#FFFFFF\u00bb button_border_width=\u00bb0px\u00bb button_use_icon=\u00bboff\u00bb button_alignment=\u00bbleft\u00bb positioning=\u00bbabsolute\u00bb position_origin_a=\u00bbbottom_center\u00bb width=\u00bb100%\u00bb custom_padding=\u00bb||||false|false\u00bb global_colors_info=\u00bb{}\u00bb button_bg_color__hover_enabled=\u00bbon|hover\u00bb button_bg_color__hover=\u00bb#E0E1DD\u00bb button_bg_enable_color__hover=\u00bbon\u00bb]Serie 8000\/9000<br \/>\nPlacas APM2 no certificadas (NIJ IV)<br \/>\n[\/et_pb_cta][\/et_pb_column][et_pb_column type=\u00bb1_2&#8243; _builder_version=\u00bb4.27.0&#8243; _module_preset=\u00bbdefault\u00bb background_enable_image=\u00bboff\u00bb custom_padding=\u00bb||||false|false\u00bb custom_css_free_form=\u00bb@media only screen and (min-width: 980px) {|| selector .et_pb_promo_description div {|| max-height: 0px;|| overflow: hidden;|| transition: max-height 0.6s ease;|| }|| selector:hover .et_pb_promo_description div {|| max-height: 300px;|| overflow: hidden;|| transition: max-height 0.6s ease;|| }||}||selector:hover .et_pb_button_wrapper{|| max-height: 100px;|| overflow: hidden;|| transition: max-height 0.6s ease;||}||selector .et_pb_button_wrapper{|| max-height: 0px;|| overflow: hidden;|| transition: max-height 0.6s ease;||}\u00bb global_colors_info=\u00bb{}\u00bb][et_pb_image src=\u00bbhttps:\/\/integriscomposites.com\/wp-content\/uploads\/2025\/03\/ballistic-armoured-plate-4.jpg\u00bb alt=\u00bbplaca blindada bal\u00edstica\u00bb title_text=\u00bbplaca blindada bal\u00edstica 4&#8243; _builder_version=\u00bb4.27.0&#8243; _module_preset=\u00bbdefault\u00bb min_height=\u00bb500px\u00bb custom_padding=\u00bb||||false|false\u00bb custom_css_free_form=\u00bbselector .et_pb_image_wrap img {|| object-fit: cover !important;|| width: 100% !important;||}||\u00bb global_colors_info=\u00bb{}\u00bb][\/et_pb_image][et_pb_cta title=\u00bbAmenaza especial\u00bb button_url=\u00bb@ET-DC@eyJkeW5hbWljIjp0cnVlLCJjb250ZW50IjoicG9zdF9saW5rX3VybF9wYWdlIiwic2V0dGluZ3MiOnsicG9zdF9pZCI6IjExMDciLCJlbmFibGVfaHRtbCI6Im9mZiJ9fQ==@\u00bb url_new_window=\u00bbon\u00bb button_text=\u00bbSolicitar hoja de datos\u00bb _builder_version=\u00bb4.27.0&#8243; _dynamic_attributes=\u00bbbutton_url\u00bb _module_preset=\u00bbdefault\u00bb header_level=\u00bbh3&#8243; header_font=\u00bb|||on|||||\u00bb header_text_align=\u00bbleft\u00bb body_text_align=\u00bbleft\u00bb background_enable_color=\u00bboff\u00bb use_background_color_gradient=\u00bbon\u00bb background_color_gradient_stops=\u00bbrgba(0,0,0,0.4) 0%|#000000 50%\u00bb background_color_gradient_overlays_image=\u00bbon\u00bb custom_button=\u00bbon\u00bb button_text_size=\u00bb18px\u00bb button_text_color=\u00bb#002866&#8243; button_bg_color=\u00bb#FFFFFF\u00bb button_border_width=\u00bb0px\u00bb button_use_icon=\u00bboff\u00bb button_alignment=\u00bbleft\u00bb positioning=\u00bbabsolute\u00bb position_origin_a=\u00bbbottom_center\u00bb width=\u00bb100%\u00bb custom_padding=\u00bb||||false|false\u00bb global_colors_info=\u00bb{}\u00bb button_bg_color__hover_enabled=\u00bbon|hover\u00bb button_bg_color__hover=\u00bb#E0E1DD\u00bb button_bg_enable_color__hover=\u00bbon\u00bb]Serie 2000\/6000<br \/>\nPlacas especiales de amenaza desde M855 hasta API BZ espec\u00edficas<br \/>\n[\/et_pb_cta][\/et_pb_column][\/et_pb_row][\/et_pb_section]<\/p>\n","protected":false},"excerpt":{"rendered":"<p>Placas bal\u00edsticas de blindaje duro fabricadas en EE.UU.<\/p>\n","protected":false},"author":2,"featured_media":2007,"parent":8773,"menu_order":1,"comment_status":"closed","ping_status":"closed","template":"","meta":{"_acf_changed":false,"_et_pb_use_builder":"on","_et_pb_old_content":"","_et_gb_content_width":"","_monsterinsights_skip_tracking":false,"_monsterinsights_sitenote_active":false,"_monsterinsights_sitenote_note":"","_monsterinsights_sitenote_category":0,"footnotes":""},"class_list":["post-8851","page","type-page","status-publish","has-post-thumbnail","hentry"],"acf":[],"aioseo_notices":[],"_links":{"self":[{"href":"https:\/\/integriscomposites.com\/es\/wp-json\/wp\/v2\/pages\/8851","targetHints":{"allow":["GET"]}}],"collection":[{"href":"https:\/\/integriscomposites.com\/es\/wp-json\/wp\/v2\/pages"}],"about":[{"href":"https:\/\/integriscomposites.com\/es\/wp-json\/wp\/v2\/types\/page"}],"author":[{"embeddable":true,"href":"https:\/\/integriscomposites.com\/es\/wp-json\/wp\/v2\/users\/2"}],"replies":[{"embeddable":true,"href":"https:\/\/integriscomposites.com\/es\/wp-json\/wp\/v2\/comments?post=8851"}],"version-history":[{"count":2,"href":"https:\/\/integriscomposites.com\/es\/wp-json\/wp\/v2\/pages\/8851\/revisions"}],"predecessor-version":[{"id":8853,"href":"https:\/\/integriscomposites.com\/es\/wp-json\/wp\/v2\/pages\/8851\/revisions\/8853"}],"up":[{"embeddable":true,"href":"https:\/\/integriscomposites.com\/es\/wp-json\/wp\/v2\/pages\/8773"}],"wp:featuredmedia":[{"embeddable":true,"href":"https:\/\/integriscomposites.com\/es\/wp-json\/wp\/v2\/media\/2007"}],"wp:attachment":[{"href":"https:\/\/integriscomposites.com\/es\/wp-json\/wp\/v2\/media?parent=8851"}],"curies":[{"name":"wp","href":"https:\/\/api.w.org\/{rel}","templated":true}]}}