{"id":8799,"date":"2025-03-29T11:29:50","date_gmt":"2025-03-29T11:29:50","guid":{"rendered":"https:\/\/integriscomposites.com\/proteccion-personal\/escudos-balisticos\/disena-tu-propio-escudo\/"},"modified":"2026-03-23T08:50:30","modified_gmt":"2026-03-23T08:50:30","slug":"disena-tu-propio-escudo","status":"publish","type":"page","link":"https:\/\/integriscomposites.com\/es\/proteccion-personal\/escudos-balisticos\/disena-tu-propio-escudo\/","title":{"rendered":"Dise\u00f1a tu propio escudo"},"content":{"rendered":"<p>[et_pb_section fb_built=\u00bb1&#8243; _builder_version=\u00bb4.27.4&#8243; _module_preset=\u00bbdefault\u00bb background_image=\u00bbhttps:\/\/integriscomposites.com\/wp-content\/uploads\/2025\/07\/shields-3.jpg\u00bb custom_padding=\u00bb15%||5%||false|false\u00bb bottom_divider_height=\u00bb40px\u00bb hover_enabled=\u00bb0&#8243; locked=\u00bboff\u00bb global_colors_info=\u00bb{}\u00bb min_height=\u00bb350px\u00bb min_height_last_edited=\u00bbon|phone\u00bb sticky_enabled=\u00bb0&#8243; min_height_tablet=\u00bb300px\u00bb min_height_phone=\u00bb200px\u00bb][\/et_pb_section][et_pb_section fb_built=\u00bb1&#8243; _builder_version=\u00bb4.27.4&#8243; _module_preset=\u00bbdefault\u00bb hover_enabled=\u00bb0&#8243; locked=\u00bboff\u00bb global_colors_info=\u00bb{}\u00bb custom_padding=\u00bb0%||2%||false|false\u00bb sticky_enabled=\u00bb0&#8243;][et_pb_row module_class=\u00bbhero-row\u00bb _builder_version=\u00bb4.27.4&#8243; _module_preset=\u00bbdefault\u00bb background_color=\u00bbrgba(0,40,102,0.85)\u00bb width=\u00bb100%\u00bb max_width=\u00bb100%\u00bb custom_padding=\u00bb25px|25px|25px|25px|true|true\u00bb hover_enabled=\u00bb0&#8243; global_colors_info=\u00bb{}\u00bb positioning=\u00bbabsolute\u00bb positioning_last_edited=\u00bbon|desktop\u00bb position_origin_a_last_edited=\u00bbon|tablet\u00bb position_origin_f_last_edited=\u00bbon|desktop\u00bb position_origin_r_last_edited=\u00bbon|desktop\u00bb sticky_enabled=\u00bb0&#8243; vertical_offset=\u00bb-150px\u00bb positioning_tablet=\u00bbnone\u00bb positioning_phone=\u00bbnone\u00bb][et_pb_column type=\u00bb4_4&#8243; _builder_version=\u00bb4.25.2&#8243; _module_preset=\u00bbdefault\u00bb global_colors_info=\u00bb{}\u00bb][et_pb_text _builder_version=\u00bb4.27.0&#8243; _module_preset=\u00bbdefault\u00bb text_text_color=\u00bb#FFFFFF\u00bb header_text_color=\u00bb#FFFFFF\u00bb global_colors_info=\u00bb{}\u00bb]<\/p>\n<h1><em>DISE\u00d1A TU PROPIO ESCUDO<\/em><\/h1>\n<p><em>Cada aspecto del escudo bal\u00edstico se ha creado en funci\u00f3n de los requisitos espec\u00edficos del cliente<\/em><\/p>\n<p>[\/et_pb_text][\/et_pb_column][\/et_pb_row][et_pb_row column_structure=\u00bb1_2,1_2&#8243; _builder_version=\u00bb4.27.4&#8243; _module_preset=\u00bbdefault\u00bb hover_enabled=\u00bb0&#8243; locked=\u00bboff\u00bb global_colors_info=\u00bb{}\u00bb custom_css_main_element_last_edited=\u00bboff|tablet\u00bb custom_padding=\u00bb60px||||false|false\u00bb sticky_enabled=\u00bb0&#8243;][et_pb_column type=\u00bb1_2&#8243; _builder_version=\u00bb4.25.2&#8243; _module_preset=\u00bbdefault\u00bb global_colors_info=\u00bb{}\u00bb custom_css_main_element_last_edited=\u00bbon|tablet\u00bb custom_css_main_element_tablet=\u00bborder: 1;||\u00bb custom_css_main_element_phone=\u00bborder: 1;||\u00bb][et_pb_text _builder_version=\u00bb4.27.0&#8243; _module_preset=\u00bb_initial\u00bb custom_padding_tablet=\u00bb||30px||false|false\u00bb custom_padding_phone=\u00bb||30px||false|false\u00bb custom_padding_last_edited=\u00bbon|phone\u00bb global_colors_info=\u00bb{}\u00bb]<\/p>\n<h2><em>EL USUARIO FINAL EN EL PUNTO DE MIRA<\/em><\/h2>\n<p>[\/et_pb_text][et_pb_text _builder_version=\u00bb4.27.0&#8243; _module_preset=\u00bb75244c77-7bf4-4c3f-a873-54cc93ac7c1e\u00bb global_colors_info=\u00bb{}\u00bb]<\/p>\n<p>Integris Composites ofrece una soluci\u00f3n a medida para las fuerzas del orden y las unidades militares que buscan una protecci\u00f3n bal\u00edstica adaptada a sus requisitos operativos espec\u00edficos. Nuestro programa \u00abDise\u00f1a tu propio escudo\u00bb permite a los clientes definir los aspectos cr\u00edticos de sus escudos bal\u00edsticos, garantizando una funcionalidad acorde con la realidad de su trabajo. <\/p>\n<p>Los clientes trabajan directamente con Integris para definir la forma del escudo, que puede adaptarse a distintos entornos operativos o aplicaciones t\u00e1cticas. El dise\u00f1o del asa es otro aspecto clave, en el que se tienen en cuenta la ergonom\u00eda, el estilo de agarre y la posici\u00f3n para mejorar la comodidad y el control durante el uso. Tambi\u00e9n se tiene en cuenta el peso, para garantizar que el escudo ofrezca una protecci\u00f3n adecuada sin dejar de ser manejable para el uso previsto.  <\/p>\n<p>Una vez identificados los elementos principales del dise\u00f1o, Integris ofrece orientaci\u00f3n sobre los niveles de protecci\u00f3n, las opciones de material y el acabado. Los clientes pueden elegir entre protecci\u00f3n NIJ III+ o IV, escoger entre construcci\u00f3n cer\u00e1mica o de polietileno de alto rendimiento (HPPE), y optar por una superficie de blindaje plana o curva, seg\u00fan sus preferencias y el contexto operativo. <\/p>\n<p>&nbsp;<\/p>\n<p>[\/et_pb_text][\/et_pb_column][et_pb_column type=\u00bb1_2&#8243; _builder_version=\u00bb4.25.2&#8243; _module_preset=\u00bbdefault\u00bb global_colors_info=\u00bb{}\u00bb custom_css_main_element_last_edited=\u00bbon|tablet\u00bb custom_css_main_element_tablet=\u00bborder: 2;||\u00bb custom_css_main_element_phone=\u00bborder: 2;||\u00bb][et_pb_image src=\u00bbhttps:\/\/integriscomposites.com\/wp-content\/uploads\/2024\/07\/TENCATE-DK-_DSC1211-06-04-22.jpg\u00bb title_text=\u00bbTENCATE-DK-_DSC1211-06-04-22&#8243; _builder_version=\u00bb4.27.0&#8243; _module_preset=\u00bbdefault\u00bb box_shadow_style=\u00bbpreset4&#8243; box_shadow_horizontal=\u00bb20px\u00bb box_shadow_vertical=\u00bb20px\u00bb box_shadow_color=\u00bbrgba(0,40,102,0.15)\u00bb global_colors_info=\u00bb{}\u00bb][\/et_pb_image][\/et_pb_column][\/et_pb_row][et_pb_row column_structure=\u00bb1_2,1_2&#8243; _builder_version=\u00bb4.27.0&#8243; _module_preset=\u00bbdefault\u00bb locked=\u00bboff\u00bb global_colors_info=\u00bb{}\u00bb custom_css_main_element_last_edited=\u00bboff|tablet\u00bb][et_pb_column type=\u00bb1_2&#8243; _builder_version=\u00bb4.25.2&#8243; _module_preset=\u00bbdefault\u00bb global_colors_info=\u00bb{}\u00bb custom_css_main_element_last_edited=\u00bbon|tablet\u00bb custom_css_main_element_tablet=\u00bborder: 2;||\u00bb custom_css_main_element_phone=\u00bborder: 2;||\u00bb][et_pb_image src=\u00bbhttps:\/\/integriscomposites.com\/wp-content\/uploads\/2025\/07\/Brigade-de-recherche-et-dintervention-5.jpg\u00bb alt=\u00bbBrigada de investigaci\u00f3n e intervenci\u00f3n\u00bb title_text=\u00bbBrigada de investigaci\u00f3n e intervenci\u00f3n 5&#8243; _builder_version=\u00bb4.27.4&#8243; _module_preset=\u00bbdefault\u00bb box_shadow_style=\u00bbpreset4&#8243; box_shadow_horizontal=\u00bb20px\u00bb box_shadow_vertical=\u00bb20px\u00bb box_shadow_color=\u00bbrgba(0,40,102,0.15)\u00bb global_colors_info=\u00bb{}\u00bb][\/et_pb_image][\/et_pb_column][et_pb_column type=\u00bb1_2&#8243; _builder_version=\u00bb4.25.2&#8243; _module_preset=\u00bbdefault\u00bb global_colors_info=\u00bb{}\u00bb custom_css_main_element_last_edited=\u00bbon|tablet\u00bb custom_css_main_element_tablet=\u00bborder: 1;||\u00bb custom_css_main_element_phone=\u00bborder: 1;||\u00bb][et_pb_text _builder_version=\u00bb4.27.0&#8243; _module_preset=\u00bb75244c77-7bf4-4c3f-a873-54cc93ac7c1e\u00bb global_colors_info=\u00bb{}\u00bb]<\/p>\n<p>Presentada por primera vez en Milipol 2023 y EnforceTac 2024, la iniciativa \u00abDise\u00f1a tu propio escudo\u00bb ha suscitado un gran inter\u00e9s entre los usuarios t\u00e1cticos. Los comentarios se han centrado especialmente en la importancia de la configuraci\u00f3n de las empu\u00f1aduras, lo que ha llevado a Integris a desarrollar una serie de prototipos con materiales como aluminio, acero y ABS reforzado con aramida. Para apoyar el desarrollo y las pruebas, tambi\u00e9n hay disponibles muestras impresas en 3D para ensayos ergon\u00f3micos, aunque estos modelos no est\u00e1n listos para el uso sobre el terreno.  <\/p>\n<h3>Normas de protecci\u00f3n<\/h3>\n<p>Es esencial comprender los niveles de protecci\u00f3n del Instituto Nacional de Justicia (NIJ):<\/p>\n<p>&#8211; Nivel II: detiene los proyectiles comunes de arma corta (por ejemplo, 9 mm, .45 ACP); normalmente utiliza blindaje blando.<br \/>&#8211; Nivel IIIA: Protege contra la mayor\u00eda de armas cortas hasta el calibre 44 Magnum, proyectiles de subfusil y proyectiles de escopeta; emplea blindaje blando o duro.<br \/>&#8211; Nivel III: Blindaje duro dise\u00f1ado para detener proyectiles de fusil (por ejemplo, 7,62 mm FMJ).<br \/>&#8211; Nivel IV: Defiende contra amenazas de fusiles perforantes.<\/p>\n<p>Todos los escudos personalizados presentan el caracter\u00edstico acabado Rosist de Integris, que garantiza la m\u00e1xima durabilidad en condiciones exigentes.<\/p>\n<p>&nbsp;<\/p>\n<p>[\/et_pb_text][\/et_pb_column][\/et_pb_row][\/et_pb_section][et_pb_section fb_built=\u00bb1&#8243; _builder_version=\u00bb4.27.0&#8243; _module_preset=\u00bbdefault\u00bb global_colors_info=\u00bb{}\u00bb][et_pb_row _builder_version=\u00bb4.27.0&#8243; _module_preset=\u00bbdefault\u00bb custom_padding=\u00bb25px|||||\u00bb global_colors_info=\u00bb{}\u00bb][et_pb_column type=\u00bb4_4&#8243; _builder_version=\u00bb4.27.0&#8243; _module_preset=\u00bbdefault\u00bb global_colors_info=\u00bb{}\u00bb][et_pb_video src=\u00bbhttps:\/\/youtu.be\/nHqB4x1-Pr4?si=llZIVYXHJvob47Ue\u00bb _builder_version=\u00bb4.27.0&#8243; _module_preset=\u00bbdefault\u00bb global_colors_info=\u00bb{}\u00bb][\/et_pb_video][\/et_pb_column][\/et_pb_row][\/et_pb_section][et_pb_section fb_built=\u00bb1&#8243; _builder_version=\u00bb4.26.1&#8243; _module_preset=\u00bbdefault\u00bb custom_padding=\u00bb30px||30px||true|false\u00bb locked=\u00bboff\u00bb global_colors_info=\u00bb{}\u00bb][et_pb_row _builder_version=\u00bb4.27.0&#8243; _module_preset=\u00bbdefault\u00bb global_colors_info=\u00bb{}\u00bb][et_pb_column type=\u00bb4_4&#8243; _builder_version=\u00bb4.27.0&#8243; _module_preset=\u00bbdefault\u00bb global_colors_info=\u00bb{}\u00bb][et_pb_text _builder_version=\u00bb4.27.0&#8243; _module_preset=\u00bb75244c77-7bf4-4c3f-a873-54cc93ac7c1e\u00bb text_orientation=\u00bbcenter\u00bb locked=\u00bboff\u00bb global_colors_info=\u00bb{}\u00bb]<\/p>\n<h2><em>TU SOCIO A ESCALA INDUSTRIAL<\/em><\/h2>\n<p>[\/et_pb_text][\/et_pb_column][\/et_pb_row][et_pb_row column_structure=\u00bb1_2,1_2&#8243; _builder_version=\u00bb4.27.0&#8243; _module_preset=\u00bbdefault\u00bb custom_padding=\u00bb10px||10px||true|false\u00bb global_colors_info=\u00bb{}\u00bb][et_pb_column type=\u00bb1_2&#8243; _builder_version=\u00bb4.26.1&#8243; _module_preset=\u00bbdefault\u00bb global_colors_info=\u00bb{}\u00bb][et_pb_text _builder_version=\u00bb4.27.0&#8243; _module_preset=\u00bb75244c77-7bf4-4c3f-a873-54cc93ac7c1e\u00bb header_2_text_align=\u00bbcenter\u00bb custom_padding=\u00bb||||false|false\u00bb locked=\u00bboff\u00bb global_colors_info=\u00bb{}\u00bb]<\/p>\n<h3>Selecciona los pa\u00edses de los usuarios finales<\/h3>\n<p>[\/et_pb_text][\/et_pb_column][et_pb_column type=\u00bb1_2&#8243; _builder_version=\u00bb4.26.1&#8243; _module_preset=\u00bbdefault\u00bb global_colors_info=\u00bb{}\u00bb][et_pb_text disabled_on=\u00bbon|on|off\u00bb _builder_version=\u00bb4.27.0&#8243; _module_preset=\u00bb75244c77-7bf4-4c3f-a873-54cc93ac7c1e\u00bb header_2_text_align=\u00bbcenter\u00bb locked=\u00bboff\u00bb global_colors_info=\u00bb{}\u00bb]<\/p>\n<h3>Seleccionar referencias<\/h3>\n<p>[\/et_pb_text][\/et_pb_column][\/et_pb_row][et_pb_row column_structure=\u00bb1_6,1_6,1_6,1_2&#8243; _builder_version=\u00bb4.27.0&#8243; _module_preset=\u00bbdefault\u00bb custom_padding=\u00bb10px||10px||true|false\u00bb custom_css_main_element=\u00bbdisplay: flex;\u00bb global_colors_info=\u00bb{}\u00bb][et_pb_column type=\u00bb1_6&#8243; _builder_version=\u00bb4.27.0&#8243; _module_preset=\u00bbdefault\u00bb global_colors_info=\u00bb{}\u00bb custom_css_main_element_last_edited=\u00bbon|phone\u00bb custom_css_main_element_phone=\u00bbflex: 0 50%;||margin-bottom: 0 !important;\u00bb][et_pb_text _builder_version=\u00bb4.27.0&#8243; _module_preset=\u00bbdefault\u00bb custom_css_free_form=\u00bb.countrylist {||  padding-bottom: 0 !important;||}\u00bb locked=\u00bboff\u00bb global_colors_info=\u00bb{}\u00bb]<\/p>\n<ul class=\"countrylist\">\n<li>Angola<\/li>\n<li>Australia<\/li>\n<li>Austria<\/li>\n<li>Bahrain<\/li>\n<li>Belgium<\/li>\n<li>Botswana<\/li>\n<li>Brazil<\/li>\n<li>Canada<\/li>\n<li>Colombia<\/li>\n<li>Croatia<\/li>\n<li>Czech Republic<\/li>\n<li>Denmark<\/li>\n<li>Egypt<\/li>\n<li>Estonia<\/li>\n<li>Finland<\/li>\n<li>France<\/li>\n<\/ul>\n<p>[\/et_pb_text][\/et_pb_column][et_pb_column type=\u00bb1_6&#8243; _builder_version=\u00bb4.27.0&#8243; _module_preset=\u00bbdefault\u00bb global_colors_info=\u00bb{}\u00bb custom_css_main_element__hover_enabled=\u00bboff|desktop\u00bb custom_css_main_element_last_edited=\u00bbon|phone\u00bb custom_css_main_element_phone=\u00bbflex: 0 50%;||margin-bottom: 0 !important;\u00bb][et_pb_text _builder_version=\u00bb4.27.0&#8243; _module_preset=\u00bbdefault\u00bb locked=\u00bboff\u00bb global_colors_info=\u00bb{}\u00bb]<\/p>\n<ul class=\"countrylist\">\n<li>Georgia<\/li>\n<li>Germany<\/li>\n<li>India<\/li>\n<li>Indonesia<\/li>\n<li>Iraq<\/li>\n<li>Ireland<\/li>\n<li>Japan<\/li>\n<li>Jordan<\/li>\n<li>Kuwait<\/li>\n<li>Latvia<\/li>\n<li>Lithuania<\/li>\n<li>Luxembourg<\/li>\n<li>Mexico<\/li>\n<li>Morocco<\/li>\n<li>Netherlands<\/li>\n<li>Norway<\/li>\n<\/ul>\n<p>[\/et_pb_text][\/et_pb_column][et_pb_column type=\u00bb1_6&#8243; _builder_version=\u00bb4.26.1&#8243; _module_preset=\u00bbdefault\u00bb global_colors_info=\u00bb{}\u00bb][et_pb_text _builder_version=\u00bb4.27.0&#8243; _module_preset=\u00bbdefault\u00bb locked=\u00bboff\u00bb global_colors_info=\u00bb{}\u00bb]<\/p>\n<ul class=\"countrylist\">\n<li>Nigeria<\/li>\n<li>Pakistan<\/li>\n<li>Portugal<\/li>\n<li>Qatar<\/li>\n<li>Saudi Arabia<\/li>\n<li>Singapore<\/li>\n<li>Slovakia<\/li>\n<li>Slovenia<\/li>\n<li>Spain<\/li>\n<li>Sweden<\/li>\n<li>Switzerland<\/li>\n<li>Thailand<\/li>\n<li>Turkey<\/li>\n<li>Ukraine<\/li>\n<li>United Arab Emirates<\/li>\n<li>United States<\/li>\n<\/ul>\n<p>[\/et_pb_text][\/et_pb_column][et_pb_column type=\u00bb1_2&#8243; _builder_version=\u00bb4.26.1&#8243; _module_preset=\u00bbdefault\u00bb global_colors_info=\u00bb{}\u00bb][et_pb_text disabled_on=\u00bboff|off|on\u00bb _builder_version=\u00bb4.27.0&#8243; _module_preset=\u00bb75244c77-7bf4-4c3f-a873-54cc93ac7c1e\u00bb header_2_text_align=\u00bbcenter\u00bb custom_margin=\u00bb||0px||false|false\u00bb locked=\u00bboff\u00bb global_colors_info=\u00bb{}\u00bb]<\/p>\n<h3>Seleccionar referencias<\/h3>\n<p>[\/et_pb_text][et_pb_gallery gallery_ids=\u00bb2076,2079,2064,2058,2052,2055,2061,2070,2067,2046,2073&#8243; posts_number=\u00bb100&#8243; show_title_and_caption=\u00bboff\u00bb show_pagination=\u00bboff\u00bb zoom_icon_color=\u00bbRGBA(255,255,255,0)\u00bb hover_overlay_color=\u00bbRGBA(255,255,255,0)\u00bb _builder_version=\u00bb4.27.0&#8243; _module_preset=\u00bbdefault\u00bb custom_css_free_form=\u00bbselector .et_pb_gallery_item a {||    pointer-events: none;||}||selector .et_overlay {||    display: none !important;||}||selector .et_pb_gallery_items {||    display: flex;||    flex-wrap: wrap;||}||selector .et_pb_grid_item {||  width: 100% !important;||  flex: 0 31.333% !important;||  margin-right: 2% !important;||}||selector .et_pb_gallery_item img {||      height: 60px;||    object-fit: contain;||}||@media only screen and (max-width: 767px) {||  selector .et_pb_grid_item {||    margin-bottom: 20px !important;||  }||}\u00bb global_colors_info=\u00bb{}\u00bb][\/et_pb_gallery][\/et_pb_column][\/et_pb_row][\/et_pb_section]<\/p>\n","protected":false},"excerpt":{"rendered":"<p>DISE\u00d1A TU PROPIO ESCUDO Cada aspecto del escudo bal\u00edstico se ha creado en funci\u00f3n de los requisitos espec\u00edficos del clienteEL USUARIO FINAL EN EL PUNTO DE MIRAIntegris Composites ofrece una soluci\u00f3n a medida para las fuerzas del orden y las unidades militares que buscan una protecci\u00f3n bal\u00edstica adaptada a sus requisitos operativos espec\u00edficos. Nuestro programa [&hellip;]<\/p>\n","protected":false},"author":2,"featured_media":2007,"parent":8785,"menu_order":4,"comment_status":"closed","ping_status":"closed","template":"","meta":{"_acf_changed":false,"_et_pb_use_builder":"on","_et_pb_old_content":"","_et_gb_content_width":"","_monsterinsights_skip_tracking":false,"_monsterinsights_sitenote_active":false,"_monsterinsights_sitenote_note":"","_monsterinsights_sitenote_category":0,"footnotes":""},"class_list":["post-8799","page","type-page","status-publish","has-post-thumbnail","hentry"],"acf":[],"aioseo_notices":[],"_links":{"self":[{"href":"https:\/\/integriscomposites.com\/es\/wp-json\/wp\/v2\/pages\/8799","targetHints":{"allow":["GET"]}}],"collection":[{"href":"https:\/\/integriscomposites.com\/es\/wp-json\/wp\/v2\/pages"}],"about":[{"href":"https:\/\/integriscomposites.com\/es\/wp-json\/wp\/v2\/types\/page"}],"author":[{"embeddable":true,"href":"https:\/\/integriscomposites.com\/es\/wp-json\/wp\/v2\/users\/2"}],"replies":[{"embeddable":true,"href":"https:\/\/integriscomposites.com\/es\/wp-json\/wp\/v2\/comments?post=8799"}],"version-history":[{"count":3,"href":"https:\/\/integriscomposites.com\/es\/wp-json\/wp\/v2\/pages\/8799\/revisions"}],"predecessor-version":[{"id":8802,"href":"https:\/\/integriscomposites.com\/es\/wp-json\/wp\/v2\/pages\/8799\/revisions\/8802"}],"up":[{"embeddable":true,"href":"https:\/\/integriscomposites.com\/es\/wp-json\/wp\/v2\/pages\/8785"}],"wp:featuredmedia":[{"embeddable":true,"href":"https:\/\/integriscomposites.com\/es\/wp-json\/wp\/v2\/media\/2007"}],"wp:attachment":[{"href":"https:\/\/integriscomposites.com\/es\/wp-json\/wp\/v2\/media?parent=8799"}],"curies":[{"name":"wp","href":"https:\/\/api.w.org\/{rel}","templated":true}]}}