{"id":3147,"date":"2024-07-16T19:28:04","date_gmt":"2024-07-16T19:28:04","guid":{"rendered":"https:\/\/integriscomposites.com\/garantia-de-calidad\/"},"modified":"2024-08-14T08:29:00","modified_gmt":"2024-08-14T08:29:00","slug":"garantia-de-calidad","status":"publish","type":"page","link":"https:\/\/integriscomposites.com\/es\/garantia-de-calidad\/","title":{"rendered":"Garant\u00eda de calidad"},"content":{"rendered":"<p>[et_pb_section fb_built=\u00bb1&#8243; _builder_version=\u00bb4.25.2&#8243; _module_preset=\u00bbdefault\u00bb background_image=\u00bbhttps:\/\/integriscomposites.com\/wp-content\/uploads\/2024\/07\/TEN-1920&#215;805-Hero-15.jpg\u00bb custom_padding=\u00bb15%||5%||false|false\u00bb bottom_divider_height=\u00bb40px\u00bb locked=\u00bboff\u00bb global_colors_info=\u00bb{}\u00bb][et_pb_row module_class=\u00bbhero-row\u00bb _builder_version=\u00bb4.25.2&#8243; _module_preset=\u00bbdefault\u00bb background_color=\u00bbrgba(0,40,102,0.85)\u00bb width=\u00bb100%\u00bb max_width=\u00bb100%\u00bb custom_padding=\u00bb25px|25px|25px|25px|true|true\u00bb global_colors_info=\u00bb{}\u00bb][et_pb_column type=\u00bb4_4&#8243; _builder_version=\u00bb4.25.2&#8243; _module_preset=\u00bbdefault\u00bb global_colors_info=\u00bb{}\u00bb][et_pb_text _builder_version=\u00bb4.25.2&#8243; _module_preset=\u00bbdefault\u00bb text_text_color=\u00bb#FFFFFF\u00bb header_text_color=\u00bb#FFFFFF\u00bb global_colors_info=\u00bb{}\u00bb]<\/p>\n<h1>Garant\u00eda de calidad<\/h1>\n<p>  El sistema de gesti\u00f3n de la calidad de Integris Composites est\u00e1 certificado conforme a las normas ISO9001 y EN\/AS9100.[\/et_pb_text][\/et_pb_column][\/et_pb_row][\/et_pb_section][et_pb_section fb_built=\u00bb1&#8243; _builder_version=\u00bb4.25.2&#8243; _module_preset=\u00bbdefault\u00bb global_colors_info=\u00bb{}\u00bb][et_pb_row column_structure=\u00bb1_2,1_2&#8243; _builder_version=\u00bb4.25.2&#8243; _module_preset=\u00bbdefault\u00bb custom_css_main_element=\u00bbdisplay: flex;||flex-wrap: wrap;\u00bb global_colors_info=\u00bb{}\u00bb custom_css_main_element_last_edited=\u00bboff|tablet\u00bb][et_pb_column type=\u00bb1_2&#8243; _builder_version=\u00bb4.25.2&#8243; _module_preset=\u00bbdefault\u00bb global_colors_info=\u00bb{}\u00bb custom_css_main_element_last_edited=\u00bbon|tablet\u00bb custom_css_main_element_tablet=\u00bborder: 2;||\u00bb custom_css_main_element_phone=\u00bborder: 2;||\u00bb][et_pb_image src=\u00bbhttps:\/\/integriscomposites.com\/wp-content\/uploads\/2024\/07\/TEN-1000&#215;1000-6.jpg\u00bb title_text=\u00bbTEN-1000&#215;1000-6&#8243; _builder_version=\u00bb4.25.2&#8243; _module_preset=\u00bbdefault\u00bb global_colors_info=\u00bb{}\u00bb][\/et_pb_image][\/et_pb_column][et_pb_column type=\u00bb1_2&#8243; _builder_version=\u00bb4.25.2&#8243; _module_preset=\u00bbdefault\u00bb global_colors_info=\u00bb{}\u00bb custom_css_main_element_last_edited=\u00bbon|tablet\u00bb custom_css_main_element_tablet=\u00bborder: 1;||\u00bb custom_css_main_element_phone=\u00bborder: 1;||\u00bb][et_pb_text _builder_version=\u00bb4.27.0&#8243; _module_preset=\u00bbdefault\u00bb custom_padding_tablet=\u00bb||30px||false|false\u00bb custom_padding_phone=\u00bb||30px||false|false\u00bb custom_padding_last_edited=\u00bbon|phone\u00bb hover_enabled=\u00bb0&#8243; global_colors_info=\u00bb{}\u00bb sticky_enabled=\u00bb0&#8243;]<\/p>\n<h2>Calidad exigente de principio a fin.<\/h2>\n<p>A lo largo de todos los procesos implicados, cada materia prima, producto semiacabado y producto acabado se identifica y se controla, garantizando que su historia est\u00e1 totalmente documentada y, por tanto, sea rastreable.<\/p>\n<p>El Sistema de Garant\u00eda de Calidad de Integris Composites se extiende a todos los aspectos de la supervisi\u00f3n del cumplimiento del contrato, incluidos el dise\u00f1o, el desarrollo del producto, la compra, la fabricaci\u00f3n, la inspecci\u00f3n, el mantenimiento, el embalaje, el env\u00edo y el almacenamiento.<\/p>\n<p>Todos los suministros y servicios adquiridos o prestados se inspeccionan para asegurarse de que cumplen los requisitos contractuales y reglamentarios aplicables.<\/p>\n<p>Integris cuenta con tres plantas de fabricaci\u00f3n -en Primarette (Francia), en Hebron (Ohio, EE.UU.) y en Vissenbjerg (Dinamarca)-, cada una con su propio certificado de calidad y su propio responsable de calidad.<br \/>Para garantizar la mejor calidad posible -y la m\u00e1s homog\u00e9nea-, las distintas plantas fusionan sus sistemas de gesti\u00f3n de la calidad cuando procede.<\/p>\n<p>[\/et_pb_text][\/et_pb_column][\/et_pb_row][\/et_pb_section][et_pb_section fb_built=\u00bb1&#8243; _builder_version=\u00bb4.25.2&#8243; _module_preset=\u00bbdefault\u00bb custom_padding=\u00bb15px||15px||true|false\u00bb global_colors_info=\u00bb{}\u00bb][et_pb_row _builder_version=\u00bb4.25.2&#8243; _module_preset=\u00bbdefault\u00bb custom_padding=\u00bb||0px||false|false\u00bb global_colors_info=\u00bb{}\u00bb][et_pb_column type=\u00bb4_4&#8243; _builder_version=\u00bb4.25.2&#8243; _module_preset=\u00bbdefault\u00bb global_colors_info=\u00bb{}\u00bb][et_pb_text _builder_version=\u00bb4.25.2&#8243; _module_preset=\u00bb75244c77-7bf4-4c3f-a873-54cc93ac7c1e\u00bb global_colors_info=\u00bb{}\u00bb]<\/p>\n<h2>Certificados de calidad: Estados Unidos<\/h2>\n<p>[\/et_pb_text][\/et_pb_column][\/et_pb_row][et_pb_row column_structure=\u00bb1_5,1_5,1_5,1_5,1_5&#8243; _builder_version=\u00bb4.25.2&#8243; _module_preset=\u00bbdefault\u00bb global_colors_info=\u00bb{}\u00bb][et_pb_column type=\u00bb1_5&#8243; _builder_version=\u00bb4.25.2&#8243; _module_preset=\u00bbdefault\u00bb global_colors_info=\u00bb{}\u00bb][et_pb_image src=\u00bbhttps:\/\/integriscomposites.com\/wp-content\/uploads\/2024\/07\/AS-Certificate-Integris.jpg\u00bb title_text=\u00bbCertificado AS-Integris\u00bb url=\u00bb\/wp-content\/uploads\/2024\/07\/AS-Certificate-Integris.pdf\u00bb url_new_window=\u00bbon\u00bb align=\u00bbcenter\u00bb _builder_version=\u00bb4.25.2&#8243; _module_preset=\u00bbdefault\u00bb global_colors_info=\u00bb{}\u00bb][\/et_pb_image][et_pb_text _builder_version=\u00bb4.25.2&#8243; _module_preset=\u00bbdefault\u00bb text_orientation=\u00bbcenter\u00bb global_colors_info=\u00bb{}\u00bb]<\/p>\n<p><a href=\"\/wp-content\/uploads\/2024\/07\/AS-Certificate-Integris.pdf\" target=\"_blank\" rel=\"noopener\"><strong>US &#8211; AS9100-2016<\/strong><\/a><\/p>\n<p>[\/et_pb_text][\/et_pb_column][et_pb_column type=\u00bb1_5&#8243; _builder_version=\u00bb4.25.2&#8243; _module_preset=\u00bbdefault\u00bb global_colors_info=\u00bb{}\u00bb][et_pb_image src=\u00bbhttps:\/\/integriscomposites.com\/wp-content\/uploads\/2024\/07\/ISO-Certificate-Integris.jpg\u00bb title_text=\u00bbCertificado ISO-Integris\u00bb url=\u00bb\/wp-content\/uploads\/2024\/07\/ISO-Certificate-Integris.pdf\u00bb url_new_window=\u00bbon\u00bb align=\u00bbcenter\u00bb _builder_version=\u00bb4.25.2&#8243; _module_preset=\u00bbdefault\u00bb global_colors_info=\u00bb{}\u00bb][\/et_pb_image][et_pb_text _builder_version=\u00bb4.25.2&#8243; _module_preset=\u00bbdefault\u00bb text_orientation=\u00bbcenter\u00bb global_colors_info=\u00bb{}\u00bb]<a href=\"\/wp-content\/uploads\/2024\/07\/ISO-Certificate-Integris.pdf\" target=\"_blank\" rel=\"noopener\"><strong>EE.UU. &#8211; ISO9001-2015<\/strong><\/a>[\/et_pb_text][\/et_pb_column][et_pb_column type=\u00bb1_5&#8243; _builder_version=\u00bb4.25.2&#8243; _module_preset=\u00bbdefault\u00bb global_colors_info=\u00bb{}\u00bb][\/et_pb_column][et_pb_column type=\u00bb1_5&#8243; _builder_version=\u00bb4.25.2&#8243; _module_preset=\u00bbdefault\u00bb global_colors_info=\u00bb{}\u00bb][\/et_pb_column][et_pb_column type=\u00bb1_5&#8243; _builder_version=\u00bb4.25.2&#8243; _module_preset=\u00bbdefault\u00bb global_colors_info=\u00bb{}\u00bb][\/et_pb_column][\/et_pb_row][\/et_pb_section][et_pb_section fb_built=\u00bb1&#8243; _builder_version=\u00bb4.25.2&#8243; _module_preset=\u00bbdefault\u00bb custom_padding=\u00bb15px||15px||true|false\u00bb global_colors_info=\u00bb{}\u00bb][et_pb_row _builder_version=\u00bb4.25.2&#8243; _module_preset=\u00bbdefault\u00bb custom_padding=\u00bb||0px||false|false\u00bb global_colors_info=\u00bb{}\u00bb][et_pb_column type=\u00bb4_4&#8243; _builder_version=\u00bb4.25.2&#8243; _module_preset=\u00bbdefault\u00bb global_colors_info=\u00bb{}\u00bb][et_pb_text _builder_version=\u00bb4.25.2&#8243; _module_preset=\u00bb75244c77-7bf4-4c3f-a873-54cc93ac7c1e\u00bb global_colors_info=\u00bb{}\u00bb]<\/p>\n<h2>Certificados de calidad: Dinamarca<\/h2>\n<p>[\/et_pb_text][\/et_pb_column][\/et_pb_row][et_pb_row column_structure=\u00bb1_5,1_5,1_5,1_5,1_5&#8243; _builder_version=\u00bb4.25.2&#8243; _module_preset=\u00bbdefault\u00bb global_colors_info=\u00bb{}\u00bb][et_pb_column type=\u00bb1_5&#8243; _builder_version=\u00bb4.25.2&#8243; _module_preset=\u00bbdefault\u00bb global_colors_info=\u00bb{}\u00bb][et_pb_image src=\u00bbhttps:\/\/integriscomposites.com\/wp-content\/uploads\/2024\/07\/Denmark-ISO-14001.jpg\u00bb title_text=\u00bbDinamarca-ISO-14001&#8243; url=\u00bb\/wp-content\/uploads\/2024\/07\/Denmark-ISO-14001.pdf\u00bb url_new_window=\u00bbon\u00bb align=\u00bbcenter\u00bb _builder_version=\u00bb4.25.2&#8243; _module_preset=\u00bbdefault\u00bb global_colors_info=\u00bb{}\u00bb][\/et_pb_image][et_pb_text _builder_version=\u00bb4.25.2&#8243; _module_preset=\u00bbdefault\u00bb text_orientation=\u00bbcenter\u00bb global_colors_info=\u00bb{}\u00bb]<a href=\"\/wp-content\/uploads\/2024\/07\/Denmark-ISO-14001.pdf\" target=\"_blank\" rel=\"noopener\"><strong>DK &#8211; ISO14001-2015<\/strong><\/a>[\/et_pb_text][\/et_pb_column][et_pb_column type=\u00bb1_5&#8243; _builder_version=\u00bb4.25.2&#8243; _module_preset=\u00bbdefault\u00bb global_colors_info=\u00bb{}\u00bb][et_pb_image src=\u00bbhttps:\/\/integriscomposites.com\/wp-content\/uploads\/2024\/07\/Denmark-ISO-9001_Page_1.jpg\u00bb title_text=\u00bbDenmark-ISO-9001_Page_1&#8243; url=\u00bb\/wp-content\/uploads\/2024\/07\/Denmark-ISO-9001.pdf\u00bb url_new_window=\u00bbon\u00bb align=\u00bbcenter\u00bb _builder_version=\u00bb4.25.2&#8243; _module_preset=\u00bbdefault\u00bb global_colors_info=\u00bb{}\u00bb][\/et_pb_image][et_pb_text _builder_version=\u00bb4.25.2&#8243; _module_preset=\u00bbdefault\u00bb text_orientation=\u00bbcenter\u00bb global_colors_info=\u00bb{}\u00bb]<a href=\"\/wp-content\/uploads\/2024\/07\/Denmark-ISO-9001.pdf\" target=\"_blank\" rel=\"noopener\"><strong>DK &#8211; ISO9001-2015<\/strong><\/a>[\/et_pb_text][\/et_pb_column][et_pb_column type=\u00bb1_5&#8243; _builder_version=\u00bb4.25.2&#8243; _module_preset=\u00bbdefault\u00bb global_colors_info=\u00bb{}\u00bb][et_pb_image src=\u00bbhttps:\/\/integriscomposites.com\/wp-content\/uploads\/2024\/07\/Cyber-Essentials-Certificate-TenCate-Advanced-Armour-Danmark-AS.pdf-thumb.png\u00bb title_text=\u00bbCyber-Essentials-Certificate-TenCate-Advanced-Armour-Danmark-AS.pdf-thumb\u00bb url=\u00bb\/wp-content\/uploads\/2024\/07\/Cyber-Essentials-Certificate-TenCate-Advanced-Armour-Danmark-AS.pdf\u00bb url_new_window=\u00bbon\u00bb align=\u00bbcenter\u00bb _builder_version=\u00bb4.25.2&#8243; _module_preset=\u00bbdefault\u00bb global_colors_info=\u00bb{}\u00bb][\/et_pb_image][et_pb_text _builder_version=\u00bb4.25.2&#8243; _module_preset=\u00bbdefault\u00bb text_orientation=\u00bbcenter\u00bb global_colors_info=\u00bb{}\u00bb]<\/p>\n<p><a href=\"\/wp-content\/uploads\/2024\/07\/Cyber-Essentials-Certificate-TenCate-Advanced-Armour-Danmark-AS.pdf\" target=\"_blank\" rel=\"noopener\"><strong>Certificado Cyber Essentials TenCate Advanced Armour Danmark AS<\/strong><\/a><\/p>\n<p>[\/et_pb_text][\/et_pb_column][et_pb_column type=\u00bb1_5&#8243; _builder_version=\u00bb4.25.2&#8243; _module_preset=\u00bbdefault\u00bb global_colors_info=\u00bb{}\u00bb][et_pb_image src=\u00bbhttps:\/\/integriscomposites.com\/wp-content\/uploads\/2024\/07\/Cyber-Essentials-Plus-Certificate-TenCate-Advanced-Armour-Danmark-AS.pdf-thumb.png\u00bb title_text=\u00bbCyber-Essentials-Plus-Certificate-TenCate-Advanced-Armour-Danmark-AS.pdf-thumb\u00bb url=\u00bb\/wp-content\/uploads\/2024\/07\/Cyber-Essentials-Plus-Certificate-TenCate-Advanced-Armour-Danmark-AS.pdf\u00bb url_new_window=\u00bbon\u00bb align=\u00bbcenter\u00bb _builder_version=\u00bb4.25.2&#8243; _module_preset=\u00bbdefault\u00bb global_colors_info=\u00bb{}\u00bb][\/et_pb_image][et_pb_text _builder_version=\u00bb4.25.2&#8243; _module_preset=\u00bbdefault\u00bb text_orientation=\u00bbcenter\u00bb global_colors_info=\u00bb{}\u00bb]<a href=\"\/wp-content\/uploads\/2024\/07\/Cyber-Essentials-Plus-Certificate-TenCate-Advanced-Armour-Danmark-AS.pdf\" target=\"_blank\" rel=\"noopener\"><strong>Certificado Cyber Essentials Plus TenCate Advanced Armour Danmark AS<\/strong><\/a>[\/et_pb_text][\/et_pb_column][et_pb_column type=\u00bb1_5&#8243; _builder_version=\u00bb4.25.2&#8243; _module_preset=\u00bbdefault\u00bb global_colors_info=\u00bb{}\u00bb][\/et_pb_column][\/et_pb_row][\/et_pb_section][et_pb_section fb_built=\u00bb1&#8243; _builder_version=\u00bb4.25.2&#8243; _module_preset=\u00bbdefault\u00bb custom_padding=\u00bb15px||15px||true|false\u00bb global_colors_info=\u00bb{}\u00bb][et_pb_row _builder_version=\u00bb4.25.2&#8243; _module_preset=\u00bbdefault\u00bb custom_padding=\u00bb||0px||false|false\u00bb global_colors_info=\u00bb{}\u00bb][et_pb_column type=\u00bb4_4&#8243; _builder_version=\u00bb4.25.2&#8243; _module_preset=\u00bbdefault\u00bb global_colors_info=\u00bb{}\u00bb][et_pb_text _builder_version=\u00bb4.25.2&#8243; _module_preset=\u00bb75244c77-7bf4-4c3f-a873-54cc93ac7c1e\u00bb global_colors_info=\u00bb{}\u00bb]<\/p>\n<h2>Certificados de calidad: Francia<\/h2>\n<p>[\/et_pb_text][\/et_pb_column][\/et_pb_row][et_pb_row column_structure=\u00bb1_5,1_5,1_5,1_5,1_5&#8243; _builder_version=\u00bb4.25.2&#8243; _module_preset=\u00bbdefault\u00bb global_colors_info=\u00bb{}\u00bb][et_pb_column type=\u00bb1_5&#8243; _builder_version=\u00bb4.25.2&#8243; _module_preset=\u00bbdefault\u00bb global_colors_info=\u00bb{}\u00bb][et_pb_image src=\u00bbhttps:\/\/integriscomposites.com\/wp-content\/uploads\/2024\/07\/AQAP-2110-D_FR-Certificats-QualiteQuality-Certificates-validity-08092026.jpg\u00bb title_text=\u00bbAQAP-2110-D_FR-Certificados-Calidad-Certificados-validez-08092026&#8243; url=\u00bb\/wp-content\/uploads\/2024\/07\/AQAP-2110-D_FR-Certificats-QualiteQuality-Certificates-validity-08092026.pdf\u00bb url_new_window=\u00bbon\u00bb align=\u00bbcenter\u00bb _builder_version=\u00bb4.25.2&#8243; _module_preset=\u00bbdefault\u00bb global_colors_info=\u00bb{}\u00bb][\/et_pb_image][et_pb_text _builder_version=\u00bb4.25.2&#8243; _module_preset=\u00bbdefault\u00bb text_orientation=\u00bbcenter\u00bb global_colors_info=\u00bb{}\u00bb]<a href=\"\/wp-content\/uploads\/2024\/07\/AQAP-2110-D_FR-Certificats-QualiteQuality-Certificates-validity-08092026.pdf\" target=\"_blank\" rel=\"noopener\"><strong>FR &#8211; AQAP2110D<\/strong><\/a>[\/et_pb_text][\/et_pb_column][et_pb_column type=\u00bb1_5&#8243; _builder_version=\u00bb4.25.2&#8243; _module_preset=\u00bbdefault\u00bb global_colors_info=\u00bb{}\u00bb][et_pb_image src=\u00bbhttps:\/\/integriscomposites.com\/wp-content\/uploads\/2024\/07\/EN-91002018.-AS-9100D-JISQ-91002016-Certificats-QualiteQuality-Certificates-validity-08092026.jpg\u00bb title_text=\u00bbEN-91002018.-AS-9100D-JISQ-91002016-Certificats-Qualit\u00e9Quality-Certificates-validity-08092026&#8243; url=\u00bb\/wp-content\/uploads\/2024\/07\/EN-91002018.-AS-9100D-JISQ-91002016-Certificats-QualiteQuality-Certificates-validity-08092026.pdf\u00bb url_new_window=\u00bbon\u00bb align=\u00bbcenter\u00bb _builder_version=\u00bb4.25.2&#8243; _module_preset=\u00bbdefault\u00bb global_colors_info=\u00bb{}\u00bb][\/et_pb_image][et_pb_text _builder_version=\u00bb4.25.2&#8243; _module_preset=\u00bbdefault\u00bb text_orientation=\u00bbcenter\u00bb global_colors_info=\u00bb{}\u00bb]<a href=\"\/wp-content\/uploads\/2024\/07\/EN-91002018.-AS-9100D-JISQ-91002016-Certificats-QualiteQuality-Certificates-validity-08092026.pdf\" target=\"_blank\" rel=\"noopener\"><strong>FR &#8211; EN9100-2018<\/strong><\/a>[\/et_pb_text][\/et_pb_column][et_pb_column type=\u00bb1_5&#8243; _builder_version=\u00bb4.25.2&#8243; _module_preset=\u00bbdefault\u00bb global_colors_info=\u00bb{}\u00bb][et_pb_image src=\u00bbhttps:\/\/integriscomposites.com\/wp-content\/uploads\/2024\/07\/ISO-90012015_FR-Certificats-QualiteQuality-Certificates-validity-08092026.jpg\u00bb title_text=\u00bbISO-90012015_FR-Certificats-Qualit\u00e9Quality-Certificates-validity-08092026&#8243; url=\u00bb\/wp-content\/uploads\/2024\/07\/ISO-90012015_FR-Certificats-QualiteQuality-Certificates-validity-08092026.pdf\u00bb url_new_window=\u00bbon\u00bb align=\u00bbcenter\u00bb _builder_version=\u00bb4.25.2&#8243; _module_preset=\u00bbdefault\u00bb global_colors_info=\u00bb{}\u00bb][\/et_pb_image][et_pb_text _builder_version=\u00bb4.25.2&#8243; _module_preset=\u00bbdefault\u00bb text_orientation=\u00bbcenter\u00bb global_colors_info=\u00bb{}\u00bb]<a href=\"\/wp-content\/uploads\/2024\/07\/ISO-90012015_FR-Certificats-QualiteQuality-Certificates-validity-08092026.pdf\" target=\"_blank\" rel=\"noopener\"><strong>FR &#8211; ISO 9001-2015<\/strong><\/a>[\/et_pb_text][\/et_pb_column][et_pb_column type=\u00bb1_5&#8243; _builder_version=\u00bb4.25.2&#8243; _module_preset=\u00bbdefault\u00bb global_colors_info=\u00bb{}\u00bb][\/et_pb_column][et_pb_column type=\u00bb1_5&#8243; _builder_version=\u00bb4.25.2&#8243; _module_preset=\u00bbdefault\u00bb global_colors_info=\u00bb{}\u00bb][\/et_pb_column][\/et_pb_row][\/et_pb_section][et_pb_section fb_built=\u00bb1&#8243; _builder_version=\u00bb4.25.2&#8243; _module_preset=\u00bbdefault\u00bb custom_padding=\u00bb15px||15px||true|false\u00bb global_colors_info=\u00bb{}\u00bb][et_pb_row _builder_version=\u00bb4.25.2&#8243; _module_preset=\u00bbdefault\u00bb custom_padding=\u00bb||0px||false|false\u00bb global_colors_info=\u00bb{}\u00bb][et_pb_column type=\u00bb4_4&#8243; _builder_version=\u00bb4.25.2&#8243; _module_preset=\u00bbdefault\u00bb global_colors_info=\u00bb{}\u00bb][et_pb_text _builder_version=\u00bb4.25.2&#8243; _module_preset=\u00bb75244c77-7bf4-4c3f-a873-54cc93ac7c1e\u00bb global_colors_info=\u00bb{}\u00bb]<\/p>\n<h2>Certificados de calidad: Reino Unido<\/h2>\n<p>[\/et_pb_text][\/et_pb_column][\/et_pb_row][et_pb_row column_structure=\u00bb1_5,1_5,1_5,1_5,1_5&#8243; _builder_version=\u00bb4.25.2&#8243; _module_preset=\u00bbdefault\u00bb global_colors_info=\u00bb{}\u00bb][et_pb_column type=\u00bb1_5&#8243; _builder_version=\u00bb4.25.2&#8243; _module_preset=\u00bbdefault\u00bb global_colors_info=\u00bb{}\u00bb][et_pb_image src=\u00bbhttps:\/\/integriscomposites.com\/wp-content\/uploads\/2024\/07\/UK-ISO9001-2015.PDF-thumb.png\u00bb title_text=\u00bbUK-ISO9001-2015.PDF-thumb\u00bb url=\u00bb\/wp-content\/uploads\/2024\/07\/UK-ISO9001-2015.pdf\u00bb url_new_window=\u00bbon\u00bb align=\u00bbcenter\u00bb _builder_version=\u00bb4.25.2&#8243; _module_preset=\u00bbdefault\u00bb global_colors_info=\u00bb{}\u00bb][\/et_pb_image][et_pb_text _builder_version=\u00bb4.25.2&#8243; _module_preset=\u00bbdefault\u00bb text_orientation=\u00bbcenter\u00bb global_colors_info=\u00bb{}\u00bb]<a href=\"\/wp-content\/uploads\/2024\/07\/UK-ISO9001-2015.pdf\" target=\"_blank\" rel=\"noopener\"><strong>ES &#8211; ISO9001-2015<\/strong><\/a>[\/et_pb_text][\/et_pb_column][et_pb_column type=\u00bb1_5&#8243; _builder_version=\u00bb4.25.2&#8243; _module_preset=\u00bbdefault\u00bb global_colors_info=\u00bb{}\u00bb][\/et_pb_column][et_pb_column type=\u00bb1_5&#8243; _builder_version=\u00bb4.25.2&#8243; _module_preset=\u00bbdefault\u00bb global_colors_info=\u00bb{}\u00bb][\/et_pb_column][et_pb_column type=\u00bb1_5&#8243; _builder_version=\u00bb4.25.2&#8243; _module_preset=\u00bbdefault\u00bb global_colors_info=\u00bb{}\u00bb][\/et_pb_column][et_pb_column type=\u00bb1_5&#8243; _builder_version=\u00bb4.25.2&#8243; _module_preset=\u00bbdefault\u00bb global_colors_info=\u00bb{}\u00bb][\/et_pb_column][\/et_pb_row][\/et_pb_section]<\/p>\n","protected":false},"excerpt":{"rendered":"<p>El sistema de gesti\u00f3n de la calidad de Integris Composites est\u00e1 certificado conforme a las normas ISO9001 y EN\/AS9100.<\/p>\n","protected":false},"author":2,"featured_media":1542,"parent":0,"menu_order":0,"comment_status":"closed","ping_status":"closed","template":"","meta":{"_acf_changed":false,"_et_pb_use_builder":"on","_et_pb_old_content":"","_et_gb_content_width":"","_monsterinsights_skip_tracking":false,"_monsterinsights_sitenote_active":false,"_monsterinsights_sitenote_note":"","_monsterinsights_sitenote_category":0,"footnotes":""},"class_list":["post-3147","page","type-page","status-publish","has-post-thumbnail","hentry"],"acf":[],"aioseo_notices":[],"_links":{"self":[{"href":"https:\/\/integriscomposites.com\/es\/wp-json\/wp\/v2\/pages\/3147","targetHints":{"allow":["GET"]}}],"collection":[{"href":"https:\/\/integriscomposites.com\/es\/wp-json\/wp\/v2\/pages"}],"about":[{"href":"https:\/\/integriscomposites.com\/es\/wp-json\/wp\/v2\/types\/page"}],"author":[{"embeddable":true,"href":"https:\/\/integriscomposites.com\/es\/wp-json\/wp\/v2\/users\/2"}],"replies":[{"embeddable":true,"href":"https:\/\/integriscomposites.com\/es\/wp-json\/wp\/v2\/comments?post=3147"}],"version-history":[{"count":3,"href":"https:\/\/integriscomposites.com\/es\/wp-json\/wp\/v2\/pages\/3147\/revisions"}],"predecessor-version":[{"id":3519,"href":"https:\/\/integriscomposites.com\/es\/wp-json\/wp\/v2\/pages\/3147\/revisions\/3519"}],"wp:featuredmedia":[{"embeddable":true,"href":"https:\/\/integriscomposites.com\/es\/wp-json\/wp\/v2\/media\/1542"}],"wp:attachment":[{"href":"https:\/\/integriscomposites.com\/es\/wp-json\/wp\/v2\/media?parent=3147"}],"curies":[{"name":"wp","href":"https:\/\/api.w.org\/{rel}","templated":true}]}}