{"id":3138,"date":"2024-07-14T17:43:18","date_gmt":"2024-07-14T17:43:18","guid":{"rendered":"https:\/\/integriscomposites.com\/ingenieria-y-diseno\/"},"modified":"2024-08-14T08:27:40","modified_gmt":"2024-08-14T08:27:40","slug":"ingenieria-y-diseno","status":"publish","type":"page","link":"https:\/\/integriscomposites.com\/es\/ingenieria-y-diseno\/","title":{"rendered":"Ingenier\u00eda y dise\u00f1o"},"content":{"rendered":"<p>[et_pb_section fb_built=\u00bb1&#8243; _builder_version=\u00bb4.25.2&#8243; _module_preset=\u00bbdefault\u00bb background_image=\u00bbhttps:\/\/integriscomposites.com\/wp-content\/uploads\/2024\/07\/TEN-Signage-Mockup-Revised.jpg\u00bb custom_padding=\u00bb15%||5%||false|false\u00bb bottom_divider_height=\u00bb40px\u00bb locked=\u00bboff\u00bb global_colors_info=\u00bb{}\u00bb][et_pb_row module_class=\u00bbhero-row\u00bb _builder_version=\u00bb4.25.2&#8243; _module_preset=\u00bbdefault\u00bb background_color=\u00bbrgba(0,40,102,0.85)\u00bb width=\u00bb100%\u00bb max_width=\u00bb100%\u00bb custom_padding=\u00bb25px|25px|25px|25px|true|true\u00bb global_colors_info=\u00bb{}\u00bb][et_pb_column type=\u00bb4_4&#8243; _builder_version=\u00bb4.25.2&#8243; _module_preset=\u00bbdefault\u00bb global_colors_info=\u00bb{}\u00bb][et_pb_text _builder_version=\u00bb4.25.2&#8243; _module_preset=\u00bbdefault\u00bb text_text_color=\u00bb#FFFFFF\u00bb header_text_color=\u00bb#FFFFFF\u00bb global_colors_info=\u00bb{}\u00bb]<\/p>\n<h1>INGENIER\u00cdA Y DISE\u00d1O<\/h1>\n<p>  Trabajamos con las industrias m\u00e1s exigentes del mundo para producir las soluciones ligeras m\u00e1s avanzadas.[\/et_pb_text][\/et_pb_column][\/et_pb_row][\/et_pb_section][et_pb_section fb_built=\u00bb1&#8243; _builder_version=\u00bb4.25.2&#8243; _module_preset=\u00bbdefault\u00bb global_colors_info=\u00bb{}\u00bb][et_pb_row column_structure=\u00bb1_2,1_2&#8243; _builder_version=\u00bb4.25.2&#8243; _module_preset=\u00bbdefault\u00bb global_colors_info=\u00bb{}\u00bb][et_pb_column type=\u00bb1_2&#8243; _builder_version=\u00bb4.25.2&#8243; _module_preset=\u00bbdefault\u00bb global_colors_info=\u00bb{}\u00bb][et_pb_text _builder_version=\u00bb4.27.0&#8243; _module_preset=\u00bbdefault\u00bb hover_enabled=\u00bb0&#8243; global_colors_info=\u00bb{}\u00bb sticky_enabled=\u00bb0&#8243;]<\/p>\n<h2>LOS MEJORES INGENIEROS TRABAJAN PARA NOSOTROS.<br \/>LOS PONEMOS A TRABAJAR PARA TI.<\/h2>\n<p>Integris Composites es un proveedor de soluciones completas, desde el desarrollo del concepto hasta el mantenimiento sobre el terreno.<br \/>Dirigida por destacados expertos t\u00e9cnicos en una amplia gama de campos especializados, como la tecnolog\u00eda de producci\u00f3n, el dise\u00f1o t\u00e9cnico y la ingenier\u00eda qu\u00edmica. Estamos especializados tanto en la integraci\u00f3n OEM como en la retroadaptaci\u00f3n.<\/p>\n<p>Nuestros equipos tienen experiencia demostrada en proyectos complejos a gran escala dentro de una variedad de aplicaciones de nuestro blindaje compuesto; resumida en herramientas estad\u00edsticas y de modelado y una base de datos interna que contiene m\u00e1s de 4000 soluciones.<br \/>Nuestros sistemas est\u00e1n cualificados internacionalmente seg\u00fan las normas STANAG 4569, NIJ, VPAM y otras.<\/p>\n<p>[\/et_pb_text][\/et_pb_column][et_pb_column type=\u00bb1_2&#8243; _builder_version=\u00bb4.25.2&#8243; _module_preset=\u00bbdefault\u00bb global_colors_info=\u00bb{}\u00bb][et_pb_image src=\u00bbhttps:\/\/integriscomposites.com\/wp-content\/uploads\/2024\/07\/Tencate012951.jpg\u00bb title_text=\u00bbTencate012951&#8243; _builder_version=\u00bb4.25.2&#8243; _module_preset=\u00bbdefault\u00bb global_colors_info=\u00bb{}\u00bb][\/et_pb_image][\/et_pb_column][\/et_pb_row][\/et_pb_section][et_pb_section fb_built=\u00bb1&#8243; _builder_version=\u00bb4.25.2&#8243; _module_preset=\u00bbdefault\u00bb locked=\u00bboff\u00bb global_colors_info=\u00bb{}\u00bb][et_pb_row _builder_version=\u00bb4.25.2&#8243; _module_preset=\u00bbdefault\u00bb global_colors_info=\u00bb{}\u00bb][et_pb_column type=\u00bb4_4&#8243; _builder_version=\u00bb4.25.2&#8243; _module_preset=\u00bbdefault\u00bb global_colors_info=\u00bb{}\u00bb][et_pb_tabs active_tab_background_color=\u00bb#E0E1DD\u00bb inactive_tab_background_color=\u00bb#E0E1DD\u00bb active_tab_text_color=\u00bb#FFFFFF\u00bb module_class=\u00bbintegris-tab\u00bb _builder_version=\u00bb4.27.0&#8243; _module_preset=\u00bbdefault\u00bb tab_text_color=\u00bb#002866&#8243; body_font_size=\u00bb16px\u00bb tab_font=\u00bb|||on|||||\u00bb tab_font_size=\u00bb14px\u00bb background_color=\u00bb#E0E1DD\u00bb hover_enabled=\u00bb0&#8243; custom_css_free_form=\u00bbul.et_pb_tabs_controls {||  background: none !important;||}||.et_pb_tabs_controls li a {||  padding: 4px 15px !important;||}||.et_pb_tabs .et_pb_tabs_controls li.et_pb_tab_active a {||  background-color: #002866;||}\u00bb custom_css_tab=\u00bbborder: 1px solid #000;||margin-right: 10px;\u00bb global_colors_info=\u00bb{}\u00bb sticky_enabled=\u00bb0&#8243;][et_pb_tab title=\u00bbGESTI\u00d3N DE PROYECTOS\u00bb _builder_version=\u00bb4.25.2&#8243; _module_preset=\u00bbdefault\u00bb global_colors_info=\u00bb{}\u00bb]<\/p>\n<div class=\"tabs-image\"><img loading=\"lazy\" decoding=\"async\" src=\"\/wp-content\/uploads\/2024\/07\/Tencate-France-Primarette-_DSC2020-27-04-22.jpg\" width=\"750\" height=\"425\" alt=\"\" class=\"wp-image-298 alignnone size-full\" srcset=\"\/wp-content\/uploads\/2024\/07\/Tencate-France-Primarette-_DSC2020-27-04-22.jpg 750w, \/wp-content\/uploads\/2024\/07\/Tencate-France-Primarette-_DSC2020-27-04-22-480x272.jpg 480w\" sizes=\"(min-width: 0px) and (max-width: 480px) 480px, (min-width: 481px) 750px, 100vw\" \/><\/div>\n<div class=\"tabs-content\">\n<h2>Gesti\u00f3n de proyectos<\/h2>\n<ul>\n<li>Gesti\u00f3n de programas y direcci\u00f3n de IPT<\/li>\n<li>Dirigi\u00f3 con \u00e9xito un esfuerzo de integraci\u00f3n de sistemas de m\u00e1s de 1 mill\u00f3n de euros durante 12 meses, cumpliendo todos los hitos de entrega.<\/li>\n<li>Desarroll\u00f3 la EDT y el SGI para apoyar los programas<\/li>\n<li>Informes mensuales del estado del programa y m\u00e9tricas lite EVMS<\/li>\n<li>Desarroll\u00f3 y asisti\u00f3 a todas las revisiones, incluidas las SRR, PDR y CDR, incluidas las revisiones intermedias cuando fue necesario<\/li>\n<\/ul>\n<\/div>\n<p>[\/et_pb_tab][et_pb_tab title=\u00bbIngenier\u00eda de sistemas\u00bb _builder_version=\u00bb4.25.2&#8243; _module_preset=\u00bbdefault\u00bb global_colors_info=\u00bb{}\u00bb]<\/p>\n<div class=\"tabs-image\"><img loading=\"lazy\" decoding=\"async\" src=\"\/wp-content\/uploads\/2024\/07\/Tencate-France-Primarette-_DSC2053-27-04-22_2023-08-25-221720_zcip.jpg\" width=\"750\" height=\"425\" alt=\"\" class=\"wp-image-302 alignnone size-full\" srcset=\"\/wp-content\/uploads\/2024\/07\/Tencate-France-Primarette-_DSC2053-27-04-22_2023-08-25-221720_zcip.jpg 750w, \/wp-content\/uploads\/2024\/07\/Tencate-France-Primarette-_DSC2053-27-04-22_2023-08-25-221720_zcip-480x272.jpg 480w\" sizes=\"(min-width: 0px) and (max-width: 480px) 480px, (min-width: 481px) 750px, 100vw\" \/><\/div>\n<div class=\"tabs-content\">\n<h2>Ingenier\u00eda de sistemas<\/h2>\n<ul>\n<li>Sistemas IPT<\/li>\n<li>Planificaci\u00f3n de la gesti\u00f3n de la ingenier\u00eda de sistemas<\/li>\n<li>Identificaci\u00f3n, descomposici\u00f3n y gesti\u00f3n de requisitos<\/li>\n<li>Arquitectura y dise\u00f1o<\/li>\n<li>Estudios comerciales<\/li>\n<li>Concepto de operaciones<\/li>\n<li>Desarrollo de algoritmos<\/li>\n<li>Control de interfaz<\/li>\n<li>Gesti\u00f3n de la configuraci\u00f3n<\/li>\n<li>Revisiones de dise\u00f1o<\/li>\n<li>Verificaci\u00f3n del sistema<\/li>\n<li>Verificaci\u00f3n medioambiental<\/li>\n<\/ul>\n<\/div>\n<p>[\/et_pb_tab][et_pb_tab title=\u00bbPrueba de sistemas\u00bb _builder_version=\u00bb4.27.0&#8243; _module_preset=\u00bbdefault\u00bb hover_enabled=\u00bb0&#8243; global_colors_info=\u00bb{}\u00bb sticky_enabled=\u00bb0&#8243;]<\/p>\n<div class=\"tabs-image\"><img loading=\"lazy\" decoding=\"async\" class=\"wp-image-284 alignnone size-full\" src=\"\/wp-content\/uploads\/2024\/07\/Tencate-France-Primarette-_DSC1618-26-04-22.jpg\" alt=\"\" width=\"750\" height=\"425\" srcset=\"\/wp-content\/uploads\/2024\/07\/Tencate-France-Primarette-_DSC1618-26-04-22.jpg 750w, \/wp-content\/uploads\/2024\/07\/Tencate-France-Primarette-_DSC1618-26-04-22-480x272.jpg 480w\" sizes=\"(min-width: 0px) and (max-width: 480px) 480px, (min-width: 481px) 750px, 100vw\" \/><\/div>\n<div class=\"tabs-content\">\n<h2>Prueba de sistemas<\/h2>\n<ul>\n<li>Torre de ca\u00edda de 6 m\/s para pruebas de sensores de detecci\u00f3n de impactos<\/li>\n<li>Torre de ca\u00edda de 10 m\/s+ disponible<\/li>\n<li>V\u00eddeo de alta velocidad Phantom v7<\/li>\n<li>Personal de ingenier\u00eda<br \/>con ~ m\u00e1s de 40 a\u00f1os de experiencia combinada en pruebas de choque y explosi\u00f3n de veh\u00edculos<br \/>en automoci\u00f3n comercial, veh\u00edculos militares y aviaci\u00f3n.<br \/>Incluye experiencia en choque de helic\u00f3pteros a escala real con sistema activo<br \/>en Langley Gantry.<\/li>\n<li>Pruebas internas seg\u00fan una variedad de normas MIL, DEF, ISO y DIN; propiedades bal\u00edsticas y gen\u00e9ricas; incluyendo adherencia, adhesi\u00f3n<br \/>, resistencia qu\u00edmica, pruebas a baja y alta temperatura.<\/li>\n<li>Experiencia en aplicaciones de campo y pruebas de vibraci\u00f3n, resistencia a los rayos UV, sal y niebla y otros requisitos MIL 810.<\/li>\n<\/ul>\n<\/div>\n<p>[\/et_pb_tab][et_pb_tab title=\u00bbSeguridad de los sistemas\u00bb _builder_version=\u00bb4.25.2&#8243; _module_preset=\u00bbdefault\u00bb global_colors_info=\u00bb{}\u00bb]<\/p>\n<div class=\"tabs-image\"><img loading=\"lazy\" decoding=\"async\" src=\"\/wp-content\/uploads\/2024\/07\/Tencate-France-Primarette-_DSC1621-26-04-22.jpg\" width=\"750\" height=\"425\" alt=\"\" class=\"wp-image-308 alignnone size-full\" srcset=\"\/wp-content\/uploads\/2024\/07\/Tencate-France-Primarette-_DSC1621-26-04-22.jpg 750w, \/wp-content\/uploads\/2024\/07\/Tencate-France-Primarette-_DSC1621-26-04-22-480x272.jpg 480w\" sizes=\"(min-width: 0px) and (max-width: 480px) 480px, (min-width: 481px) 750px, 100vw\" \/><\/div>\n<div class=\"tabs-content\">\n<h2>Seguridad de los sistemas<\/h2>\n<ul>\n<li>IPT de seguridad<\/li>\n<li>Identificaci\u00f3n, an\u00e1lisis, seguimiento y mitigaci\u00f3n de peligros<\/li>\n<li>Evaluaci\u00f3n y reducci\u00f3n de riesgos<\/li>\n<li>Evaluaci\u00f3n de la seguridad<\/li>\n<li>Interfaces de seguridad del sistema<\/li>\n<li>Seguridad del software<\/li>\n<li>Verificaci\u00f3n de seguridad<\/li>\n<li>Notificaci\u00f3n de incidentes<\/li>\n<\/ul>\n<\/div>\n<p>[\/et_pb_tab][et_pb_tab title=\u00bbIngenier\u00eda El\u00e9ctrica\u00bb _builder_version=\u00bb4.27.0&#8243; _module_preset=\u00bbdefault\u00bb hover_enabled=\u00bb0&#8243; global_colors_info=\u00bb{}\u00bb sticky_enabled=\u00bb0&#8243;]<\/p>\n<div class=\"tabs-image\"><img loading=\"lazy\" decoding=\"async\" class=\"wp-image-310 alignnone size-full\" src=\"\/wp-content\/uploads\/2024\/07\/TENCATE-DK-_DSC0344-06-04-22.jpg\" alt=\"\" width=\"750\" height=\"425\" srcset=\"\/wp-content\/uploads\/2024\/07\/TENCATE-DK-_DSC0344-06-04-22.jpg 750w, \/wp-content\/uploads\/2024\/07\/TENCATE-DK-_DSC0344-06-04-22-480x272.jpg 480w\" sizes=\"(min-width: 0px) and (max-width: 480px) 480px, (min-width: 481px) 750px, 100vw\" \/><\/div>\n<div class=\"tabs-content\">\n<h2>Ingenier\u00eda El\u00e9ctrica<\/h2>\n<ul>\n<li>Dise\u00f1o del sistema el\u00e9ctrico del veh\u00edculo y de las unidades sustituibles en l\u00ednea (LRU)<\/li>\n<li>Dise\u00f1os de cableado y arneses<\/li>\n<li>Dise\u00f1o de captura esquem\u00e1tica de circuitos y dise\u00f1o de circuitos impresos (gerbers)<\/li>\n<li>Capacidad completa; dise\u00f1o, fabricaci\u00f3n, prueba e integraci\u00f3n de todo el hardware del sistema<\/li>\n<li>Conocimiento y experiencia en dise\u00f1o MIL-STD<\/li>\n<li>Circuitos impresos; anal\u00f3gicos, digitales, de alta velocidad, alta potencia y tecnolog\u00edas mixtas<\/li>\n<li>Experiencia en EMI\/EMC<\/li>\n<li>Pruebas LRU autom\u00e1ticas y manuales<\/li>\n<li>Nivel de sistema; verificaci\u00f3n y validaci\u00f3n del dise\u00f1o<\/li>\n<li>Pruebas de campo; validaci\u00f3n del dise\u00f1o y asistencia al cliente<\/li>\n<\/ul>\n<\/div>\n<p>[\/et_pb_tab][et_pb_tab title=\u00bbIngenier\u00eda de software\u00bb _builder_version=\u00bb4.27.0&#8243; _module_preset=\u00bbdefault\u00bb hover_enabled=\u00bb0&#8243; global_colors_info=\u00bb{}\u00bb sticky_enabled=\u00bb0&#8243;]<\/p>\n<div class=\"tabs-image\"><img loading=\"lazy\" decoding=\"async\" class=\"wp-image-311 alignnone size-full\" src=\"\/wp-content\/uploads\/2024\/07\/Software-500px.jpg\" alt=\"\" width=\"750\" height=\"425\" srcset=\"\/wp-content\/uploads\/2024\/07\/Software-500px.jpg 750w, \/wp-content\/uploads\/2024\/07\/Software-500px-480x272.jpg 480w\" sizes=\"(min-width: 0px) and (max-width: 480px) 480px, (min-width: 481px) 750px, 100vw\" \/><\/div>\n<div class=\"tabs-content\">\n<h2>Ingenier\u00eda del software<\/h2>\n<ul>\n<li>Capacidad de dise\u00f1o de software integrado en tiempo real para requisitos de temporizaci\u00f3n de misi\u00f3n cr\u00edtica (m\u00e1s de ~30 a\u00f1os de experiencia)<\/li>\n<li>Capacidad de interfaz gr\u00e1fica para fabricaci\u00f3n y pruebas<\/li>\n<li>Capacidad de procesamiento de datos de prueba para apoyar la fabricaci\u00f3n, as\u00ed como al cliente(s) final(es).<\/li>\n<\/ul>\n<\/div>\n<p>[\/et_pb_tab][\/et_pb_tabs][\/et_pb_column][\/et_pb_row][\/et_pb_section]<\/p>\n","protected":false},"excerpt":{"rendered":"<p>INGENIER\u00cdA Y DISE\u00d1O Trabajamos con las industrias m\u00e1s exigentes del mundo para producir las soluciones ligeras m\u00e1s avanzadas.LOS MEJORES INGENIEROS TRABAJAN PARA NOSOTROS.LOS PONEMOS A TRABAJAR PARA TI. Integris Composites es un proveedor de soluciones completas, desde el desarrollo del concepto hasta el mantenimiento sobre el terreno.Dirigida por destacados expertos t\u00e9cnicos en una amplia gama [&hellip;]<\/p>\n","protected":false},"author":2,"featured_media":0,"parent":0,"menu_order":3,"comment_status":"closed","ping_status":"closed","template":"","meta":{"_acf_changed":false,"_et_pb_use_builder":"on","_et_pb_old_content":"","_et_gb_content_width":"","_monsterinsights_skip_tracking":false,"_monsterinsights_sitenote_active":false,"_monsterinsights_sitenote_note":"","_monsterinsights_sitenote_category":0,"footnotes":""},"class_list":["post-3138","page","type-page","status-publish","hentry"],"acf":[],"aioseo_notices":[],"_links":{"self":[{"href":"https:\/\/integriscomposites.com\/es\/wp-json\/wp\/v2\/pages\/3138","targetHints":{"allow":["GET"]}}],"collection":[{"href":"https:\/\/integriscomposites.com\/es\/wp-json\/wp\/v2\/pages"}],"about":[{"href":"https:\/\/integriscomposites.com\/es\/wp-json\/wp\/v2\/types\/page"}],"author":[{"embeddable":true,"href":"https:\/\/integriscomposites.com\/es\/wp-json\/wp\/v2\/users\/2"}],"replies":[{"embeddable":true,"href":"https:\/\/integriscomposites.com\/es\/wp-json\/wp\/v2\/comments?post=3138"}],"version-history":[{"count":3,"href":"https:\/\/integriscomposites.com\/es\/wp-json\/wp\/v2\/pages\/3138\/revisions"}],"predecessor-version":[{"id":3517,"href":"https:\/\/integriscomposites.com\/es\/wp-json\/wp\/v2\/pages\/3138\/revisions\/3517"}],"wp:attachment":[{"href":"https:\/\/integriscomposites.com\/es\/wp-json\/wp\/v2\/media?parent=3138"}],"curies":[{"name":"wp","href":"https:\/\/api.w.org\/{rel}","templated":true}]}}