{"id":3129,"date":"2024-07-16T08:32:51","date_gmt":"2024-07-16T08:32:51","guid":{"rendered":"https:\/\/integriscomposites.com\/tecnologia-de-simulacion\/"},"modified":"2024-08-07T10:06:01","modified_gmt":"2024-08-07T10:06:01","slug":"tecnologia-de-simulacion","status":"publish","type":"page","link":"https:\/\/integriscomposites.com\/es\/tecnologia-de-simulacion\/","title":{"rendered":"Tecnolog\u00eda de simulaci\u00f3n"},"content":{"rendered":"<p>[et_pb_section fb_built=\u00bb1&#8243; _builder_version=\u00bb4.25.2&#8243; _module_preset=\u00bbdefault\u00bb background_image=\u00bbhttps:\/\/integriscomposites.com\/wp-content\/uploads\/2024\/07\/TEN-Signage-Mockup-Revised.jpg\u00bb custom_padding=\u00bb15%||5%||false|false\u00bb bottom_divider_height=\u00bb40px\u00bb locked=\u00bboff\u00bb global_colors_info=\u00bb{}\u00bb][et_pb_row module_class=\u00bbhero-row\u00bb _builder_version=\u00bb4.25.2&#8243; _module_preset=\u00bbdefault\u00bb background_color=\u00bbrgba(0,40,102,0.85)\u00bb width=\u00bb100%\u00bb max_width=\u00bb100%\u00bb custom_padding=\u00bb25px|25px|25px|25px|true|true\u00bb global_colors_info=\u00bb{}\u00bb][et_pb_column type=\u00bb4_4&#8243; _builder_version=\u00bb4.25.2&#8243; _module_preset=\u00bbdefault\u00bb global_colors_info=\u00bb{}\u00bb][et_pb_text _builder_version=\u00bb4.25.2&#8243; _module_preset=\u00bbdefault\u00bb text_text_color=\u00bb#FFFFFF\u00bb header_text_color=\u00bb#FFFFFF\u00bb global_colors_info=\u00bb{}\u00bb]<\/p>\n<h1>Tecnolog\u00eda de simulaci\u00f3n<\/h1>\n<p>Simulaci\u00f3n para mejorar el rendimiento de nuestros productos de protecci\u00f3n bal\u00edstica.<\/p>\n<p>[\/et_pb_text][\/et_pb_column][\/et_pb_row][\/et_pb_section][et_pb_section fb_built=\u00bb1&#8243; _builder_version=\u00bb4.25.2&#8243; _module_preset=\u00bbdefault\u00bb background_color=\u00bb#E0E1DD\u00bb global_colors_info=\u00bb{}\u00bb][et_pb_row column_structure=\u00bb1_2,1_2&#8243; _builder_version=\u00bb4.25.2&#8243; _module_preset=\u00bbdefault\u00bb global_colors_info=\u00bb{}\u00bb][et_pb_column type=\u00bb1_2&#8243; _builder_version=\u00bb4.25.2&#8243; _module_preset=\u00bbdefault\u00bb global_colors_info=\u00bb{}\u00bb][et_pb_text _builder_version=\u00bb4.25.2&#8243; _module_preset=\u00bbdefault\u00bb global_colors_info=\u00bb{}\u00bb]<\/p>\n<h2>USO DE SIMULACI\u00d3N PARA PROTECCI\u00d3N BAL\u00cdSTICA.<\/h2>\n<p>En Integris Composites, reconocemos el papel crucial que desempe\u00f1a la simulaci\u00f3n en el desarrollo y perfeccionamiento de soluciones de protecci\u00f3n bal\u00edstica.<br \/>\nMediante la simulaci\u00f3n, podemos probar virtualmente materiales y estructuras, obteniendo informaci\u00f3n sobre c\u00f3mo responden a los impactos y las tensiones.<br \/>\nEste proceso nos permite modelar diversos escenarios, mejorando nuestra comprensi\u00f3n de los materiales de protecci\u00f3n y conduciendo a decisiones de dise\u00f1o y desarrollo m\u00e1s informadas.  <\/p>\n<p>Las pruebas f\u00edsicas de protecci\u00f3n bal\u00edstica son costosas y requieren mucho tiempo.<br \/>\nLa simulaci\u00f3n ofrece una alternativa m\u00e1s eficaz, reduciendo la necesidad de m\u00faltiples prototipos y pruebas f\u00edsicas.<br \/>\nEste enfoque no s\u00f3lo ahorra recursos, sino que tambi\u00e9n minimiza los riesgos asociados a las pruebas en vivo, al analizar escenarios potencialmente peligrosos en un entorno virtual.  <\/p>\n<p>\u00abLa simulaci\u00f3n nos permite explorar una amplia gama de condiciones y escenarios que ser\u00edan poco pr\u00e1cticos o imposibles de reproducir en pruebas f\u00edsicas\u00bb, afirma Piotr Tomaszewski, profesional dedicado a la simulaci\u00f3n en Integris Composites.<br \/>\n\u00abEsta capacidad es esencial para optimizar el dise\u00f1o y el rendimiento de nuestras soluciones de protecci\u00f3n bal\u00edstica\u00bb. <\/p>\n<p>[\/et_pb_text][\/et_pb_column][et_pb_column type=\u00bb1_2&#8243; _builder_version=\u00bb4.25.2&#8243; _module_preset=\u00bbdefault\u00bb global_colors_info=\u00bb{}\u00bb][et_pb_image src=\u00bbhttps:\/\/integriscomposites.com\/wp-content\/uploads\/2024\/07\/ballistic-simulation.jpg\u00bb title_text=\u00bbsimulaci\u00f3n bal\u00edstica\u00bb _builder_version=\u00bb4.25.2&#8243; _module_preset=\u00bbdefault\u00bb custom_margin=\u00bb||10px||false|false\u00bb global_colors_info=\u00bb{}\u00bb][\/et_pb_image][et_pb_text _builder_version=\u00bb4.25.2&#8243; _module_preset=\u00bbdefault\u00bb text_font_size=\u00bb14px\u00bb global_colors_info=\u00bb{}\u00bb]<\/p>\n<p>Simulaci\u00f3n bal\u00edstica<\/p>\n<p>[\/et_pb_text][\/et_pb_column][\/et_pb_row][\/et_pb_section][et_pb_section fb_built=\u00bb1&#8243; _builder_version=\u00bb4.25.2&#8243; _module_preset=\u00bbdefault\u00bb background_color=\u00bb#E0E1DD\u00bb global_colors_info=\u00bb{}\u00bb][et_pb_row column_structure=\u00bb1_2,1_2&#8243; _builder_version=\u00bb4.25.2&#8243; _module_preset=\u00bbdefault\u00bb global_colors_info=\u00bb{}\u00bb][et_pb_column type=\u00bb1_2&#8243; _builder_version=\u00bb4.25.2&#8243; _module_preset=\u00bbdefault\u00bb global_colors_info=\u00bb{}\u00bb][et_pb_video src=\u00bbhttps:\/\/vimeo.com\/952109202&#8243; _builder_version=\u00bb4.25.2&#8243; _module_preset=\u00bbdefault\u00bb global_colors_info=\u00bb{}\u00bb][\/et_pb_video][et_pb_video src=\u00bbhttps:\/\/vimeo.com\/952109191&#8243; _builder_version=\u00bb4.25.2&#8243; _module_preset=\u00bbdefault\u00bb global_colors_info=\u00bb{}\u00bb][\/et_pb_video][et_pb_video src=\u00bbhttps:\/\/vimeo.com\/952108996&#8243; _builder_version=\u00bb4.25.2&#8243; _module_preset=\u00bbdefault\u00bb global_colors_info=\u00bb{}\u00bb][\/et_pb_video][\/et_pb_column][et_pb_column type=\u00bb1_2&#8243; _builder_version=\u00bb4.25.2&#8243; _module_preset=\u00bbdefault\u00bb global_colors_info=\u00bb{}\u00bb][et_pb_text _builder_version=\u00bb4.25.2&#8243; _module_preset=\u00bb75244c77-7bf4-4c3f-a873-54cc93ac7c1e\u00bb global_colors_info=\u00bb{}\u00bb]<\/p>\n<h2>Predicciones precisas para la protecci\u00f3n.<\/h2>\n<p>Nuestras simulaciones proporcionan predicciones precisas, que son vitales para optimizar el dise\u00f1o de los equipos de protecci\u00f3n.<br \/>\nNos permiten ajustar los par\u00e1metros y las configuraciones para conseguir la mejor protecci\u00f3n posible con el m\u00ednimo uso de material y peso.<br \/>\nEste nivel de optimizaci\u00f3n es dif\u00edcil de alcanzar s\u00f3lo mediante pruebas f\u00edsicas.  <\/p>\n<p>Adem\u00e1s de los eventos bal\u00edsticos, tambi\u00e9n probamos los eventos de explosi\u00f3n, incluidos los relacionados con minas, artefactos explosivos improvisados (IED) y granadas propulsadas por cohetes (RPG).<br \/>\nEste enfoque integral garantiza que nuestras soluciones de protecci\u00f3n puedan resistir una gran variedad de amenazas. <\/p>\n<p>Adem\u00e1s de la evaluaci\u00f3n del rendimiento, las simulaciones ayudan a garantizar que nuestras soluciones de protecci\u00f3n bal\u00edstica cumplen las normas internacionales establecidas por el Instituto Nacional de Justicia (NIJ), la Asociaci\u00f3n de Centros de Pruebas de Materiales y Construcciones Resistentes a las Balas (VPAM) y STANAG 4569 est\u00e1n documentadas en el AEP-55 (Applied Engineering Publications).<br \/>\nEl cumplimiento de estas normas es crucial para la aceptaci\u00f3n y la confianza en nuestras tecnolog\u00edas de protecci\u00f3n. <\/p>\n<p>Las simulaciones tambi\u00e9n facilitan la integraci\u00f3n de la protecci\u00f3n bal\u00edstica con otras tecnolog\u00edas, como textiles y sensores inteligentes, mejorando la funcionalidad general.<br \/>\nLa informaci\u00f3n en tiempo real de las simulaciones permite iteraciones r\u00e1pidas del dise\u00f1o y una mejora continua. <\/p>\n<p>\u00abUtilizando la simulaci\u00f3n, podemos identificar r\u00e1pidamente posibles mejoras y aplicarlas mucho m\u00e1s r\u00e1pido que con los m\u00e9todos tradicionales\u00bb, explica Tomaszewski.<br \/>\n\u00abEste ciclo de mejora continua garantiza que nuestras soluciones se mantengan a la vanguardia de la tecnolog\u00eda\u00bb. <\/p>\n<ul><\/ul>\n<p>Podemos evaluar factores adicionales ajenos a los eventos bal\u00edsticos, como el impacto en interfaces como puntos de montaje, conexiones y tornillos.<br \/>\nEsta capacidad nos permite mejorar tambi\u00e9n estos componentes.<br \/>\nAdem\u00e1s, evaluamos las zonas vulnerables del dise\u00f1o comprobando cientos de miles de puntos de impacto desde distintos \u00e1ngulos para identificar y abordar cualquier punto d\u00e9bil de la construcci\u00f3n.  <\/p>\n<p>Las condiciones ambientales, como la temperatura y la humedad, pueden afectar significativamente al rendimiento de los materiales de protecci\u00f3n bal\u00edstica.<br \/>\nLas simulaciones nos permiten evaluar estos efectos, garantizando que nuestras soluciones de protecci\u00f3n funcionen bien en diversas condiciones.<br \/>\nAl proporcionar informaci\u00f3n exhaustiva y facilitar las mejoras continuas, las simulaciones son esenciales para el avance de nuestra tecnolog\u00eda de protecci\u00f3n bal\u00edstica en Integris Composites.  <\/p>\n<p>[\/et_pb_text][\/et_pb_column][\/et_pb_row][\/et_pb_section]<\/p>\n","protected":false},"excerpt":{"rendered":"<p>Tecnolog\u00eda de simulaci\u00f3n Simulaci\u00f3n para mejorar el rendimiento de nuestros productos de protecci\u00f3n bal\u00edstica.USO DE SIMULACI\u00d3N PARA PROTECCI\u00d3N BAL\u00cdSTICA. En Integris Composites, reconocemos el papel crucial que desempe\u00f1a la simulaci\u00f3n en el desarrollo y perfeccionamiento de soluciones de protecci\u00f3n bal\u00edstica. Mediante la simulaci\u00f3n, podemos probar virtualmente materiales y estructuras, obteniendo informaci\u00f3n sobre c\u00f3mo responden a [&hellip;]<\/p>\n","protected":false},"author":2,"featured_media":1389,"parent":0,"menu_order":2,"comment_status":"closed","ping_status":"closed","template":"","meta":{"_acf_changed":false,"_et_pb_use_builder":"on","_et_pb_old_content":"","_et_gb_content_width":"","_monsterinsights_skip_tracking":false,"_monsterinsights_sitenote_active":false,"_monsterinsights_sitenote_note":"","_monsterinsights_sitenote_category":0,"footnotes":""},"class_list":["post-3129","page","type-page","status-publish","has-post-thumbnail","hentry"],"acf":[],"aioseo_notices":[],"_links":{"self":[{"href":"https:\/\/integriscomposites.com\/es\/wp-json\/wp\/v2\/pages\/3129","targetHints":{"allow":["GET"]}}],"collection":[{"href":"https:\/\/integriscomposites.com\/es\/wp-json\/wp\/v2\/pages"}],"about":[{"href":"https:\/\/integriscomposites.com\/es\/wp-json\/wp\/v2\/types\/page"}],"author":[{"embeddable":true,"href":"https:\/\/integriscomposites.com\/es\/wp-json\/wp\/v2\/users\/2"}],"replies":[{"embeddable":true,"href":"https:\/\/integriscomposites.com\/es\/wp-json\/wp\/v2\/comments?post=3129"}],"version-history":[{"count":2,"href":"https:\/\/integriscomposites.com\/es\/wp-json\/wp\/v2\/pages\/3129\/revisions"}],"predecessor-version":[{"id":3131,"href":"https:\/\/integriscomposites.com\/es\/wp-json\/wp\/v2\/pages\/3129\/revisions\/3131"}],"wp:featuredmedia":[{"embeddable":true,"href":"https:\/\/integriscomposites.com\/es\/wp-json\/wp\/v2\/media\/1389"}],"wp:attachment":[{"href":"https:\/\/integriscomposites.com\/es\/wp-json\/wp\/v2\/media?parent=3129"}],"curies":[{"name":"wp","href":"https:\/\/api.w.org\/{rel}","templated":true}]}}