{"id":8839,"date":"2024-12-21T15:12:35","date_gmt":"2024-12-21T15:12:35","guid":{"rendered":"https:\/\/integriscomposites.com\/personenschutz\/europaeische-koerperpanzer\/"},"modified":"2026-03-23T08:55:44","modified_gmt":"2026-03-23T08:55:44","slug":"europaeische-koerperpanzer","status":"publish","type":"page","link":"https:\/\/integriscomposites.com\/de\/personenschutz\/europaeische-koerperpanzer\/","title":{"rendered":"Europ\u00e4ische K\u00f6rperpanzer"},"content":{"rendered":"<p>[et_pb_section fb_built=&#8220;1&#8243; _builder_version=&#8220;4.27.0&#8243; _module_preset=&#8220;default&#8220; background_color=&#8220;RGBA(255,255,255,0)&#8220; use_background_color_gradient=&#8220;on&#8220; background_color_gradient_direction=&#8220;90deg&#8220; background_color_gradient_stops=&#8220;#000000 43%|rgba(255,255,255,0) 100%&#8220; background_color_gradient_overlays_image=&#8220;on&#8220; background_image=&#8220;https:\/\/integriscomposites.com\/wp-content\/uploads\/2025\/03\/armoured.jpg&#8220; min_height=&#8220;50vh&#8220; custom_margin=&#8220;||||false|false&#8220; top_divider_color=&#8220;#E0E1DD&#8220; top_divider_height=&#8220;50px&#8220; custom_css_main_element=&#8220;display: flex;||align-items: center;&#8220; locked=&#8220;off&#8220; global_colors_info=&#8220;{}&#8220;][et_pb_row column_structure=&#8220;1_2,1_2&#8243; _builder_version=&#8220;4.27.0&#8243; _module_preset=&#8220;default&#8220; background_enable_color=&#8220;off&#8220; custom_padding=&#8220;||||false|false&#8220; global_colors_info=&#8220;{}&#8220;][et_pb_column type=&#8220;1_2&#8243; _builder_version=&#8220;4.27.0&#8243; _module_preset=&#8220;default&#8220; background_enable_color=&#8220;off&#8220; custom_padding=&#8220;||||true|true&#8220; global_colors_info=&#8220;{}&#8220;][et_pb_text _builder_version=&#8220;4.27.4&#8243; _module_preset=&#8220;default&#8220; text_text_color=&#8220;#FFFFFF&#8220; header_text_color=&#8220;#FFFFFF&#8220; header_2_text_align=&#8220;left&#8220; header_2_text_color=&#8220;#FFFFFF&#8220; hover_enabled=&#8220;0&#8243; locked=&#8220;off&#8220; global_colors_info=&#8220;{}&#8220; sticky_enabled=&#8220;0&#8243;]<\/p>\n<h2><em>EUROP\u00c4ISCHE SCHUTZWESTEN F\u00dcR MILIT\u00c4R UND POLIZEI<\/em><\/h2>\n<p>Integris Composites verwendet fortschrittliche Maschinen und Materialien wie Aluminiumoxid, Siliziumkarbid, Borcarbid-Keramik und Faserverbundwerkstoffe, um leichte, leistungsstarke K\u00f6rperpanzerplatten herzustellen. Interne Tests und unabh\u00e4ngige Zertifizierungslabors wie TNO (NL), Mellrichstadt (Deutschland), Aitex (Spanien) und BNE (Frankreich) sorgen f\u00fcr Zuverl\u00e4ssigkeit. <\/p>\n<p>[\/et_pb_text][\/et_pb_column][et_pb_column type=&#8220;1_2&#8243; _builder_version=&#8220;4.27.0&#8243; _module_preset=&#8220;default&#8220; global_colors_info=&#8220;{}&#8220;][\/et_pb_column][\/et_pb_row][\/et_pb_section][et_pb_section fb_built=&#8220;1&#8243; _builder_version=&#8220;4.27.0&#8243; _module_preset=&#8220;default&#8220; background_color=&#8220;#FFFFFF&#8220; custom_padding=&#8220;4%||4%||true|false&#8220; global_colors_info=&#8220;{}&#8220;][et_pb_row column_structure=&#8220;1_2,1_2&#8243; _builder_version=&#8220;4.27.0&#8243; _module_preset=&#8220;default&#8220; global_colors_info=&#8220;{}&#8220;][et_pb_column type=&#8220;1_2&#8243; _builder_version=&#8220;4.27.0&#8243; _module_preset=&#8220;default&#8220; global_colors_info=&#8220;{}&#8220;][et_pb_text _builder_version=&#8220;4.27.0&#8243; _module_preset=&#8220;_initial&#8220; custom_padding_tablet=&#8220;||30px||false|false&#8220; custom_padding_phone=&#8220;||30px||false|false&#8220; custom_padding_last_edited=&#8220;on|phone&#8220; locked=&#8220;off&#8220; global_colors_info=&#8220;{}&#8220;]<\/p>\n<h2><em>Technische Details<\/em><\/h2>\n<p>[\/et_pb_text][et_pb_text _builder_version=&#8220;4.27.0&#8243; _module_preset=&#8220;default&#8220; global_colors_info=&#8220;{}&#8220;]<\/p>\n<p>Die Hartschalenpanzer von Integris Composites werden in Frankreich aus fortschrittlichen Verbundwerkstoffen, darunter Keramik und Hochleistungspolyethylen, hergestellt und bieten einen hervorragenden ballistischen Schutz. Sie erf\u00fcllen strenge Normen und bieten Schutzstufen von NIJ IIIA bis IV und VPAM-Stufen von 6 bis 12. <\/p>\n<p>[\/et_pb_text][et_pb_button button_url=&#8220;@ET-DC@eyJkeW5hbWljIjp0cnVlLCJjb250ZW50IjoicG9zdF9saW5rX3VybF9wYWdlIiwic2V0dGluZ3MiOnsicG9zdF9pZCI6IjExMDciLCJlbmFibGVfaHRtbCI6Im9mZiJ9fQ==@&#8220; button_text=&#8220;Brosch\u00fcre anfordern&#8220; button_alignment=&#8220;left&#8220; _builder_version=&#8220;4.27.0&#8243; _dynamic_attributes=&#8220;button_url&#8220; _module_preset=&#8220;default&#8220; locked=&#8220;off&#8220; global_colors_info=&#8220;{}&#8220;][\/et_pb_button][\/et_pb_column][et_pb_column type=&#8220;1_2&#8243; _builder_version=&#8220;4.27.0&#8243; _module_preset=&#8220;default&#8220; global_colors_info=&#8220;{}&#8220;][et_pb_text _builder_version=&#8220;4.27.0&#8243; _module_preset=&#8220;default&#8220; global_colors_info=&#8220;{}&#8220;]<\/p>\n<h2><em>Die Tests umfassen:<\/em><\/h2>\n<p>[\/et_pb_text][et_pb_text _builder_version=&#8220;4.27.0&#8243; _module_preset=&#8220;default&#8220; global_colors_info=&#8220;{}&#8220;]<\/p>\n<ul>\n<li>Die Platten werden mit der erforderlichen Munition entsprechend der jeweiligen Norm\/Spezifikation beschossen, um den Schutz zu testen.<\/li>\n<li>Getestet auf Widerstandsf\u00e4higkeit gegen mehrere Treffer.<\/li>\n<li>Extremen Temperaturen, Feuchtigkeit und Eintauchen in Wasser ausgesetzt.<\/li>\n<li>Falltest und Aufpralltest zur \u00dcberpr\u00fcfung der Haltbarkeit.<\/li>\n<li>Messung der R\u00fcckseitenverformung nach dem Aufprall.<\/li>\n<\/ul>\n<p>[\/et_pb_text][\/et_pb_column][\/et_pb_row][\/et_pb_section][et_pb_section fb_built=&#8220;1&#8243; _builder_version=&#8220;4.27.0&#8243; _module_preset=&#8220;default&#8220; background_color=&#8220;#000000&#8243; custom_padding=&#8220;4%||4%||true|false&#8220; global_colors_info=&#8220;{}&#8220;][et_pb_row _builder_version=&#8220;4.27.0&#8243; _module_preset=&#8220;default&#8220; global_colors_info=&#8220;{}&#8220;][et_pb_column type=&#8220;4_4&#8243; _builder_version=&#8220;4.27.0&#8243; _module_preset=&#8220;default&#8220; global_colors_info=&#8220;{}&#8220;][et_pb_text _builder_version=&#8220;4.27.0&#8243; _module_preset=&#8220;default&#8220; header_2_text_color=&#8220;#FFFFFF&#8220; locked=&#8220;off&#8220; global_colors_info=&#8220;{}&#8220;]<\/p>\n<h2 style=\"text-align: center;\"><em>Europ\u00e4ische ballistische Hartpanzerplatten Palette<\/em><\/h2>\n<p>[\/et_pb_text][\/et_pb_column][\/et_pb_row][et_pb_row column_structure=&#8220;1_3,1_3,1_3&#8243; use_custom_gutter=&#8220;on&#8220; gutter_width=&#8220;1&#8243; _builder_version=&#8220;4.27.0&#8243; _module_preset=&#8220;default&#8220; custom_padding=&#8220;0px||0px||true|false&#8220; global_colors_info=&#8220;{}&#8220;][et_pb_column type=&#8220;1_3&#8243; _builder_version=&#8220;4.27.0&#8243; _module_preset=&#8220;default&#8220; background_enable_image=&#8220;off&#8220; custom_padding=&#8220;||||false|false&#8220; custom_css_free_form=&#8220;@media only screen and (min-width: 980px) {|| selector .et_pb_promo_description div {|| max-height: 0px;|| overflow: hidden;|| transition: max-height 0.6s ease;|| }|| selector:hover .et_pb_promo_description div {|| max-height: 300px;|| overflow: hidden;|| transition: max-height 0.6s ease;|| }||}||selector:hover .et_pb_button_wrapper{|| max-height: 100px;|| overflow: hidden;|| transition: max-height 0.6s ease;||}||selector .et_pb_button_wrapper{|| max-height: 0px;|| overflow: hidden;|| transition: max-height 0.6s ease;||}&#8220; global_colors_info=&#8220;{}&#8220;][et_pb_image src=&#8220;https:\/\/integriscomposites.com\/wp-content\/uploads\/2025\/03\/ballistic-armoured-plate.jpg&#8220; alt=&#8220;ballistische Panzerplatte&#8220; title_text=&#8220;ballistische Panzerplatte&#8220; _builder_version=&#8220;4.27.0&#8243; _module_preset=&#8220;default&#8220; min_height=&#8220;500px&#8220; custom_padding=&#8220;||||false|false&#8220; custom_css_free_form=&#8220;selector .et_pb_image_wrap img {|| object-fit: cover !important;|| width: 100% !important;||}||&#8220; global_colors_info=&#8220;{}&#8220;][\/et_pb_image][et_pb_cta title=&#8220;VPAM 10&#8243; button_url=&#8220;@ET-DC@eyJkeW5hbWljIjp0cnVlLCJjb250ZW50IjoicG9zdF9saW5rX3VybF9wYWdlIiwic2V0dGluZ3MiOnsicG9zdF9pZCI6IjExMDciLCJlbmFibGVfaHRtbCI6Im9mZiJ9fQ==@&#8220; url_new_window=&#8220;on&#8220; button_text=&#8220;Datenblatt anfordern&#8220; _builder_version=&#8220;4.27.0&#8243; _dynamic_attributes=&#8220;button_url&#8220; _module_preset=&#8220;default&#8220; header_level=&#8220;h3&#8243; header_font=&#8220;|||on|||||&#8220; header_text_align=&#8220;left&#8220; body_text_align=&#8220;left&#8220; background_enable_color=&#8220;off&#8220; use_background_color_gradient=&#8220;on&#8220; background_color_gradient_stops=&#8220;rgba(0,0,0,0.4) 0%|#000000 50%&#8220; background_color_gradient_overlays_image=&#8220;on&#8220; custom_button=&#8220;on&#8220; button_text_size=&#8220;18px&#8220; button_text_color=&#8220;#002866&#8243; button_bg_color=&#8220;#FFFFFF&#8220; button_border_width=&#8220;0px&#8220; button_use_icon=&#8220;off&#8220; button_alignment=&#8220;left&#8220; positioning=&#8220;absolute&#8220; position_origin_a=&#8220;bottom_center&#8220; width=&#8220;100%&#8220; custom_padding=&#8220;||||false|false&#8220; global_colors_info=&#8220;{}&#8220; button_bg_color__hover_enabled=&#8220;on|hover&#8220; button_bg_color__hover=&#8220;#E0E1DD&#8220; button_bg_enable_color__hover=&#8220;on&#8220;]<\/p>\n<p>NIJ Stufe IV <br \/>800 Serie VPAM 10<\/p>\n<p>[\/et_pb_cta][\/et_pb_column][et_pb_column type=&#8220;1_3&#8243; _builder_version=&#8220;4.27.0&#8243; _module_preset=&#8220;default&#8220; background_enable_image=&#8220;off&#8220; custom_padding=&#8220;||||false|false&#8220; custom_css_free_form=&#8220;@media only screen and (min-width: 980px) {|| selector .et_pb_promo_description div {|| max-height: 0px;|| overflow: hidden;|| transition: max-height 0.6s ease;|| }|| selector:hover .et_pb_promo_description div {|| max-height: 300px;|| overflow: hidden;|| transition: max-height 0.6s ease;|| }||}||selector:hover .et_pb_button_wrapper{|| max-height: 100px;|| overflow: hidden;|| transition: max-height 0.6s ease;||}||selector .et_pb_button_wrapper{|| max-height: 0px;|| overflow: hidden;|| transition: max-height 0.6s ease;||}&#8220; global_colors_info=&#8220;{}&#8220;][et_pb_image src=&#8220;https:\/\/integriscomposites.com\/wp-content\/uploads\/2025\/03\/armour.jpg&#8220; alt=&#8220;Schutzpanzer&#8220; title_text=&#8220;Panzerung&#8220; _builder_version=&#8220;4.27.0&#8243; _module_preset=&#8220;default&#8220; min_height=&#8220;500px&#8220; custom_padding=&#8220;||||false|false&#8220; custom_css_free_form=&#8220;selector .et_pb_image_wrap img {|| object-fit: cover !important;|| width: 100% !important;||}||&#8220; global_colors_info=&#8220;{}&#8220;][\/et_pb_image][et_pb_cta title=&#8220;VPAM 9&#8243; button_url=&#8220;@ET-DC@eyJkeW5hbWljIjp0cnVlLCJjb250ZW50IjoicG9zdF9saW5rX3VybF9wYWdlIiwic2V0dGluZ3MiOnsicG9zdF9pZCI6IjExMDciLCJlbmFibGVfaHRtbCI6Im9mZiJ9fQ==@&#8220; url_new_window=&#8220;on&#8220; button_text=&#8220;Datenblatt anfordern&#8220; _builder_version=&#8220;4.27.0&#8243; _dynamic_attributes=&#8220;button_url&#8220; _module_preset=&#8220;default&#8220; header_level=&#8220;h3&#8243; header_font=&#8220;|||on|||||&#8220; header_text_align=&#8220;left&#8220; body_text_align=&#8220;left&#8220; background_enable_color=&#8220;off&#8220; use_background_color_gradient=&#8220;on&#8220; background_color_gradient_stops=&#8220;rgba(0,0,0,0.4) 0%|#000000 50%&#8220; background_color_gradient_overlays_image=&#8220;on&#8220; custom_button=&#8220;on&#8220; button_text_size=&#8220;18px&#8220; button_text_color=&#8220;#002866&#8243; button_bg_color=&#8220;#FFFFFF&#8220; button_border_width=&#8220;0px&#8220; button_use_icon=&#8220;off&#8220; button_alignment=&#8220;left&#8220; positioning=&#8220;absolute&#8220; position_origin_a=&#8220;bottom_center&#8220; width=&#8220;100%&#8220; custom_padding=&#8220;||||false|false&#8220; global_colors_info=&#8220;{}&#8220; button_bg_color__hover_enabled=&#8220;on|hover&#8220; button_bg_color__hover=&#8220;#E0E1DD&#8220; button_bg_enable_color__hover=&#8220;on&#8220;]<\/p>\n<p>NIJ Level III + 7.62 x 39 MSC + SS109 + 7.62 x 39 API BZ + 7.62 x 51 P80<br \/>700 Serie<\/p>\n<p>[\/et_pb_cta][\/et_pb_column][et_pb_column type=&#8220;1_3&#8243; _builder_version=&#8220;4.27.0&#8243; _module_preset=&#8220;default&#8220; background_enable_image=&#8220;off&#8220; custom_padding=&#8220;||||false|false&#8220; custom_css_free_form=&#8220;@media only screen and (min-width: 980px) {|| selector .et_pb_promo_description div {|| max-height: 0px;|| overflow: hidden;|| transition: max-height 0.6s ease;|| }|| selector:hover .et_pb_promo_description div {|| max-height: 300px;|| overflow: hidden;|| transition: max-height 0.6s ease;|| }||}||selector:hover .et_pb_button_wrapper{|| max-height: 100px;|| overflow: hidden;|| transition: max-height 0.6s ease;||}||selector .et_pb_button_wrapper{|| max-height: 0px;|| overflow: hidden;|| transition: max-height 0.6s ease;||}&#8220; global_colors_info=&#8220;{}&#8220;][et_pb_image src=&#8220;https:\/\/integriscomposites.com\/wp-content\/uploads\/2025\/03\/ballistic-armoured-plate-4.jpg&#8220; alt=&#8220;ballistische Panzerplatte&#8220; title_text=&#8220;ballistische Panzerplatte 4&#8243; _builder_version=&#8220;4.27.0&#8243; _module_preset=&#8220;default&#8220; min_height=&#8220;500px&#8220; custom_padding=&#8220;||||false|false&#8220; custom_css_free_form=&#8220;selector .et_pb_image_wrap img {|| object-fit: cover !important;|| width: 100% !important;||}||&#8220; global_colors_info=&#8220;{}&#8220;][\/et_pb_image][et_pb_cta title=&#8220;VPAM 8&#8243; button_url=&#8220;@ET-DC@eyJkeW5hbWljIjp0cnVlLCJjb250ZW50IjoicG9zdF9saW5rX3VybF9wYWdlIiwic2V0dGluZ3MiOnsicG9zdF9pZCI6IjExMDciLCJlbmFibGVfaHRtbCI6Im9mZiJ9fQ==@&#8220; url_new_window=&#8220;on&#8220; button_text=&#8220;Datenblatt anfordern&#8220; _builder_version=&#8220;4.27.0&#8243; _dynamic_attributes=&#8220;button_url&#8220; _module_preset=&#8220;default&#8220; header_level=&#8220;h3&#8243; header_font=&#8220;|||on|||||&#8220; header_text_align=&#8220;left&#8220; body_text_align=&#8220;left&#8220; background_enable_color=&#8220;off&#8220; use_background_color_gradient=&#8220;on&#8220; background_color_gradient_stops=&#8220;rgba(0,0,0,0.4) 0%|#000000 50%&#8220; background_color_gradient_overlays_image=&#8220;on&#8220; custom_button=&#8220;on&#8220; button_text_size=&#8220;18px&#8220; button_text_color=&#8220;#002866&#8243; button_bg_color=&#8220;#FFFFFF&#8220; button_border_width=&#8220;0px&#8220; button_use_icon=&#8220;off&#8220; button_alignment=&#8220;left&#8220; positioning=&#8220;absolute&#8220; position_origin_a=&#8220;bottom_center&#8220; width=&#8220;100%&#8220; custom_padding=&#8220;||||false|false&#8220; global_colors_info=&#8220;{}&#8220; button_bg_color__hover_enabled=&#8220;on|hover&#8220; button_bg_color__hover=&#8220;#E0E1DD&#8220; button_bg_enable_color__hover=&#8220;on&#8220;]<\/p>\n<p>NIJ Stufe III + 7.62 x 39 MSC + SS109 + 7.62 x 39 API BZ<br \/>600 Serie<\/p>\n<p>[\/et_pb_cta][\/et_pb_column][\/et_pb_row][et_pb_row column_structure=&#8220;1_3,1_3,1_3&#8243; use_custom_gutter=&#8220;on&#8220; gutter_width=&#8220;1&#8243; _builder_version=&#8220;4.27.0&#8243; _module_preset=&#8220;default&#8220; custom_padding=&#8220;0px||0px||true|false&#8220; global_colors_info=&#8220;{}&#8220;][et_pb_column type=&#8220;1_3&#8243; _builder_version=&#8220;4.27.0&#8243; _module_preset=&#8220;default&#8220; background_enable_image=&#8220;off&#8220; custom_padding=&#8220;||||false|false&#8220; custom_css_free_form=&#8220;@media only screen and (min-width: 980px) {|| selector .et_pb_promo_description div {|| max-height: 0px;|| overflow: hidden;|| transition: max-height 0.6s ease;|| }|| selector:hover .et_pb_promo_description div {|| max-height: 300px;|| overflow: hidden;|| transition: max-height 0.6s ease;|| }||}||selector:hover .et_pb_button_wrapper{|| max-height: 100px;|| overflow: hidden;|| transition: max-height 0.6s ease;||}||selector .et_pb_button_wrapper{|| max-height: 0px;|| overflow: hidden;|| transition: max-height 0.6s ease;||}&#8220; global_colors_info=&#8220;{}&#8220;][et_pb_image src=&#8220;https:\/\/integriscomposites.com\/wp-content\/uploads\/2025\/03\/ballistic-armoured-plate-3.jpg&#8220; alt=&#8220;ballistische Panzerplatte&#8220; title_text=&#8220;ballistische Panzerplatte 3&#8243; _builder_version=&#8220;4.27.0&#8243; _module_preset=&#8220;default&#8220; min_height=&#8220;500px&#8220; custom_padding=&#8220;||||false|false&#8220; custom_css_free_form=&#8220;selector .et_pb_image_wrap img {|| object-fit: cover !important;|| width: 100% !important;||}||&#8220; global_colors_info=&#8220;{}&#8220;][\/et_pb_image][et_pb_cta title=&#8220;VPAM 7&#8243; button_url=&#8220;@ET-DC@eyJkeW5hbWljIjp0cnVlLCJjb250ZW50IjoicG9zdF9saW5rX3VybF9wYWdlIiwic2V0dGluZ3MiOnsicG9zdF9pZCI6IjExMDciLCJlbmFibGVfaHRtbCI6Im9mZiJ9fQ==@&#8220; url_new_window=&#8220;on&#8220; button_text=&#8220;Datenblatt anfordern&#8220; _builder_version=&#8220;4.27.0&#8243; _dynamic_attributes=&#8220;button_url&#8220; _module_preset=&#8220;default&#8220; header_level=&#8220;h3&#8243; header_font=&#8220;|||on|||||&#8220; header_text_align=&#8220;left&#8220; body_text_align=&#8220;left&#8220; background_enable_color=&#8220;off&#8220; use_background_color_gradient=&#8220;on&#8220; background_color_gradient_stops=&#8220;rgba(0,0,0,0.4) 0%|#000000 50%&#8220; background_color_gradient_overlays_image=&#8220;on&#8220; custom_button=&#8220;on&#8220; button_text_size=&#8220;18px&#8220; button_text_color=&#8220;#002866&#8243; button_bg_color=&#8220;#FFFFFF&#8220; button_border_width=&#8220;0px&#8220; button_use_icon=&#8220;off&#8220; button_alignment=&#8220;left&#8220; positioning=&#8220;absolute&#8220; position_origin_a=&#8220;bottom_center&#8220; width=&#8220;100%&#8220; custom_padding=&#8220;||||false|false&#8220; global_colors_info=&#8220;{}&#8220; button_bg_color__hover_enabled=&#8220;on|hover&#8220; button_bg_color__hover=&#8220;#E0E1DD&#8220; button_bg_enable_color__hover=&#8220;on&#8220;]<\/p>\n<p>NIJ Stufe III + 7.62 x 39 MSC + SS109<br \/>500 Serie  <\/p>\n<p>[\/et_pb_cta][\/et_pb_column][et_pb_column type=&#8220;1_3&#8243; _builder_version=&#8220;4.27.0&#8243; _module_preset=&#8220;default&#8220; background_enable_image=&#8220;off&#8220; custom_padding=&#8220;||||false|false&#8220; custom_css_free_form=&#8220;@media only screen and (min-width: 980px) {|| selector .et_pb_promo_description div {|| max-height: 0px;|| overflow: hidden;|| transition: max-height 0.6s ease;|| }|| selector:hover .et_pb_promo_description div {|| max-height: 300px;|| overflow: hidden;|| transition: max-height 0.6s ease;|| }||}||selector:hover .et_pb_button_wrapper{|| max-height: 100px;|| overflow: hidden;|| transition: max-height 0.6s ease;||}||selector .et_pb_button_wrapper{|| max-height: 0px;|| overflow: hidden;|| transition: max-height 0.6s ease;||}&#8220; global_colors_info=&#8220;{}&#8220;][et_pb_image src=&#8220;https:\/\/integriscomposites.com\/wp-content\/uploads\/2025\/03\/plates-2-1.jpg&#8220; alt=&#8220;Schutzpanzer&#8220; title_text=&#8220;Teller (2)&#8220; _builder_version=&#8220;4.27.0&#8243; _module_preset=&#8220;default&#8220; min_height=&#8220;500px&#8220; custom_padding=&#8220;||||false|false&#8220; custom_css_free_form=&#8220;selector .et_pb_image_wrap img {|| object-fit: cover !important;|| width: 100% !important;||}||&#8220; global_colors_info=&#8220;{}&#8220;][\/et_pb_image][et_pb_cta title=&#8220;VPAM 6&#8243; button_url=&#8220;@ET-DC@eyJkeW5hbWljIjp0cnVlLCJjb250ZW50IjoicG9zdF9saW5rX3VybF9wYWdlIiwic2V0dGluZ3MiOnsicG9zdF9pZCI6IjExMDciLCJlbmFibGVfaHRtbCI6Im9mZiJ9fQ==@&#8220; url_new_window=&#8220;on&#8220; button_text=&#8220;Datenblatt anfordern&#8220; _builder_version=&#8220;4.27.0&#8243; _dynamic_attributes=&#8220;button_url&#8220; _module_preset=&#8220;default&#8220; header_level=&#8220;h3&#8243; header_font=&#8220;|||on|||||&#8220; header_text_align=&#8220;left&#8220; body_text_align=&#8220;left&#8220; background_enable_color=&#8220;off&#8220; use_background_color_gradient=&#8220;on&#8220; background_color_gradient_stops=&#8220;rgba(0,0,0,0.4) 0%|#000000 50%&#8220; background_color_gradient_overlays_image=&#8220;on&#8220; custom_button=&#8220;on&#8220; button_text_size=&#8220;18px&#8220; button_text_color=&#8220;#002866&#8243; button_bg_color=&#8220;#FFFFFF&#8220; button_border_width=&#8220;0px&#8220; button_use_icon=&#8220;off&#8220; button_alignment=&#8220;left&#8220; positioning=&#8220;absolute&#8220; position_origin_a=&#8220;bottom_center&#8220; width=&#8220;100%&#8220; custom_padding=&#8220;||||false|false&#8220; global_colors_info=&#8220;{}&#8220; button_bg_color__hover_enabled=&#8220;on|hover&#8220; button_bg_color__hover=&#8220;#E0E1DD&#8220; button_bg_enable_color__hover=&#8220;on&#8220;]<\/p>\n<p>NIJ Stufe III + 7,62 x 39 MSC <br \/>400 Serie<\/p>\n<p>[\/et_pb_cta][\/et_pb_column][et_pb_column type=&#8220;1_3&#8243; _builder_version=&#8220;4.27.0&#8243; _module_preset=&#8220;default&#8220; background_enable_image=&#8220;off&#8220; custom_padding=&#8220;||||false|false&#8220; custom_css_free_form=&#8220;@media only screen and (min-width: 980px) {|| selector .et_pb_promo_description div {|| max-height: 0px;|| overflow: hidden;|| transition: max-height 0.6s ease;|| }|| selector:hover .et_pb_promo_description div {|| max-height: 300px;|| overflow: hidden;|| transition: max-height 0.6s ease;|| }||}||selector:hover .et_pb_button_wrapper{|| max-height: 100px;|| overflow: hidden;|| transition: max-height 0.6s ease;||}||selector .et_pb_button_wrapper{|| max-height: 0px;|| overflow: hidden;|| transition: max-height 0.6s ease;||}&#8220; global_colors_info=&#8220;{}&#8220;][et_pb_image src=&#8220;https:\/\/integriscomposites.com\/wp-content\/uploads\/2025\/03\/ballistic-armoured-plate-1.jpg&#8220; alt=&#8220;ballistische Panzerplatte&#8220; title_text=&#8220;ballistische Panzerplatte 1&#8243; _builder_version=&#8220;4.27.0&#8243; _module_preset=&#8220;default&#8220; min_height=&#8220;500px&#8220; custom_padding=&#8220;||||false|false&#8220; custom_css_free_form=&#8220;selector .et_pb_image_wrap img {|| object-fit: cover !important;|| width: 100% !important;||}||&#8220; global_colors_info=&#8220;{}&#8220;][\/et_pb_image][et_pb_cta title=&#8220;NIJ Stufe III&#8220; button_url=&#8220;@ET-DC@eyJkeW5hbWljIjp0cnVlLCJjb250ZW50IjoicG9zdF9saW5rX3VybF9wYWdlIiwic2V0dGluZ3MiOnsicG9zdF9pZCI6IjExMDciLCJlbmFibGVfaHRtbCI6Im9mZiJ9fQ==@&#8220; url_new_window=&#8220;on&#8220; button_text=&#8220;Datenblatt anfordern&#8220; _builder_version=&#8220;4.27.0&#8243; _dynamic_attributes=&#8220;button_url&#8220; _module_preset=&#8220;default&#8220; header_level=&#8220;h3&#8243; header_font=&#8220;|||on|||||&#8220; header_text_align=&#8220;left&#8220; body_text_align=&#8220;left&#8220; background_enable_color=&#8220;off&#8220; use_background_color_gradient=&#8220;on&#8220; background_color_gradient_stops=&#8220;rgba(0,0,0,0.4) 0%|#000000 50%&#8220; background_color_gradient_overlays_image=&#8220;on&#8220; custom_button=&#8220;on&#8220; button_text_size=&#8220;18px&#8220; button_text_color=&#8220;#002866&#8243; button_bg_color=&#8220;#FFFFFF&#8220; button_border_width=&#8220;0px&#8220; button_use_icon=&#8220;off&#8220; button_alignment=&#8220;left&#8220; positioning=&#8220;absolute&#8220; position_origin_a=&#8220;bottom_center&#8220; width=&#8220;100%&#8220; custom_padding=&#8220;||||false|false&#8220; global_colors_info=&#8220;{}&#8220; button_bg_color__hover_enabled=&#8220;on|hover&#8220; button_bg_color__hover=&#8220;#E0E1DD&#8220; button_bg_enable_color__hover=&#8220;on&#8220;]<\/p>\n<p>NIJ Level III<br \/>300 Serie<\/p>\n<p>[\/et_pb_cta][\/et_pb_column][\/et_pb_row][\/et_pb_section]<\/p>\n","protected":false},"excerpt":{"rendered":"<p>EUROP\u00c4ISCHE SCHUTZWESTEN F\u00dcR MILIT\u00c4R UND POLIZEI Integris Composites verwendet fortschrittliche Maschinen und Materialien wie Aluminiumoxid, Siliziumkarbid, Borcarbid-Keramik und Faserverbundwerkstoffe, um leichte, leistungsstarke K\u00f6rperpanzerplatten herzustellen. Interne Tests und unabh\u00e4ngige Zertifizierungslabors wie TNO (NL), Mellrichstadt (Deutschland), Aitex (Spanien) und BNE (Frankreich) sorgen f\u00fcr Zuverl\u00e4ssigkeit. Technische Details Die Hartschalenpanzer von Integris Composites werden in Frankreich aus fortschrittlichen Verbundwerkstoffen, [&hellip;]<\/p>\n","protected":false},"author":2,"featured_media":2006,"parent":8770,"menu_order":1,"comment_status":"closed","ping_status":"closed","template":"","meta":{"_acf_changed":false,"_et_pb_use_builder":"on","_et_pb_old_content":"","_et_gb_content_width":"","_monsterinsights_skip_tracking":false,"_monsterinsights_sitenote_active":false,"_monsterinsights_sitenote_note":"","_monsterinsights_sitenote_category":0,"footnotes":""},"class_list":["post-8839","page","type-page","status-publish","has-post-thumbnail","hentry"],"acf":[],"aioseo_notices":[],"_links":{"self":[{"href":"https:\/\/integriscomposites.com\/de\/wp-json\/wp\/v2\/pages\/8839","targetHints":{"allow":["GET"]}}],"collection":[{"href":"https:\/\/integriscomposites.com\/de\/wp-json\/wp\/v2\/pages"}],"about":[{"href":"https:\/\/integriscomposites.com\/de\/wp-json\/wp\/v2\/types\/page"}],"author":[{"embeddable":true,"href":"https:\/\/integriscomposites.com\/de\/wp-json\/wp\/v2\/users\/2"}],"replies":[{"embeddable":true,"href":"https:\/\/integriscomposites.com\/de\/wp-json\/wp\/v2\/comments?post=8839"}],"version-history":[{"count":2,"href":"https:\/\/integriscomposites.com\/de\/wp-json\/wp\/v2\/pages\/8839\/revisions"}],"predecessor-version":[{"id":8841,"href":"https:\/\/integriscomposites.com\/de\/wp-json\/wp\/v2\/pages\/8839\/revisions\/8841"}],"up":[{"embeddable":true,"href":"https:\/\/integriscomposites.com\/de\/wp-json\/wp\/v2\/pages\/8770"}],"wp:featuredmedia":[{"embeddable":true,"href":"https:\/\/integriscomposites.com\/de\/wp-json\/wp\/v2\/media\/2006"}],"wp:attachment":[{"href":"https:\/\/integriscomposites.com\/de\/wp-json\/wp\/v2\/media?parent=8839"}],"curies":[{"name":"wp","href":"https:\/\/api.w.org\/{rel}","templated":true}]}}