{"id":8795,"date":"2025-03-29T11:29:50","date_gmt":"2025-03-29T11:29:50","guid":{"rendered":"https:\/\/integriscomposites.com\/personenschutz\/ballistische-schilde\/gestalten-sie-ihr-eigenes-schild\/"},"modified":"2026-03-23T08:49:47","modified_gmt":"2026-03-23T08:49:47","slug":"gestalten-sie-ihr-eigenes-schild","status":"publish","type":"page","link":"https:\/\/integriscomposites.com\/de\/personenschutz\/ballistische-schilde\/gestalten-sie-ihr-eigenes-schild\/","title":{"rendered":"Gestalten Sie Ihr eigenes Schild"},"content":{"rendered":"<p>[et_pb_section fb_built=&#8220;1&#8243; _builder_version=&#8220;4.27.4&#8243; _module_preset=&#8220;default&#8220; background_image=&#8220;https:\/\/integriscomposites.com\/wp-content\/uploads\/2025\/07\/shields-3.jpg&#8220; custom_padding=&#8220;15%||5%||false|false&#8220; bottom_divider_height=&#8220;40px&#8220; hover_enabled=&#8220;0&#8243; locked=&#8220;off&#8220; global_colors_info=&#8220;{}&#8220; min_height=&#8220;350px&#8220; min_height_last_edited=&#8220;on|phone&#8220; sticky_enabled=&#8220;0&#8243; min_height_tablet=&#8220;300px&#8220; min_height_phone=&#8220;200px&#8220;][\/et_pb_section][et_pb_section fb_built=&#8220;1&#8243; _builder_version=&#8220;4.27.4&#8243; _module_preset=&#8220;default&#8220; hover_enabled=&#8220;0&#8243; locked=&#8220;off&#8220; global_colors_info=&#8220;{}&#8220; custom_padding=&#8220;0%||2%||false|false&#8220; sticky_enabled=&#8220;0&#8243;][et_pb_row module_class=&#8220;hero-row&#8220; _builder_version=&#8220;4.27.4&#8243; _module_preset=&#8220;default&#8220; background_color=&#8220;rgba(0,40,102,0.85)&#8220; width=&#8220;100%&#8220; max_width=&#8220;100%&#8220; custom_padding=&#8220;25px|25px|25px|25px|true|true&#8220; hover_enabled=&#8220;0&#8243; global_colors_info=&#8220;{}&#8220; positioning=&#8220;absolute&#8220; positioning_last_edited=&#8220;on|desktop&#8220; position_origin_a_last_edited=&#8220;on|tablet&#8220; position_origin_f_last_edited=&#8220;on|desktop&#8220; position_origin_r_last_edited=&#8220;on|desktop&#8220; sticky_enabled=&#8220;0&#8243; vertical_offset=&#8220;-150px&#8220; positioning_tablet=&#8220;none&#8220; positioning_phone=&#8220;none&#8220;][et_pb_column type=&#8220;4_4&#8243; _builder_version=&#8220;4.25.2&#8243; _module_preset=&#8220;default&#8220; global_colors_info=&#8220;{}&#8220;][et_pb_text _builder_version=&#8220;4.27.0&#8243; _module_preset=&#8220;default&#8220; text_text_color=&#8220;#FFFFFF&#8220; header_text_color=&#8220;#FFFFFF&#8220; global_colors_info=&#8220;{}&#8220;]<\/p>\n<h1><em>ENTWERFEN SIE IHR EIGENES SCHILD<\/em><\/h1>\n<p><em>Jeder Aspekt des ballistischen Schutzschildes wurde auf der Grundlage spezifischer Kundenanforderungen entwickelt<\/em><\/p>\n<p>[\/et_pb_text][\/et_pb_column][\/et_pb_row][et_pb_row column_structure=&#8220;1_2,1_2&#8243; _builder_version=&#8220;4.27.4&#8243; _module_preset=&#8220;default&#8220; hover_enabled=&#8220;0&#8243; locked=&#8220;off&#8220; global_colors_info=&#8220;{}&#8220; custom_css_main_element_last_edited=&#8220;off|tablet&#8220; custom_padding=&#8220;60px||||false|false&#8220; sticky_enabled=&#8220;0&#8243;][et_pb_column type=&#8220;1_2&#8243; _builder_version=&#8220;4.25.2&#8243; _module_preset=&#8220;default&#8220; global_colors_info=&#8220;{}&#8220; custom_css_main_element_last_edited=&#8220;on|tablet&#8220; custom_css_main_element_tablet=&#8220;order: 1;||&#8220; custom_css_main_element_phone=&#8220;order: 1;||&#8220;][et_pb_text _builder_version=&#8220;4.27.0&#8243; _module_preset=&#8220;_initial&#8220; custom_padding_tablet=&#8220;||30px||false|false&#8220; custom_padding_phone=&#8220;||30px||false|false&#8220; custom_padding_last_edited=&#8220;on|phone&#8220; global_colors_info=&#8220;{}&#8220;]<\/p>\n<h2><em>DER ENDVERBRAUCHER IM FOKUS<\/em><\/h2>\n<p>[\/et_pb_text][et_pb_text _builder_version=&#8220;4.27.0&#8243; _module_preset=&#8220;75244c77-7bf4-4c3f-a873-54cc93ac7c1e&#8220; global_colors_info=&#8220;{}&#8220;]<\/p>\n<p>Integris Composites bietet eine ma\u00dfgeschneiderte L\u00f6sung f\u00fcr Strafverfolgungs- und Milit\u00e4reinheiten, die einen ballistischen Schutz suchen, der auf ihre spezifischen operativen Anforderungen zugeschnitten ist. Unser &#8222;Design Your Own Shield&#8220;-Programm erm\u00f6glicht es unseren Kunden, kritische Aspekte ihrer ballistischen Schutzschilde zu definieren und so eine Funktionalit\u00e4t zu gew\u00e4hrleisten, die mit den Gegebenheiten ihrer Arbeit \u00fcbereinstimmt. <\/p>\n<p>Die Kunden arbeiten direkt mit Integris zusammen, um die Form des Schildes zu definieren, die an verschiedene Einsatzumgebungen oder taktische Anwendungen angepasst werden kann. Das Design des Griffs ist ein weiterer wichtiger Aspekt, bei dem Ergonomie, Griffart und Positionierung ber\u00fccksichtigt werden, um den Komfort und die Kontrolle w\u00e4hrend der Benutzung zu verbessern. Auch das Gewicht wird ber\u00fccksichtigt, um sicherzustellen, dass der Schutzschild angemessenen Schutz bietet und gleichzeitig f\u00fcr den vorgesehenen Einsatz handlich bleibt.  <\/p>\n<p>Sobald die wichtigsten Designelemente identifiziert sind, bietet Integris Beratung zu Schutzstufen, Materialoptionen und Verarbeitung. Kunden k\u00f6nnen zwischen NIJ III+ oder IV Schutz w\u00e4hlen, sich f\u00fcr eine Keramik- oder Hochleistungspolyethylen (HPPE)-Konstruktion entscheiden und sich f\u00fcr eine flache oder gew\u00f6lbte Schildoberfl\u00e4che entscheiden, je nach Vorliebe und Einsatzkontext. <\/p>\n<p>&nbsp;<\/p>\n<p>[\/et_pb_text][\/et_pb_column][et_pb_column type=&#8220;1_2&#8243; _builder_version=&#8220;4.25.2&#8243; _module_preset=&#8220;default&#8220; global_colors_info=&#8220;{}&#8220; custom_css_main_element_last_edited=&#8220;on|tablet&#8220; custom_css_main_element_tablet=&#8220;order: 2;||&#8220; custom_css_main_element_phone=&#8220;order: 2;||&#8220;][et_pb_image src=&#8220;https:\/\/integriscomposites.com\/wp-content\/uploads\/2024\/07\/TENCATE-DK-_DSC1211-06-04-22.jpg&#8220; title_text=&#8220;TENCATE-DK-_DSC1211-06-04-22&#8243; _builder_version=&#8220;4.27.0&#8243; _module_preset=&#8220;default&#8220; box_shadow_style=&#8220;preset4&#8243; box_shadow_horizontal=&#8220;20px&#8220; box_shadow_vertical=&#8220;20px&#8220; box_shadow_color=&#8220;rgba(0,40,102,0.15)&#8220; global_colors_info=&#8220;{}&#8220;][\/et_pb_image][\/et_pb_column][\/et_pb_row][et_pb_row column_structure=&#8220;1_2,1_2&#8243; _builder_version=&#8220;4.27.0&#8243; _module_preset=&#8220;default&#8220; locked=&#8220;off&#8220; global_colors_info=&#8220;{}&#8220; custom_css_main_element_last_edited=&#8220;off|tablet&#8220;][et_pb_column type=&#8220;1_2&#8243; _builder_version=&#8220;4.25.2&#8243; _module_preset=&#8220;default&#8220; global_colors_info=&#8220;{}&#8220; custom_css_main_element_last_edited=&#8220;on|tablet&#8220; custom_css_main_element_tablet=&#8220;order: 2;||&#8220; custom_css_main_element_phone=&#8220;order: 2;||&#8220;][et_pb_image src=&#8220;https:\/\/integriscomposites.com\/wp-content\/uploads\/2025\/07\/Brigade-de-recherche-et-dintervention-5.jpg&#8220; alt=&#8220;Brigade de recherche et d&#039;intervention&#8220; title_text=&#8220;Brigade de recherche et d&#039;intervention 5&#8243; _builder_version=&#8220;4.27.4&#8243; _module_preset=&#8220;default&#8220; box_shadow_style=&#8220;preset4&#8243; box_shadow_horizontal=&#8220;20px&#8220; box_shadow_vertical=&#8220;20px&#8220; box_shadow_color=&#8220;rgba(0,40,102,0.15)&#8220; global_colors_info=&#8220;{}&#8220;][\/et_pb_image][\/et_pb_column][et_pb_column type=&#8220;1_2&#8243; _builder_version=&#8220;4.25.2&#8243; _module_preset=&#8220;default&#8220; global_colors_info=&#8220;{}&#8220; custom_css_main_element_last_edited=&#8220;on|tablet&#8220; custom_css_main_element_tablet=&#8220;order: 1;||&#8220; custom_css_main_element_phone=&#8220;order: 1;||&#8220;][et_pb_text _builder_version=&#8220;4.27.0&#8243; _module_preset=&#8220;75244c77-7bf4-4c3f-a873-54cc93ac7c1e&#8220; global_colors_info=&#8220;{}&#8220;]<\/p>\n<p>Die erstmals auf der Milipol 2023 und der EnforceTac 2024 vorgestellte Initiative &#8222;Design Your Own Shield&#8220; ist bei taktischen Anwendern auf gro\u00dfes Interesse gesto\u00dfen. Das Feedback konzentrierte sich insbesondere auf die Bedeutung der Griffkonfiguration, was Integris dazu veranlasste, eine Reihe von Prototypen aus Materialien wie Aluminium, Stahl und aramidverst\u00e4rktem ABS zu entwickeln. Zur Unterst\u00fctzung der Entwicklung und Erprobung sind auch 3D-gedruckte Muster f\u00fcr ergonomische Tests verf\u00fcgbar, obwohl diese Modelle nicht einsatzbereit sind.  <\/p>\n<h3>Schutz-Standards<\/h3>\n<p>Es ist wichtig, die Schutzstufen des National Institute of Justice (NIJ) zu kennen:<\/p>\n<p>&#8211; Stufe II: H\u00e4lt g\u00e4ngige Handfeuerwaffengeschosse auf (z.B. 9mm, .45 ACP); verwendet in der Regel eine weiche Panzerung.<br \/>&#8211; Stufe IIIA: Sch\u00fctzt gegen die meisten Handfeuerwaffen bis zu .44 Magnum, Maschinenpistolenkugeln und Schrotflintengeschosse; verwendet Weich- oder Hartpanzerung.<br \/>&#8211; Stufe III: Harte Panzerung, die Gewehrkugeln (z.B. 7,62mm FMJ) aufhalten kann.<br \/>&#8211; Stufe IV: Verteidigt sich gegen panzerbrechende Gewehrbedrohungen.<\/p>\n<p>Alle ma\u00dfgeschneiderten Schilde sind mit der charakteristischen Rosist-Beschichtung von Integris versehen, die maximale Haltbarkeit unter anspruchsvollen Bedingungen gew\u00e4hrleistet.<\/p>\n<p>&nbsp;<\/p>\n<p>[\/et_pb_text][\/et_pb_column][\/et_pb_row][\/et_pb_section][et_pb_section fb_built=&#8220;1&#8243; _builder_version=&#8220;4.27.0&#8243; _module_preset=&#8220;default&#8220; global_colors_info=&#8220;{}&#8220;][et_pb_row _builder_version=&#8220;4.27.0&#8243; _module_preset=&#8220;default&#8220; custom_padding=&#8220;25px|||||&#8220; global_colors_info=&#8220;{}&#8220;][et_pb_column type=&#8220;4_4&#8243; _builder_version=&#8220;4.27.0&#8243; _module_preset=&#8220;default&#8220; global_colors_info=&#8220;{}&#8220;][et_pb_video src=&#8220;https:\/\/youtu.be\/nHqB4x1-Pr4?si=llZIVYXHJvob47Ue&#8220; _builder_version=&#8220;4.27.0&#8243; _module_preset=&#8220;default&#8220; global_colors_info=&#8220;{}&#8220;][\/et_pb_video][\/et_pb_column][\/et_pb_row][\/et_pb_section][et_pb_section fb_built=&#8220;1&#8243; _builder_version=&#8220;4.26.1&#8243; _module_preset=&#8220;default&#8220; custom_padding=&#8220;30px||30px||true|false&#8220; locked=&#8220;off&#8220; global_colors_info=&#8220;{}&#8220;][et_pb_row _builder_version=&#8220;4.27.0&#8243; _module_preset=&#8220;default&#8220; global_colors_info=&#8220;{}&#8220;][et_pb_column type=&#8220;4_4&#8243; _builder_version=&#8220;4.27.0&#8243; _module_preset=&#8220;default&#8220; global_colors_info=&#8220;{}&#8220;][et_pb_text _builder_version=&#8220;4.27.0&#8243; _module_preset=&#8220;75244c77-7bf4-4c3f-a873-54cc93ac7c1e&#8220; text_orientation=&#8220;center&#8220; locked=&#8220;off&#8220; global_colors_info=&#8220;{}&#8220;]<\/p>\n<h2><em>IHR PARTNER IM INDUSTRIELLEN MASSSTAB<\/em><\/h2>\n<p>[\/et_pb_text][\/et_pb_column][\/et_pb_row][et_pb_row column_structure=&#8220;1_2,1_2&#8243; _builder_version=&#8220;4.27.0&#8243; _module_preset=&#8220;default&#8220; custom_padding=&#8220;10px||10px||true|false&#8220; global_colors_info=&#8220;{}&#8220;][et_pb_column type=&#8220;1_2&#8243; _builder_version=&#8220;4.26.1&#8243; _module_preset=&#8220;default&#8220; global_colors_info=&#8220;{}&#8220;][et_pb_text _builder_version=&#8220;4.27.0&#8243; _module_preset=&#8220;75244c77-7bf4-4c3f-a873-54cc93ac7c1e&#8220; header_2_text_align=&#8220;center&#8220; custom_padding=&#8220;||||false|false&#8220; locked=&#8220;off&#8220; global_colors_info=&#8220;{}&#8220;]<\/p>\n<h3>Endbenutzer-L\u00e4nder Auswahl<\/h3>\n<p>[\/et_pb_text][\/et_pb_column][et_pb_column type=&#8220;1_2&#8243; _builder_version=&#8220;4.26.1&#8243; _module_preset=&#8220;default&#8220; global_colors_info=&#8220;{}&#8220;][et_pb_text disabled_on=&#8220;on|on|off&#8220; _builder_version=&#8220;4.27.0&#8243; _module_preset=&#8220;75244c77-7bf4-4c3f-a873-54cc93ac7c1e&#8220; header_2_text_align=&#8220;center&#8220; locked=&#8220;off&#8220; global_colors_info=&#8220;{}&#8220;]<\/p>\n<h3>Referenzen ausw\u00e4hlen<\/h3>\n<p>[\/et_pb_text][\/et_pb_column][\/et_pb_row][et_pb_row column_structure=&#8220;1_6,1_6,1_6,1_2&#8243; _builder_version=&#8220;4.27.0&#8243; _module_preset=&#8220;default&#8220; custom_padding=&#8220;10px||10px||true|false&#8220; custom_css_main_element=&#8220;display: flex;&#8220; global_colors_info=&#8220;{}&#8220;][et_pb_column type=&#8220;1_6&#8243; _builder_version=&#8220;4.27.0&#8243; _module_preset=&#8220;default&#8220; global_colors_info=&#8220;{}&#8220; custom_css_main_element_last_edited=&#8220;on|phone&#8220; custom_css_main_element_phone=&#8220;flex: 0 50%;||margin-bottom: 0 !important;&#8220;][et_pb_text _builder_version=&#8220;4.27.0&#8243; _module_preset=&#8220;default&#8220; custom_css_free_form=&#8220;.countrylist {||  padding-bottom: 0 !important;||}&#8220; locked=&#8220;off&#8220; global_colors_info=&#8220;{}&#8220;]<\/p>\n<ul class=\"countrylist\">\n<li>Angola<\/li>\n<li>Australia<\/li>\n<li>Austria<\/li>\n<li>Bahrain<\/li>\n<li>Belgium<\/li>\n<li>Botswana<\/li>\n<li>Brazil<\/li>\n<li>Canada<\/li>\n<li>Colombia<\/li>\n<li>Croatia<\/li>\n<li>Czech Republic<\/li>\n<li>Denmark<\/li>\n<li>Egypt<\/li>\n<li>Estonia<\/li>\n<li>Finland<\/li>\n<li>France<\/li>\n<\/ul>\n<p>[\/et_pb_text][\/et_pb_column][et_pb_column type=&#8220;1_6&#8243; _builder_version=&#8220;4.27.0&#8243; _module_preset=&#8220;default&#8220; global_colors_info=&#8220;{}&#8220; custom_css_main_element__hover_enabled=&#8220;off|desktop&#8220; custom_css_main_element_last_edited=&#8220;on|phone&#8220; custom_css_main_element_phone=&#8220;flex: 0 50%;||margin-bottom: 0 !important;&#8220;][et_pb_text _builder_version=&#8220;4.27.0&#8243; _module_preset=&#8220;default&#8220; locked=&#8220;off&#8220; global_colors_info=&#8220;{}&#8220;]<\/p>\n<ul class=\"countrylist\">\n<li>Georgia<\/li>\n<li>Germany<\/li>\n<li>India<\/li>\n<li>Indonesia<\/li>\n<li>Iraq<\/li>\n<li>Ireland<\/li>\n<li>Japan<\/li>\n<li>Jordan<\/li>\n<li>Kuwait<\/li>\n<li>Latvia<\/li>\n<li>Lithuania<\/li>\n<li>Luxembourg<\/li>\n<li>Mexico<\/li>\n<li>Morocco<\/li>\n<li>Netherlands<\/li>\n<li>Norway<\/li>\n<\/ul>\n<p>[\/et_pb_text][\/et_pb_column][et_pb_column type=&#8220;1_6&#8243; _builder_version=&#8220;4.26.1&#8243; _module_preset=&#8220;default&#8220; global_colors_info=&#8220;{}&#8220;][et_pb_text _builder_version=&#8220;4.27.0&#8243; _module_preset=&#8220;default&#8220; locked=&#8220;off&#8220; global_colors_info=&#8220;{}&#8220;]<\/p>\n<ul class=\"countrylist\">\n<li>Nigeria<\/li>\n<li>Pakistan<\/li>\n<li>Portugal<\/li>\n<li>Qatar<\/li>\n<li>Saudi Arabia<\/li>\n<li>Singapore<\/li>\n<li>Slovakia<\/li>\n<li>Slovenia<\/li>\n<li>Spain<\/li>\n<li>Sweden<\/li>\n<li>Switzerland<\/li>\n<li>Thailand<\/li>\n<li>Turkey<\/li>\n<li>Ukraine<\/li>\n<li>United Arab Emirates<\/li>\n<li>United States<\/li>\n<\/ul>\n<p>[\/et_pb_text][\/et_pb_column][et_pb_column type=&#8220;1_2&#8243; _builder_version=&#8220;4.26.1&#8243; _module_preset=&#8220;default&#8220; global_colors_info=&#8220;{}&#8220;][et_pb_text disabled_on=&#8220;off|off|on&#8220; _builder_version=&#8220;4.27.0&#8243; _module_preset=&#8220;75244c77-7bf4-4c3f-a873-54cc93ac7c1e&#8220; header_2_text_align=&#8220;center&#8220; custom_margin=&#8220;||0px||false|false&#8220; locked=&#8220;off&#8220; global_colors_info=&#8220;{}&#8220;]<\/p>\n<h3>Referenzen ausw\u00e4hlen<\/h3>\n<p>[\/et_pb_text][et_pb_gallery gallery_ids=&#8220;2075,2078,2063,2057,2051,2054,2060,2069,2066,2045,2072&#8243; posts_number=&#8220;100&#8243; show_title_and_caption=&#8220;off&#8220; show_pagination=&#8220;off&#8220; zoom_icon_color=&#8220;RGBA(255,255,255,0)&#8220; hover_overlay_color=&#8220;RGBA(255,255,255,0)&#8220; _builder_version=&#8220;4.27.0&#8243; _module_preset=&#8220;default&#8220; custom_css_free_form=&#8220;selector .et_pb_gallery_item a {||    pointer-events: none;||}||selector .et_overlay {||    display: none !important;||}||selector .et_pb_gallery_items {||    display: flex;||    flex-wrap: wrap;||}||selector .et_pb_grid_item {||  width: 100% !important;||  flex: 0 31.333% !important;||  margin-right: 2% !important;||}||selector .et_pb_gallery_item img {||      height: 60px;||    object-fit: contain;||}||@media only screen and (max-width: 767px) {||  selector .et_pb_grid_item {||    margin-bottom: 20px !important;||  }||}&#8220; global_colors_info=&#8220;{}&#8220;][\/et_pb_gallery][\/et_pb_column][\/et_pb_row][\/et_pb_section]<\/p>\n","protected":false},"excerpt":{"rendered":"<p>ENTWERFEN SIE IHR EIGENES SCHILD Jeder Aspekt des ballistischen Schutzschildes wurde auf der Grundlage spezifischer Kundenanforderungen entwickeltDER ENDVERBRAUCHER IM FOKUSIntegris Composites bietet eine ma\u00dfgeschneiderte L\u00f6sung f\u00fcr Strafverfolgungs- und Milit\u00e4reinheiten, die einen ballistischen Schutz suchen, der auf ihre spezifischen operativen Anforderungen zugeschnitten ist. Unser &#8222;Design Your Own Shield&#8220;-Programm erm\u00f6glicht es unseren Kunden, kritische Aspekte ihrer ballistischen [&hellip;]<\/p>\n","protected":false},"author":2,"featured_media":2006,"parent":8779,"menu_order":4,"comment_status":"closed","ping_status":"closed","template":"","meta":{"_et_pb_use_builder":"on","_et_pb_old_content":"","_et_gb_content_width":"","_monsterinsights_skip_tracking":false,"_monsterinsights_sitenote_active":false,"_monsterinsights_sitenote_note":"","_monsterinsights_sitenote_category":0,"footnotes":""},"class_list":["post-8795","page","type-page","status-publish","has-post-thumbnail","hentry"],"aioseo_notices":[],"_links":{"self":[{"href":"https:\/\/integriscomposites.com\/de\/wp-json\/wp\/v2\/pages\/8795","targetHints":{"allow":["GET"]}}],"collection":[{"href":"https:\/\/integriscomposites.com\/de\/wp-json\/wp\/v2\/pages"}],"about":[{"href":"https:\/\/integriscomposites.com\/de\/wp-json\/wp\/v2\/types\/page"}],"author":[{"embeddable":true,"href":"https:\/\/integriscomposites.com\/de\/wp-json\/wp\/v2\/users\/2"}],"replies":[{"embeddable":true,"href":"https:\/\/integriscomposites.com\/de\/wp-json\/wp\/v2\/comments?post=8795"}],"version-history":[{"count":3,"href":"https:\/\/integriscomposites.com\/de\/wp-json\/wp\/v2\/pages\/8795\/revisions"}],"predecessor-version":[{"id":8798,"href":"https:\/\/integriscomposites.com\/de\/wp-json\/wp\/v2\/pages\/8795\/revisions\/8798"}],"up":[{"embeddable":true,"href":"https:\/\/integriscomposites.com\/de\/wp-json\/wp\/v2\/pages\/8779"}],"wp:featuredmedia":[{"embeddable":true,"href":"https:\/\/integriscomposites.com\/de\/wp-json\/wp\/v2\/media\/2006"}],"wp:attachment":[{"href":"https:\/\/integriscomposites.com\/de\/wp-json\/wp\/v2\/media?parent=8795"}],"curies":[{"name":"wp","href":"https:\/\/api.w.org\/{rel}","templated":true}]}}