{"id":3144,"date":"2024-07-16T19:28:04","date_gmt":"2024-07-16T19:28:04","guid":{"rendered":"https:\/\/integriscomposites.com\/qualitaetssicherung\/"},"modified":"2024-08-25T20:18:00","modified_gmt":"2024-08-25T20:18:00","slug":"qualitaetssicherung","status":"publish","type":"page","link":"https:\/\/integriscomposites.com\/de\/qualitaetssicherung\/","title":{"rendered":"Qualit\u00e4tssicherung"},"content":{"rendered":"<p>[et_pb_section fb_built=&#8220;1&#8243; _builder_version=&#8220;4.25.2&#8243; _module_preset=&#8220;default&#8220; background_image=&#8220;https:\/\/integriscomposites.com\/wp-content\/uploads\/2024\/07\/TEN-1920&#215;805-Hero-15.jpg&#8220; custom_padding=&#8220;15%||5%||false|false&#8220; bottom_divider_height=&#8220;40px&#8220; locked=&#8220;off&#8220; global_colors_info=&#8220;{}&#8220;][et_pb_row module_class=&#8220;hero-row&#8220; _builder_version=&#8220;4.25.2&#8243; _module_preset=&#8220;default&#8220; background_color=&#8220;rgba(0,40,102,0.85)&#8220; width=&#8220;100%&#8220; max_width=&#8220;100%&#8220; custom_padding=&#8220;25px|25px|25px|25px|true|true&#8220; global_colors_info=&#8220;{}&#8220;][et_pb_column type=&#8220;4_4&#8243; _builder_version=&#8220;4.25.2&#8243; _module_preset=&#8220;default&#8220; global_colors_info=&#8220;{}&#8220;][et_pb_text _builder_version=&#8220;4.25.2&#8243; _module_preset=&#8220;default&#8220; text_text_color=&#8220;#FFFFFF&#8220; header_text_color=&#8220;#FFFFFF&#8220; global_colors_info=&#8220;{}&#8220;]<\/p>\n<h1>Qualit\u00e4tssicherung<\/h1>\n<p>  Das Qualit\u00e4tsmanagementsystem von Integris Composites ist nach ISO9001 &amp; EN\/AS9100 zertifiziert.[\/et_pb_text][\/et_pb_column][\/et_pb_row][\/et_pb_section][et_pb_section fb_built=&#8220;1&#8243; _builder_version=&#8220;4.25.2&#8243; _module_preset=&#8220;default&#8220; global_colors_info=&#8220;{}&#8220;][et_pb_row column_structure=&#8220;1_2,1_2&#8243; _builder_version=&#8220;4.25.2&#8243; _module_preset=&#8220;default&#8220; custom_css_main_element=&#8220;display: flex;||flex-wrap: wrap;&#8220; global_colors_info=&#8220;{}&#8220; custom_css_main_element_last_edited=&#8220;off|tablet&#8220;][et_pb_column type=&#8220;1_2&#8243; _builder_version=&#8220;4.25.2&#8243; _module_preset=&#8220;default&#8220; global_colors_info=&#8220;{}&#8220; custom_css_main_element_last_edited=&#8220;on|tablet&#8220; custom_css_main_element_tablet=&#8220;order: 2;||&#8220; custom_css_main_element_phone=&#8220;order: 2;||&#8220;][et_pb_image src=&#8220;https:\/\/integriscomposites.com\/wp-content\/uploads\/2024\/07\/TEN-1000&#215;1000-6.jpg&#8220; title_text=&#8220;TEN-1000&#215;1000-6&#8243; _builder_version=&#8220;4.25.2&#8243; _module_preset=&#8220;default&#8220; global_colors_info=&#8220;{}&#8220;][\/et_pb_image][\/et_pb_column][et_pb_column type=&#8220;1_2&#8243; _builder_version=&#8220;4.25.2&#8243; _module_preset=&#8220;default&#8220; global_colors_info=&#8220;{}&#8220; custom_css_main_element_last_edited=&#8220;on|tablet&#8220; custom_css_main_element_tablet=&#8220;order: 1;||&#8220; custom_css_main_element_phone=&#8220;order: 1;||&#8220;][et_pb_text _builder_version=&#8220;4.27.0&#8243; _module_preset=&#8220;default&#8220; custom_padding_tablet=&#8220;||30px||false|false&#8220; custom_padding_phone=&#8220;||30px||false|false&#8220; custom_padding_last_edited=&#8220;on|phone&#8220; hover_enabled=&#8220;0&#8243; global_colors_info=&#8220;{}&#8220; sticky_enabled=&#8220;0&#8243;]<\/p>\n<h2>Anspruchsvolle Qualit\u00e4t von Anfang bis Ende.<\/h2>\n<p>W\u00e4hrend des gesamten Prozesses wird jeder Rohstoff, jedes Halbfabrikat und jedes Endprodukt identifiziert und \u00fcberwacht, um sicherzustellen, dass sein Werdegang vollst\u00e4ndig dokumentiert wird &#8211; und somit r\u00fcckverfolgbar ist.<\/p>\n<p>Das Qualit\u00e4tssicherungssystem von Integris Composites erstreckt sich auf alle Aspekte der \u00dcberwachung der Vertragserf\u00fcllung, einschlie\u00dflich Design, Produktentwicklung, Einkauf, Herstellung, Inspektion, Wartung, Verpackung, Versand und Lagerung.<\/p>\n<p>Alle beschafften oder erbrachten Lieferungen und Dienstleistungen werden \u00fcberpr\u00fcft, um sicherzustellen, dass sie den geltenden vertraglichen und gesetzlichen Anforderungen entsprechen.<\/p>\n<p>Integris betreibt drei Produktionsst\u00e4tten &#8211; in Primarette, Frankreich, in Hebron, Ohio, USA, und in Vissenbjerg, D\u00e4nemark &#8211; jede mit eigenem Qualit\u00e4tszertifikat und Qualit\u00e4tsmanager.<\/p>\n<p>Um die bestm\u00f6gliche &#8211; und einheitlichste &#8211; Qualit\u00e4t zu gew\u00e4hrleisten, legen die verschiedenen Werke ihre Qualit\u00e4tsmanagementsysteme zusammen, wann immer dies sinnvoll ist.<\/p>\n<p>[\/et_pb_text][\/et_pb_column][\/et_pb_row][\/et_pb_section][et_pb_section fb_built=&#8220;1&#8243; _builder_version=&#8220;4.25.2&#8243; _module_preset=&#8220;default&#8220; custom_padding=&#8220;15px||15px||true|false&#8220; global_colors_info=&#8220;{}&#8220;][et_pb_row _builder_version=&#8220;4.25.2&#8243; _module_preset=&#8220;default&#8220; custom_padding=&#8220;||0px||false|false&#8220; global_colors_info=&#8220;{}&#8220;][et_pb_column type=&#8220;4_4&#8243; _builder_version=&#8220;4.25.2&#8243; _module_preset=&#8220;default&#8220; global_colors_info=&#8220;{}&#8220;][et_pb_text _builder_version=&#8220;4.25.2&#8243; _module_preset=&#8220;75244c77-7bf4-4c3f-a873-54cc93ac7c1e&#8220; global_colors_info=&#8220;{}&#8220;]<\/p>\n<h2>Qualit\u00e4tszertifikate: Vereinigte Staaten<\/h2>\n<p>[\/et_pb_text][\/et_pb_column][\/et_pb_row][et_pb_row column_structure=&#8220;1_5,1_5,1_5,1_5,1_5&#8243; _builder_version=&#8220;4.25.2&#8243; _module_preset=&#8220;default&#8220; global_colors_info=&#8220;{}&#8220;][et_pb_column type=&#8220;1_5&#8243; _builder_version=&#8220;4.25.2&#8243; _module_preset=&#8220;default&#8220; global_colors_info=&#8220;{}&#8220;][et_pb_image src=&#8220;https:\/\/integriscomposites.com\/wp-content\/uploads\/2024\/07\/AS-Certificate-Integris.jpg&#8220; title_text=&#8220;AS-Zertifikat-Integris&#8220; url=&#8220;\/wp-content\/uploads\/2024\/07\/AS-Certificate-Integris.pdf&#8220; url_new_window=&#8220;on&#8220; align=&#8220;center&#8220; _builder_version=&#8220;4.25.2&#8243; _module_preset=&#8220;default&#8220; global_colors_info=&#8220;{}&#8220;][\/et_pb_image][et_pb_text _builder_version=&#8220;4.25.2&#8243; _module_preset=&#8220;default&#8220; text_orientation=&#8220;center&#8220; global_colors_info=&#8220;{}&#8220;]<\/p>\n<p><a href=\"\/wp-content\/uploads\/2024\/07\/AS-Certificate-Integris.pdf\" target=\"_blank\" rel=\"noopener\"><strong>US &#8211; AS9100-2016<\/strong><\/a><\/p>\n<p>[\/et_pb_text][\/et_pb_column][et_pb_column type=&#8220;1_5&#8243; _builder_version=&#8220;4.25.2&#8243; _module_preset=&#8220;default&#8220; global_colors_info=&#8220;{}&#8220;][et_pb_image src=&#8220;https:\/\/integriscomposites.com\/wp-content\/uploads\/2024\/07\/ISO-Certificate-Integris.jpg&#8220; title_text=&#8220;ISO-Zertifikat-Integris&#8220; url=&#8220;\/wp-content\/uploads\/2024\/07\/ISO-Certificate-Integris.pdf&#8220; url_new_window=&#8220;on&#8220; align=&#8220;center&#8220; _builder_version=&#8220;4.25.2&#8243; _module_preset=&#8220;default&#8220; global_colors_info=&#8220;{}&#8220;][\/et_pb_image][et_pb_text _builder_version=&#8220;4.25.2&#8243; _module_preset=&#8220;default&#8220; text_orientation=&#8220;center&#8220; global_colors_info=&#8220;{}&#8220;]<a href=\"\/wp-content\/uploads\/2024\/07\/ISO-Certificate-Integris.pdf\" target=\"_blank\" rel=\"noopener\"><strong>US &#8211; ISO9001-2015<\/strong><\/a>[\/et_pb_text][\/et_pb_column][et_pb_column type=&#8220;1_5&#8243; _builder_version=&#8220;4.25.2&#8243; _module_preset=&#8220;default&#8220; global_colors_info=&#8220;{}&#8220;][\/et_pb_column][et_pb_column type=&#8220;1_5&#8243; _builder_version=&#8220;4.25.2&#8243; _module_preset=&#8220;default&#8220; global_colors_info=&#8220;{}&#8220;][\/et_pb_column][et_pb_column type=&#8220;1_5&#8243; _builder_version=&#8220;4.25.2&#8243; _module_preset=&#8220;default&#8220; global_colors_info=&#8220;{}&#8220;][\/et_pb_column][\/et_pb_row][\/et_pb_section][et_pb_section fb_built=&#8220;1&#8243; _builder_version=&#8220;4.25.2&#8243; _module_preset=&#8220;default&#8220; custom_padding=&#8220;15px||15px||true|false&#8220; global_colors_info=&#8220;{}&#8220;][et_pb_row _builder_version=&#8220;4.25.2&#8243; _module_preset=&#8220;default&#8220; custom_padding=&#8220;||0px||false|false&#8220; global_colors_info=&#8220;{}&#8220;][et_pb_column type=&#8220;4_4&#8243; _builder_version=&#8220;4.25.2&#8243; _module_preset=&#8220;default&#8220; global_colors_info=&#8220;{}&#8220;][et_pb_text _builder_version=&#8220;4.25.2&#8243; _module_preset=&#8220;75244c77-7bf4-4c3f-a873-54cc93ac7c1e&#8220; global_colors_info=&#8220;{}&#8220;]<\/p>\n<h2>Qualit\u00e4tszertifikate: D\u00e4nemark<\/h2>\n<p>[\/et_pb_text][\/et_pb_column][\/et_pb_row][et_pb_row column_structure=&#8220;1_5,1_5,1_5,1_5,1_5&#8243; _builder_version=&#8220;4.25.2&#8243; _module_preset=&#8220;default&#8220; global_colors_info=&#8220;{}&#8220;][et_pb_column type=&#8220;1_5&#8243; _builder_version=&#8220;4.25.2&#8243; _module_preset=&#8220;default&#8220; global_colors_info=&#8220;{}&#8220;][et_pb_image src=&#8220;https:\/\/integriscomposites.com\/wp-content\/uploads\/2024\/07\/Denmark-ISO-14001.jpg&#8220; title_text=&#8220;D\u00e4nemark-ISO-14001&#8243; url=&#8220;\/wp-content\/uploads\/2024\/07\/Denmark-ISO-14001.pdf&#8220; url_new_window=&#8220;on&#8220; align=&#8220;center&#8220; _builder_version=&#8220;4.25.2&#8243; _module_preset=&#8220;default&#8220; global_colors_info=&#8220;{}&#8220;][\/et_pb_image][et_pb_text _builder_version=&#8220;4.25.2&#8243; _module_preset=&#8220;default&#8220; text_orientation=&#8220;center&#8220; global_colors_info=&#8220;{}&#8220;]<a href=\"\/wp-content\/uploads\/2024\/07\/Denmark-ISO-14001.pdf\" target=\"_blank\" rel=\"noopener\"><strong>DK &#8211; ISO14001-2015<\/strong><\/a>[\/et_pb_text][\/et_pb_column][et_pb_column type=&#8220;1_5&#8243; _builder_version=&#8220;4.25.2&#8243; _module_preset=&#8220;default&#8220; global_colors_info=&#8220;{}&#8220;][et_pb_image src=&#8220;https:\/\/integriscomposites.com\/wp-content\/uploads\/2024\/07\/Denmark-ISO-9001_Page_1.jpg&#8220; title_text=&#8220;Denmark-ISO-9001_Page_1&#8243; url=&#8220;\/wp-content\/uploads\/2024\/07\/Denmark-ISO-9001.pdf&#8220; url_new_window=&#8220;on&#8220; align=&#8220;center&#8220; _builder_version=&#8220;4.25.2&#8243; _module_preset=&#8220;default&#8220; global_colors_info=&#8220;{}&#8220;][\/et_pb_image][et_pb_text _builder_version=&#8220;4.25.2&#8243; _module_preset=&#8220;default&#8220; text_orientation=&#8220;center&#8220; global_colors_info=&#8220;{}&#8220;]<a href=\"\/wp-content\/uploads\/2024\/07\/Denmark-ISO-9001.pdf\" target=\"_blank\" rel=\"noopener\"><strong>DK &#8211; ISO9001-2015<\/strong><\/a>[\/et_pb_text][\/et_pb_column][et_pb_column type=&#8220;1_5&#8243; _builder_version=&#8220;4.25.2&#8243; _module_preset=&#8220;default&#8220; global_colors_info=&#8220;{}&#8220;][et_pb_image src=&#8220;https:\/\/integriscomposites.com\/wp-content\/uploads\/2024\/07\/Cyber-Essentials-Certificate-TenCate-Advanced-Armour-Danmark-AS.pdf-thumb.png&#8220; title_text=&#8220;Cyber-Essentials-Zertifikat-TenCate-Advanced-Armour-Danmark-AS.pdf-thumb&#8220; url=&#8220;\/wp-content\/uploads\/2024\/07\/Cyber-Essentials-Certificate-TenCate-Advanced-Armour-Danmark-AS.pdf&#8220; url_new_window=&#8220;on&#8220; align=&#8220;center&#8220; _builder_version=&#8220;4.25.2&#8243; _module_preset=&#8220;default&#8220; global_colors_info=&#8220;{}&#8220;][\/et_pb_image][et_pb_text _builder_version=&#8220;4.25.2&#8243; _module_preset=&#8220;default&#8220; text_orientation=&#8220;center&#8220; global_colors_info=&#8220;{}&#8220;]<\/p>\n<p><a href=\"\/wp-content\/uploads\/2024\/07\/Cyber-Essentials-Certificate-TenCate-Advanced-Armour-Danmark-AS.pdf\" target=\"_blank\" rel=\"noopener\"><strong>Cyber Essentials-Zertifikat TenCate Advanced Armour Danmark AS<\/strong><\/a><\/p>\n<p>[\/et_pb_text][\/et_pb_column][et_pb_column type=&#8220;1_5&#8243; _builder_version=&#8220;4.25.2&#8243; _module_preset=&#8220;default&#8220; global_colors_info=&#8220;{}&#8220;][et_pb_image src=&#8220;https:\/\/integriscomposites.com\/wp-content\/uploads\/2024\/07\/Cyber-Essentials-Plus-Certificate-TenCate-Advanced-Armour-Danmark-AS.pdf-thumb.png&#8220; title_text=&#8220;Cyber-Essentials-Plus-Zertifikat-TenCate-Advanced-Armour-Danmark-AS.pdf-thumb&#8220; url=&#8220;\/wp-content\/uploads\/2024\/07\/Cyber-Essentials-Plus-Certificate-TenCate-Advanced-Armour-Danmark-AS.pdf&#8220; url_new_window=&#8220;on&#8220; align=&#8220;center&#8220; _builder_version=&#8220;4.25.2&#8243; _module_preset=&#8220;default&#8220; global_colors_info=&#8220;{}&#8220;][\/et_pb_image][et_pb_text _builder_version=&#8220;4.25.2&#8243; _module_preset=&#8220;default&#8220; text_orientation=&#8220;center&#8220; global_colors_info=&#8220;{}&#8220;]<a href=\"\/wp-content\/uploads\/2024\/07\/Cyber-Essentials-Plus-Certificate-TenCate-Advanced-Armour-Danmark-AS.pdf\" target=\"_blank\" rel=\"noopener\"><strong>Cyber Essentials Plus-Zertifikat TenCate Advanced Armour Danmark AS<\/strong><\/a>[\/et_pb_text][\/et_pb_column][et_pb_column type=&#8220;1_5&#8243; _builder_version=&#8220;4.25.2&#8243; _module_preset=&#8220;default&#8220; global_colors_info=&#8220;{}&#8220;][\/et_pb_column][\/et_pb_row][\/et_pb_section][et_pb_section fb_built=&#8220;1&#8243; _builder_version=&#8220;4.25.2&#8243; _module_preset=&#8220;default&#8220; custom_padding=&#8220;15px||15px||true|false&#8220; global_colors_info=&#8220;{}&#8220;][et_pb_row _builder_version=&#8220;4.25.2&#8243; _module_preset=&#8220;default&#8220; custom_padding=&#8220;||0px||false|false&#8220; global_colors_info=&#8220;{}&#8220;][et_pb_column type=&#8220;4_4&#8243; _builder_version=&#8220;4.25.2&#8243; _module_preset=&#8220;default&#8220; global_colors_info=&#8220;{}&#8220;][et_pb_text _builder_version=&#8220;4.25.2&#8243; _module_preset=&#8220;75244c77-7bf4-4c3f-a873-54cc93ac7c1e&#8220; global_colors_info=&#8220;{}&#8220;]<\/p>\n<h2>Qualit\u00e4tszertifikate: Frankreich<\/h2>\n<p>[\/et_pb_text][\/et_pb_column][\/et_pb_row][et_pb_row column_structure=&#8220;1_5,1_5,1_5,1_5,1_5&#8243; _builder_version=&#8220;4.25.2&#8243; _module_preset=&#8220;default&#8220; global_colors_info=&#8220;{}&#8220;][et_pb_column type=&#8220;1_5&#8243; _builder_version=&#8220;4.25.2&#8243; _module_preset=&#8220;default&#8220; global_colors_info=&#8220;{}&#8220;][et_pb_image src=&#8220;https:\/\/integriscomposites.com\/wp-content\/uploads\/2024\/07\/AQAP-2110-D_FR-Certificats-QualiteQuality-Certificates-validity-08092026.jpg&#8220; title_text=&#8220;AQAP-2110-D_FR-Zertifikate-Qualit\u00e4t-Qualit\u00e4tszertifikate-G\u00fcltigkeit-08092026&#8243; url=&#8220;\/wp-content\/uploads\/2024\/07\/AQAP-2110-D_FR-Certificats-QualiteQuality-Certificates-validity-08092026.pdf&#8220; url_new_window=&#8220;on&#8220; align=&#8220;center&#8220; _builder_version=&#8220;4.25.2&#8243; _module_preset=&#8220;default&#8220; global_colors_info=&#8220;{}&#8220;][\/et_pb_image][et_pb_text _builder_version=&#8220;4.25.2&#8243; _module_preset=&#8220;default&#8220; text_orientation=&#8220;center&#8220; global_colors_info=&#8220;{}&#8220;]<a href=\"\/wp-content\/uploads\/2024\/07\/AQAP-2110-D_FR-Certificats-QualiteQuality-Certificates-validity-08092026.pdf\" target=\"_blank\" rel=\"noopener\"><strong>FR &#8211; AQAP2110D<\/strong><\/a>[\/et_pb_text][\/et_pb_column][et_pb_column type=&#8220;1_5&#8243; _builder_version=&#8220;4.25.2&#8243; _module_preset=&#8220;default&#8220; global_colors_info=&#8220;{}&#8220;][et_pb_image src=&#8220;https:\/\/integriscomposites.com\/wp-content\/uploads\/2024\/07\/EN-91002018.-AS-9100D-JISQ-91002016-Certificats-QualiteQuality-Certificates-validity-08092026.jpg&#8220; title_text=&#8220;EN-91002018.-AS-9100D-JISQ-91002016-Certificats-Qualit\u00e9Quality-Certificates-validity-08092026&#8243; url=&#8220;\/wp-content\/uploads\/2024\/07\/EN-91002018.-AS-9100D-JISQ-91002016-Certificats-QualiteQuality-Certificates-validity-08092026.pdf&#8220; url_new_window=&#8220;on&#8220; align=&#8220;center&#8220; _builder_version=&#8220;4.25.2&#8243; _module_preset=&#8220;default&#8220; global_colors_info=&#8220;{}&#8220;][\/et_pb_image][et_pb_text _builder_version=&#8220;4.25.2&#8243; _module_preset=&#8220;default&#8220; text_orientation=&#8220;center&#8220; global_colors_info=&#8220;{}&#8220;]<a href=\"\/wp-content\/uploads\/2024\/07\/EN-91002018.-AS-9100D-JISQ-91002016-Certificats-QualiteQuality-Certificates-validity-08092026.pdf\" target=\"_blank\" rel=\"noopener\"><strong>FR &#8211; EN9100-2018<\/strong><\/a>[\/et_pb_text][\/et_pb_column][et_pb_column type=&#8220;1_5&#8243; _builder_version=&#8220;4.25.2&#8243; _module_preset=&#8220;default&#8220; global_colors_info=&#8220;{}&#8220;][et_pb_image src=&#8220;https:\/\/integriscomposites.com\/wp-content\/uploads\/2024\/07\/ISO-90012015_FR-Certificats-QualiteQuality-Certificates-validity-08092026.jpg&#8220; title_text=&#8220;ISO-90012015_FR-Certificats-Qualit\u00e9Quality-Certificates-validity-08092026&#8243; url=&#8220;\/wp-content\/uploads\/2024\/07\/ISO-90012015_FR-Certificats-QualiteQuality-Certificates-validity-08092026.pdf&#8220; url_new_window=&#8220;on&#8220; align=&#8220;center&#8220; _builder_version=&#8220;4.25.2&#8243; _module_preset=&#8220;default&#8220; global_colors_info=&#8220;{}&#8220;][\/et_pb_image][et_pb_text _builder_version=&#8220;4.25.2&#8243; _module_preset=&#8220;default&#8220; text_orientation=&#8220;center&#8220; global_colors_info=&#8220;{}&#8220;]<a href=\"\/wp-content\/uploads\/2024\/07\/ISO-90012015_FR-Certificats-QualiteQuality-Certificates-validity-08092026.pdf\" target=\"_blank\" rel=\"noopener\"><strong>FR &#8211; ISO 9001-2015<\/strong><\/a>[\/et_pb_text][\/et_pb_column][et_pb_column type=&#8220;1_5&#8243; _builder_version=&#8220;4.25.2&#8243; _module_preset=&#8220;default&#8220; global_colors_info=&#8220;{}&#8220;][\/et_pb_column][et_pb_column type=&#8220;1_5&#8243; _builder_version=&#8220;4.25.2&#8243; _module_preset=&#8220;default&#8220; global_colors_info=&#8220;{}&#8220;][\/et_pb_column][\/et_pb_row][\/et_pb_section][et_pb_section fb_built=&#8220;1&#8243; _builder_version=&#8220;4.25.2&#8243; _module_preset=&#8220;default&#8220; custom_padding=&#8220;15px||15px||true|false&#8220; global_colors_info=&#8220;{}&#8220;][et_pb_row _builder_version=&#8220;4.25.2&#8243; _module_preset=&#8220;default&#8220; custom_padding=&#8220;||0px||false|false&#8220; global_colors_info=&#8220;{}&#8220;][et_pb_column type=&#8220;4_4&#8243; _builder_version=&#8220;4.25.2&#8243; _module_preset=&#8220;default&#8220; global_colors_info=&#8220;{}&#8220;][et_pb_text _builder_version=&#8220;4.25.2&#8243; _module_preset=&#8220;75244c77-7bf4-4c3f-a873-54cc93ac7c1e&#8220; global_colors_info=&#8220;{}&#8220;]<\/p>\n<h2>Qualit\u00e4tszertifikate: Vereinigtes K\u00f6nigreich<\/h2>\n<p>[\/et_pb_text][\/et_pb_column][\/et_pb_row][et_pb_row column_structure=&#8220;1_5,1_5,1_5,1_5,1_5&#8243; _builder_version=&#8220;4.25.2&#8243; _module_preset=&#8220;default&#8220; global_colors_info=&#8220;{}&#8220;][et_pb_column type=&#8220;1_5&#8243; _builder_version=&#8220;4.25.2&#8243; _module_preset=&#8220;default&#8220; global_colors_info=&#8220;{}&#8220;][et_pb_image src=&#8220;https:\/\/integriscomposites.com\/wp-content\/uploads\/2024\/07\/UK-ISO9001-2015.PDF-thumb.png&#8220; title_text=&#8220;UK-ISO9001-2015.PDF-thumb&#8220; url=&#8220;\/wp-content\/uploads\/2024\/07\/UK-ISO9001-2015.pdf&#8220; url_new_window=&#8220;on&#8220; align=&#8220;center&#8220; _builder_version=&#8220;4.25.2&#8243; _module_preset=&#8220;default&#8220; global_colors_info=&#8220;{}&#8220;][\/et_pb_image][et_pb_text _builder_version=&#8220;4.25.2&#8243; _module_preset=&#8220;default&#8220; text_orientation=&#8220;center&#8220; global_colors_info=&#8220;{}&#8220;]<a href=\"\/wp-content\/uploads\/2024\/07\/UK-ISO9001-2015.pdf\" target=\"_blank\" rel=\"noopener\"><strong>GROSSBRITANNIEN &#8211; ISO9001-2015<\/strong><\/a>[\/et_pb_text][\/et_pb_column][et_pb_column type=&#8220;1_5&#8243; _builder_version=&#8220;4.25.2&#8243; _module_preset=&#8220;default&#8220; global_colors_info=&#8220;{}&#8220;][\/et_pb_column][et_pb_column type=&#8220;1_5&#8243; _builder_version=&#8220;4.25.2&#8243; _module_preset=&#8220;default&#8220; global_colors_info=&#8220;{}&#8220;][\/et_pb_column][et_pb_column type=&#8220;1_5&#8243; _builder_version=&#8220;4.25.2&#8243; _module_preset=&#8220;default&#8220; global_colors_info=&#8220;{}&#8220;][\/et_pb_column][et_pb_column type=&#8220;1_5&#8243; _builder_version=&#8220;4.25.2&#8243; _module_preset=&#8220;default&#8220; global_colors_info=&#8220;{}&#8220;][\/et_pb_column][\/et_pb_row][\/et_pb_section]<\/p>\n","protected":false},"excerpt":{"rendered":"<p>Das Qualit\u00e4tsmanagementsystem von Integris Composites ist nach ISO9001 &amp; EN\/AS9100 zertifiziert.<\/p>\n","protected":false},"author":2,"featured_media":1541,"parent":0,"menu_order":0,"comment_status":"closed","ping_status":"closed","template":"","meta":{"_acf_changed":false,"_et_pb_use_builder":"on","_et_pb_old_content":"","_et_gb_content_width":"","_monsterinsights_skip_tracking":false,"_monsterinsights_sitenote_active":false,"_monsterinsights_sitenote_note":"","_monsterinsights_sitenote_category":0,"footnotes":""},"class_list":["post-3144","page","type-page","status-publish","has-post-thumbnail","hentry"],"acf":[],"aioseo_notices":[],"_links":{"self":[{"href":"https:\/\/integriscomposites.com\/de\/wp-json\/wp\/v2\/pages\/3144","targetHints":{"allow":["GET"]}}],"collection":[{"href":"https:\/\/integriscomposites.com\/de\/wp-json\/wp\/v2\/pages"}],"about":[{"href":"https:\/\/integriscomposites.com\/de\/wp-json\/wp\/v2\/types\/page"}],"author":[{"embeddable":true,"href":"https:\/\/integriscomposites.com\/de\/wp-json\/wp\/v2\/users\/2"}],"replies":[{"embeddable":true,"href":"https:\/\/integriscomposites.com\/de\/wp-json\/wp\/v2\/comments?post=3144"}],"version-history":[{"count":3,"href":"https:\/\/integriscomposites.com\/de\/wp-json\/wp\/v2\/pages\/3144\/revisions"}],"predecessor-version":[{"id":3632,"href":"https:\/\/integriscomposites.com\/de\/wp-json\/wp\/v2\/pages\/3144\/revisions\/3632"}],"wp:featuredmedia":[{"embeddable":true,"href":"https:\/\/integriscomposites.com\/de\/wp-json\/wp\/v2\/media\/1541"}],"wp:attachment":[{"href":"https:\/\/integriscomposites.com\/de\/wp-json\/wp\/v2\/media?parent=3144"}],"curies":[{"name":"wp","href":"https:\/\/api.w.org\/{rel}","templated":true}]}}