{"id":2300,"date":"2024-07-24T12:37:49","date_gmt":"2024-07-24T12:37:49","guid":{"rendered":"https:\/\/integriscomposites.com\/kontakt\/"},"modified":"2024-08-14T11:46:12","modified_gmt":"2024-08-14T11:46:12","slug":"kontakt","status":"publish","type":"page","link":"https:\/\/integriscomposites.com\/de\/kontakt\/","title":{"rendered":"Kontakt"},"content":{"rendered":"<p>[et_pb_section fb_built=&#8220;1&#8243; _builder_version=&#8220;4.27.0&#8243; _module_preset=&#8220;default&#8220; background_image=&#8220;https:\/\/integriscomposites.com\/wp-content\/uploads\/2024\/07\/about-us-hero.jpg&#8220; custom_padding=&#8220;15%||5%||false|false&#8220; bottom_divider_height=&#8220;40px&#8220; locked=&#8220;off&#8220; global_colors_info=&#8220;{}&#8220;][et_pb_row module_class=&#8220;hero-row&#8220; _builder_version=&#8220;4.25.2&#8243; _module_preset=&#8220;default&#8220; background_color=&#8220;rgba(0,40,102,0.85)&#8220; width=&#8220;100%&#8220; max_width=&#8220;100%&#8220; custom_padding=&#8220;25px|25px|25px|25px|true|true&#8220; global_colors_info=&#8220;{}&#8220;][et_pb_column type=&#8220;4_4&#8243; _builder_version=&#8220;4.25.2&#8243; _module_preset=&#8220;default&#8220; global_colors_info=&#8220;{}&#8220;][et_pb_text _builder_version=&#8220;4.27.0&#8243; _module_preset=&#8220;default&#8220; text_text_color=&#8220;#FFFFFF&#8220; header_text_color=&#8220;#FFFFFF&#8220; global_colors_info=&#8220;{}&#8220;]<\/p>\n<h1>Contact Us<\/h1>\n<p> Thank you for your interest. We will get back to you as soon as possible. [\/et_pb_text][\/et_pb_column][\/et_pb_row][\/et_pb_section][et_pb_section fb_built=&#8220;1&#8243; _builder_version=&#8220;4.25.2&#8243; _module_preset=&#8220;default&#8220; locked=&#8220;off&#8220; global_colors_info=&#8220;{}&#8220;][et_pb_row column_structure=&#8220;3_5,2_5&#8243; _builder_version=&#8220;4.25.2&#8243; _module_preset=&#8220;default&#8220; custom_padding=&#8220;||60px||false|false&#8220; custom_css_main_element=&#8220;display: flex;||align-items: center;&#8220; global_colors_info=&#8220;{}&#8220; custom_css_main_element_last_edited=&#8220;on|tablet&#8220; custom_css_main_element_tablet=&#8220;display: block;&#8220; custom_css_main_element_phone=&#8220;display: block;&#8220;][et_pb_column type=&#8220;3_5&#8243; _builder_version=&#8220;4.25.2&#8243; _module_preset=&#8220;default&#8220; global_colors_info=&#8220;{}&#8220;][et_pb_text _builder_version=&#8220;4.27.0&#8243; _module_preset=&#8220;default&#8220; header_2_font=&#8220;||||||||&#8220; header_2_text_align=&#8220;center&#8220; header_2_text_color=&#8220;#000000&#8243; locked=&#8220;off&#8220; global_colors_info=&#8220;{}&#8220;]<\/p>\n<h2 style=\"text-align: center;\">Haben Sie eine Frage?<\/h2>\n<p style=\"text-align: center;\">Sie k\u00f6nnen uns unter info@integriscomposites.com kontaktieren<\/p>\n<p style=\"text-align: center;\">Wenn Sie \u00fcber Neuigkeiten und Veranstaltungen von Integris auf dem Laufenden bleiben m\u00f6chten, k\u00f6nnen Sie uns auch auf LinkedIn folgen (auf Englisch).<\/p>\n<p>[\/et_pb_text][\/et_pb_column][et_pb_column type=&#8220;2_5&#8243; _builder_version=&#8220;4.25.2&#8243; _module_preset=&#8220;default&#8220; global_colors_info=&#8220;{}&#8220;][et_pb_text _builder_version=&#8220;4.27.0&#8243; _module_preset=&#8220;default&#8220; header_2_font=&#8220;||||||||&#8220; header_2_text_align=&#8220;center&#8220; header_2_text_color=&#8220;#000000&#8243; locked=&#8220;off&#8220; global_colors_info=&#8220;{}&#8220;]<\/p>\n<h2>Bleiben Sie in Verbindung.<\/h2>\n<p>[\/et_pb_text][et_pb_social_media_follow _builder_version=&#8220;4.25.2&#8243; _module_preset=&#8220;default&#8220; text_orientation=&#8220;center&#8220; locked=&#8220;off&#8220; global_colors_info=&#8220;{}&#8220;][et_pb_social_media_follow_network social_network=&#8220;linkedin&#8220; _builder_version=&#8220;4.25.2&#8243; _module_preset=&#8220;default&#8220; background_color=&#8220;#002866&#8243; background_enable_color=&#8220;on&#8220; global_colors_info=&#8220;{}&#8220; follow_button=&#8220;off&#8220; url_new_window=&#8220;on&#8220;]linkedin[\/et_pb_social_media_follow_network][et_pb_social_media_follow_network social_network=&#8220;twitter&#8220; _builder_version=&#8220;4.25.2&#8243; _module_preset=&#8220;default&#8220; background_color=&#8220;#002866&#8243; background_enable_color=&#8220;on&#8220; global_colors_info=&#8220;{}&#8220; follow_button=&#8220;off&#8220; url_new_window=&#8220;on&#8220;]X[\/et_pb_social_media_follow_network][\/et_pb_social_media_follow][et_pb_divider color=&#8220;#002866&#8243; divider_position=&#8220;center&#8220; divider_weight=&#8220;1px&#8220; _builder_version=&#8220;4.27.0&#8243; _module_preset=&#8220;default&#8220; height=&#8220;5px&#8220; global_colors_info=&#8220;{}&#8220;][\/et_pb_divider][et_pb_code _builder_version=&#8220;4.27.0&#8243; _module_preset=&#8220;default&#8220; locked=&#8220;off&#8220; global_colors_info=&#8220;{}&#8220;]<\/p>\n<div id=\"mc_embed_shell\"><!-- [et_pb_line_break_holder] --><link href=\"\/\/cdn-images.mailchimp.com\/embedcode\/classic-061523.css\" rel=\"stylesheet\" type=\"text\/css\"><!-- [et_pb_line_break_holder] --><\/p>\n<style type=\"text\/css\"><!-- [et_pb_line_break_holder] -->#mc_embed_signup{false;clear:left; font:15px Helvetica,Arial,sans-serif; width: px;}<!-- [et_pb_line_break_holder] -->\/* Add your own Mailchimp form style overrides in your site stylesheet or in this style block.<!-- [et_pb_line_break_holder] -->We recommend moving this block and the preceding CSS link to the HEAD of your HTML file. *\/<!-- [et_pb_line_break_holder] --><\/style>\n<p><!-- [et_pb_line_break_holder] --><\/p>\n<div id=\"mc_embed_signup\"><!-- [et_pb_line_break_holder] --><\/p>\n<form action=\"https:\/\/integriscomposites.us22.list-manage.com\/subscribe\/post?u=6b90a6aad819ab744f166ee0d&#038;id=ca99afe54d&#038;f_id=00fad0e1f0\" method=\"post\" id=\"mc-embedded-subscribe-form\" name=\"mc-embedded-subscribe-form\" class=\"validate\" target=\"_blank\"><!-- [et_pb_line_break_holder] -->  <\/p>\n<div id=\"mc_embed_signup_scroll\">\n<h2><center>Newsletter-Abonnement<\/center><\/h2>\n<p><!-- [et_pb_line_break_holder] --><\/p>\n<div class=\"indicates-required\"><span class=\"asterisk\">*<\/span> kennzeichnet erforderlich<\/div>\n<p><!-- [et_pb_line_break_holder] --><\/p>\n<div class=\"mc-field-group\"><label for=\"mce-EMAIL\">E-Mail Adresse <span class=\"asterisk\">*<\/span><\/label><input type=\"email\" name=\"EMAIL\" class=\"required email\" id=\"mce-EMAIL\" required=\"\" value=\"\"><\/div>\n<div class=\"mc-field-group\"><label for=\"mce-FNAME\">Vorname <\/label><input type=\"text\" name=\"FNAME\" class=\" text\" id=\"mce-FNAME\" value=\"\"><\/div>\n<div class=\"mc-field-group\"><label for=\"mce-LNAME\">Nachname <\/label><input type=\"text\" name=\"LNAME\" class=\" text\" id=\"mce-LNAME\" value=\"\"><\/div>\n<p><!-- [et_pb_line_break_holder] --><\/p>\n<div id=\"mce-responses\" class=\"clear\"><!-- [et_pb_line_break_holder] --><\/p>\n<div class=\"response\" id=\"mce-error-response\" style=\"display: none;\"><\/div>\n<p><!-- [et_pb_line_break_holder] --><\/p>\n<div class=\"response\" id=\"mce-success-response\" style=\"display: none;\"><\/div>\n<p><!-- [et_pb_line_break_holder] --><\/div>\n<div aria-hidden=\"true\" style=\"position: absolute; left: -5000px;\"><input type=\"text\" name=\"b_6b90a6aad819ab744f166ee0d_ca99afe54d\" tabindex=\"-1\" value=\"\"><\/div>\n<div class=\"clear\"><input type=\"submit\" name=\"subscribe\" id=\"mc-embedded-subscribe\" class=\"button\" value=\"Abonnieren\"><\/div>\n<p><!-- [et_pb_line_break_holder] --><\/div>\n<p><!-- [et_pb_line_break_holder] --><\/form>\n<p><!-- [et_pb_line_break_holder] --><\/div>\n<p><!-- [et_pb_line_break_holder] --><script type=\"text\/javascript\" src=\"\/\/s3.amazonaws.com\/downloads.mailchimp.com\/js\/mc-validate.js\"><\/script><script type=\"text\/javascript\">(function($) {window.fnames = new Array(); window.ftypes = new Array();fnames[0]='EMAIL';ftypes[0]='email';fnames[1]='FNAME';ftypes[1]='text';fnames[2]='LNAME';ftypes[2]='text';fnames[3]='ADDRESS';ftypes[3]='address';fnames[4]='PHONE';ftypes[4]='phone';}(jQuery));var $mcj = jQuery.noConflict(true);<\/script><\/div>\n<p>[\/et_pb_code][\/et_pb_column][\/et_pb_row][\/et_pb_section][et_pb_section fb_built=&#8220;1&#8243; disabled_on=&#8220;off|off|off&#8220; _builder_version=&#8220;4.27.0&#8243; _module_preset=&#8220;default&#8220; background_enable_color=&#8220;off&#8220; background_image=&#8220;https:\/\/integriscomposites.com\/wp-content\/uploads\/2024\/06\/bg-blue-maps.png&#8220; locked=&#8220;off&#8220; global_colors_info=&#8220;{}&#8220;][et_pb_row _builder_version=&#8220;4.25.2&#8243; _module_preset=&#8220;default&#8220; global_colors_info=&#8220;{}&#8220;][et_pb_column type=&#8220;4_4&#8243; _builder_version=&#8220;4.25.2&#8243; _module_preset=&#8220;default&#8220; global_colors_info=&#8220;{}&#8220;][et_pb_text _builder_version=&#8220;4.27.0&#8243; _module_preset=&#8220;default&#8220; text_text_color=&#8220;#FFFFFF&#8220; header_text_color=&#8220;#FFFFFF&#8220; header_2_text_align=&#8220;center&#8220; header_2_text_color=&#8220;#FFFFFF&#8220; text_orientation=&#8220;center&#8220; hover_enabled=&#8220;0&#8243; global_colors_info=&#8220;{}&#8220; sticky_enabled=&#8220;0&#8243;]<\/p>\n<h2>EIN WELTWEIT F\u00dcHRENDES UNTERNEHMEN MIT GLOBALER PR\u00c4SENZ.<\/h2>\n<p>Wir haben B\u00fcros und Produktionsst\u00e4tten auf der ganzen Welt.<\/p>\n<p>[\/et_pb_text][et_pb_code _builder_version=&#8220;4.25.2&#8243; _module_preset=&#8220;default&#8220; global_colors_info=&#8220;{}&#8220;]<div class=\"vision-map vision-map-1\"data-json-src=\"https:\/\/integriscomposites.com\/de\/wp-json\/vision\/v1\/item\/1\" data-item-id=\"1\" tabindex=\"1\"><div class=\"vision-img-placeholder\"><img decoding=\"async\" src=\"https:\/\/integriscomposites.com\/wp-content\/uploads\/2024\/07\/TEN-map.png\" width=\"100%\"\/><\/div><div class=\"vision-store\" style=\"display:none;\"><div class=\"vision-layers-data\"><div class=\"vision-layer\" data-layer-id=\"3db7814f\"><\/div><div class=\"vision-layer\" data-layer-id=\"2583b855\"><\/div><div class=\"vision-layer\" data-layer-id=\"6d25dcd0\"><\/div><div class=\"vision-layer\" data-layer-id=\"1ab81774\"><\/div><div class=\"vision-layer\" data-layer-id=\"e4824bd7\"><\/div><div class=\"vision-layer\" data-layer-id=\"15c9dcf7\"><\/div><div class=\"vision-layer\" data-layer-id=\"9d17cb5e\"><\/div><div class=\"vision-layer\" data-layer-id=\"790a95fb\"><\/div><div class=\"vision-layer\" data-layer-id=\"14c9ad06\"><\/div><div class=\"vision-layer\" data-layer-id=\"92f68b79\"><\/div><div class=\"vision-layer\" data-layer-id=\"9e6cdec4\"><\/div><div class=\"vision-layer\" data-layer-id=\"3d988624\"><\/div><\/div><div class=\"vision-tooltips-data\"><div class=\"vision-data\" data-layer-id=\"3db7814f\"><center><img loading=\"lazy\" decoding=\"async\" class=\"alignnone size-medium wp-image-8 aligncenter\" src=\"\/wp-content\/uploads\/2024\/06\/header-logo-x2-300x116.png\" alt=\"\" width=\"150\" height=\"58\" srcset=\"https:\/\/integriscomposites.com\/wp-content\/uploads\/2024\/06\/header-logo-x2-300x116.png 300w, https:\/\/integriscomposites.com\/wp-content\/uploads\/2024\/06\/header-logo-x2.png 474w\" sizes=\"(max-width: 150px) 100vw, 150px\" \/><\/center><center>Fairfax Square II<\/center><center>Suite 210<\/center><center>8075 Leesburg Pike<\/center><center>Vienna, VA 22182<\/center><center>+1 740 928 0326<\/center><center>info@IntegrisComposites.com\u00a0<\/center><\/div><div class=\"vision-data\" data-layer-id=\"2583b855\"><center><img loading=\"lazy\" decoding=\"async\" class=\"alignnone size-medium wp-image-8 aligncenter\" src=\"\/wp-content\/uploads\/2024\/06\/header-logo-x2-300x116.png\" alt=\"\" width=\"150\" height=\"58\" srcset=\"https:\/\/integriscomposites.com\/wp-content\/uploads\/2024\/06\/header-logo-x2-300x116.png 300w, https:\/\/integriscomposites.com\/wp-content\/uploads\/2024\/06\/header-logo-x2.png 474w\" sizes=\"(max-width: 150px) 100vw, 150px\" \/><\/center><center>Damsbovej 10<\/center><center>DK-5492, Vissenbjerg<\/center><center>Denmark\u00a0<\/center><center>+45 6548 1600<\/center><center>DK@IntegrisComposites.com<\/center><\/div><div class=\"vision-data\" data-layer-id=\"6d25dcd0\"><center><img loading=\"lazy\" decoding=\"async\" class=\"alignnone size-medium wp-image-8 aligncenter\" src=\"\/wp-content\/uploads\/2024\/06\/header-logo-x2-300x116.png\" alt=\"\" width=\"150\" height=\"58\" srcset=\"https:\/\/integriscomposites.com\/wp-content\/uploads\/2024\/06\/header-logo-x2-300x116.png 300w, https:\/\/integriscomposites.com\/wp-content\/uploads\/2024\/06\/header-logo-x2.png 474w\" sizes=\"(max-width: 150px) 100vw, 150px\" \/><\/center><center> <p class=\"MsoNormal\"><span lang=\"EN-GB\">Italy \u2013 North Africa- Med East<\/span><\/p> <\/center><center>Bianca.Revello<\/center><center>+39 347 3813745<\/center><center>\u00a0Bianca.Revello@IntegrisComposites.com<\/center><\/div><div class=\"vision-data\" data-layer-id=\"1ab81774\"><center><img loading=\"lazy\" decoding=\"async\" class=\"alignnone size-medium wp-image-8 aligncenter\" src=\"\/wp-content\/uploads\/2024\/06\/header-logo-x2-300x116.png\" alt=\"\" width=\"150\" height=\"58\" srcset=\"https:\/\/integriscomposites.com\/wp-content\/uploads\/2024\/06\/header-logo-x2-300x116.png 300w, https:\/\/integriscomposites.com\/wp-content\/uploads\/2024\/06\/header-logo-x2.png 474w\" sizes=\"(max-width: 150px) 100vw, 150px\" \/><\/center><center>FRANCE<\/center><center>Le Bourg,\u00a038270 Primarette<\/center><center>+33(0)4 74 79 50 50<\/center><center>FR@IntegrisComposites.com<\/center><\/div><div class=\"vision-data\" data-layer-id=\"e4824bd7\"><center><img loading=\"lazy\" decoding=\"async\" class=\"alignnone size-medium wp-image-8 aligncenter\" src=\"\/wp-content\/uploads\/2024\/06\/header-logo-x2-300x116.png\" alt=\"\" width=\"150\" height=\"58\" srcset=\"https:\/\/integriscomposites.com\/wp-content\/uploads\/2024\/06\/header-logo-x2-300x116.png 300w, https:\/\/integriscomposites.com\/wp-content\/uploads\/2024\/06\/header-logo-x2.png 474w\" sizes=\"(max-width: 150px) 100vw, 150px\" \/><\/center><center>NETHERLANDS<\/center><center>Oval Tower\u00a0<\/center><center>De Entree 143<\/center><center>1101 HE Amsterdam<\/center><center>NL@IntegrisComposites.com\u00a0<\/center><\/div><div class=\"vision-data\" data-layer-id=\"15c9dcf7\"><center><img loading=\"lazy\" decoding=\"async\" class=\"alignnone size-medium wp-image-8 aligncenter\" src=\"\/wp-content\/uploads\/2024\/06\/header-logo-x2-300x116.png\" alt=\"\" width=\"150\" height=\"58\" srcset=\"https:\/\/integriscomposites.com\/wp-content\/uploads\/2024\/06\/header-logo-x2-300x116.png 300w, https:\/\/integriscomposites.com\/wp-content\/uploads\/2024\/06\/header-logo-x2.png 474w\" sizes=\"(max-width: 150px) 100vw, 150px\" \/><\/center><center>UNITED KINGDOM<br \/>2430 \/ 2440 The Quadrant<\/center><center>Aztec West, Almondsbury<\/center><center>Bristol, BS32 4AQ<\/center><center>+44 (0) 1454 87 7600<\/center><center>UK@IntegrisComposites.com<\/center><\/div><div class=\"vision-data\" data-layer-id=\"9d17cb5e\"><center><img loading=\"lazy\" decoding=\"async\" class=\"alignnone size-medium wp-image-8 aligncenter\" src=\"\/wp-content\/uploads\/2024\/06\/header-logo-x2-300x116.png\" alt=\"\" width=\"150\" height=\"58\" srcset=\"https:\/\/integriscomposites.com\/wp-content\/uploads\/2024\/06\/header-logo-x2-300x116.png 300w, https:\/\/integriscomposites.com\/wp-content\/uploads\/2024\/06\/header-logo-x2.png 474w\" sizes=\"(max-width: 150px) 100vw, 150px\" \/><\/center><center>O\u2019Neill Drive 1051<\/center><center>Hebron, OH 43025<\/center><center>United States of America<\/center><center>+1 740 928 0326<\/center><center>info@IntegrisCompositesUS.com\u00a0<\/center><\/div><div class=\"vision-data\" data-layer-id=\"790a95fb\"><center><img loading=\"lazy\" decoding=\"async\" class=\"alignnone size-medium wp-image-8 aligncenter\" src=\"\/wp-content\/uploads\/2024\/06\/header-logo-x2-300x116.png\" alt=\"\" width=\"150\" height=\"58\" srcset=\"https:\/\/integriscomposites.com\/wp-content\/uploads\/2024\/06\/header-logo-x2-300x116.png 300w, https:\/\/integriscomposites.com\/wp-content\/uploads\/2024\/06\/header-logo-x2.png 474w\" sizes=\"(max-width: 150px) 100vw, 150px\" \/><\/center><center>120 Cremona Drive, Suite 130<\/center><center>Goleta, CA 93117, USA<\/center><center>info@IntegrisCompositesUS.com\u00a0<\/center><\/div><div class=\"vision-data\" data-layer-id=\"14c9ad06\"><center><img loading=\"lazy\" decoding=\"async\" class=\"alignnone size-medium wp-image-8 aligncenter\" src=\"\/wp-content\/uploads\/2024\/06\/header-logo-x2-300x116.png\" alt=\"\" width=\"150\" height=\"58\" srcset=\"https:\/\/integriscomposites.com\/wp-content\/uploads\/2024\/06\/header-logo-x2-300x116.png 300w, https:\/\/integriscomposites.com\/wp-content\/uploads\/2024\/06\/header-logo-x2.png 474w\" sizes=\"(max-width: 150px) 100vw, 150px\" \/><\/center><center>SINGAPORE<\/center><center>20 McCallum Street<\/center><center>Level 19 Tokio Marine Centre<\/center><center>069046 Singapore<\/center><center>+65 9679 2939<\/center><center>APAC@IntegrisComposites.com<\/center> <p>\u00a0<\/p> <\/div><div class=\"vision-data\" data-layer-id=\"92f68b79\"><center><img loading=\"lazy\" decoding=\"async\" class=\"alignnone size-medium wp-image-8 aligncenter\" src=\"\/wp-content\/uploads\/2024\/06\/header-logo-x2-300x116.png\" alt=\"\" width=\"150\" height=\"58\" srcset=\"https:\/\/integriscomposites.com\/wp-content\/uploads\/2024\/06\/header-logo-x2-300x116.png 300w, https:\/\/integriscomposites.com\/wp-content\/uploads\/2024\/06\/header-logo-x2.png 474w\" sizes=\"(max-width: 150px) 100vw, 150px\" \/>BRISBANE<br \/><\/center><center>Yohann Barnaud<\/center><center>+61 429 012 995<\/center><center>\u00a0Yohann.Barnaud@IntegrisComposites.com<\/center><\/div><div class=\"vision-data\" data-layer-id=\"9e6cdec4\"><center><img loading=\"lazy\" decoding=\"async\" class=\"alignnone size-medium wp-image-8 aligncenter\" src=\"\/wp-content\/uploads\/2024\/06\/header-logo-x2-300x116.png\" alt=\"\" width=\"150\" height=\"58\" srcset=\"https:\/\/integriscomposites.com\/wp-content\/uploads\/2024\/06\/header-logo-x2-300x116.png 300w, https:\/\/integriscomposites.com\/wp-content\/uploads\/2024\/06\/header-logo-x2.png 474w\" sizes=\"(max-width: 150px) 100vw, 150px\" \/>POLAND<br \/><\/center><center><\/center><center>Tomasz Stachera<\/center><center>+48 575 098 642<\/center><center>\u00a0Tomasz.Stachera@IntegrisComposites.com<\/center><\/div><div class=\"vision-data\" data-layer-id=\"3d988624\"><center><img loading=\"lazy\" decoding=\"async\" class=\"alignnone size-medium wp-image-8 aligncenter\" src=\"\/wp-content\/uploads\/2024\/06\/header-logo-x2-300x116.png\" alt=\"\" width=\"150\" height=\"58\" srcset=\"https:\/\/integriscomposites.com\/wp-content\/uploads\/2024\/06\/header-logo-x2-300x116.png 300w, https:\/\/integriscomposites.com\/wp-content\/uploads\/2024\/06\/header-logo-x2.png 474w\" sizes=\"(max-width: 150px) 100vw, 150px\" \/><\/center><center>NORWAY<\/center><center>Adam Read<\/center><center>+47 47249336<\/center><center>Adam.Read@IntegrisComposites.com<\/center><\/div><\/div><div class=\"vision-popovers-data\"><div class=\"vision-data\" data-layer-id=\"3db7814f\"><\/div><div class=\"vision-data\" data-layer-id=\"2583b855\"><\/div><div class=\"vision-data\" data-layer-id=\"6d25dcd0\"><\/div><div class=\"vision-data\" data-layer-id=\"1ab81774\"><\/div><div class=\"vision-data\" data-layer-id=\"e4824bd7\"><\/div><div class=\"vision-data\" data-layer-id=\"15c9dcf7\"><\/div><div class=\"vision-data\" data-layer-id=\"9d17cb5e\"><\/div><div class=\"vision-data\" data-layer-id=\"790a95fb\"><\/div><div class=\"vision-data\" data-layer-id=\"14c9ad06\"><\/div><div class=\"vision-data\" data-layer-id=\"92f68b79\"><\/div><div class=\"vision-data\" data-layer-id=\"9e6cdec4\"><\/div><div class=\"vision-data\" data-layer-id=\"3d988624\"><\/div><\/div><\/div><\/div><style>.vision-map-1 {}.vision-map-1 .vision-layers [data-layer-id=\"3db7814f\"] .vision-body {background-image:url(https:\/\/integriscomposites.com\/wp-content\/uploads\/2024\/09\/white-circle-emoji-1.png);background-size:contain;background-repeat:no-repeat;background-position:50% 50%;}.vision-map-1 .vision-layers [data-layer-id=\"2583b855\"] .vision-body {background-image:url(https:\/\/integriscomposites.com\/wp-content\/uploads\/2024\/09\/white-circle-emoji-1.png);background-size:contain;background-repeat:no-repeat;background-position:50% 50%;}.vision-map-1 .vision-layers [data-layer-id=\"6d25dcd0\"] .vision-body {background-image:url(https:\/\/integriscomposites.com\/wp-content\/uploads\/2024\/09\/white-circle-emoji-1.png);background-size:contain;background-repeat:no-repeat;background-position:50% 50%;}.vision-map-1 .vision-layers [data-layer-id=\"1ab81774\"] .vision-body {background-image:url(https:\/\/integriscomposites.com\/wp-content\/uploads\/2024\/09\/white-circle-emoji-1.png);background-size:contain;background-repeat:no-repeat;background-position:50% 50%;}.vision-map-1 .vision-layers [data-layer-id=\"e4824bd7\"] .vision-body {background-image:url(https:\/\/integriscomposites.com\/wp-content\/uploads\/2024\/09\/white-circle-emoji-1.png);background-size:contain;background-repeat:no-repeat;background-position:50% 50%;}.vision-map-1 .vision-layers [data-layer-id=\"15c9dcf7\"] .vision-body {background-image:url(https:\/\/integriscomposites.com\/wp-content\/uploads\/2024\/09\/white-circle-emoji-1.png);background-size:contain;background-repeat:no-repeat;background-position:50% 50%;}.vision-map-1 .vision-layers [data-layer-id=\"9d17cb5e\"] .vision-body {background-image:url(https:\/\/integriscomposites.com\/wp-content\/uploads\/2024\/09\/white-circle-emoji-1.png);background-size:contain;background-repeat:no-repeat;background-position:50% 50%;}.vision-map-1 .vision-layers [data-layer-id=\"790a95fb\"] .vision-body {background-image:url(https:\/\/integriscomposites.com\/wp-content\/uploads\/2024\/09\/white-circle-emoji-1.png);background-size:contain;background-repeat:no-repeat;background-position:50% 50%;}.vision-map-1 .vision-layers [data-layer-id=\"14c9ad06\"] .vision-body {background-image:url(https:\/\/integriscomposites.com\/wp-content\/uploads\/2024\/09\/white-circle-emoji-1.png);background-size:contain;background-repeat:no-repeat;background-position:50% 50%;}.vision-map-1 .vision-layers [data-layer-id=\"92f68b79\"] .vision-body {background-image:url(https:\/\/integriscomposites.com\/wp-content\/uploads\/2024\/09\/white-circle-emoji-1.png);background-size:contain;background-repeat:no-repeat;background-position:50% 50%;}.vision-map-1 .vision-layers [data-layer-id=\"9e6cdec4\"] .vision-body {background-image:url(https:\/\/integriscomposites.com\/wp-content\/uploads\/2024\/09\/white-circle-emoji-1.png);background-size:contain;background-repeat:no-repeat;background-position:50% 50%;}.vision-map-1 .vision-layers [data-layer-id=\"3d988624\"] .vision-body {background-image:url(https:\/\/integriscomposites.com\/wp-content\/uploads\/2024\/09\/white-circle-emoji-1.png);background-size:contain;background-repeat:no-repeat;background-position:50% 50%;}<\/style>[\/et_pb_code][\/et_pb_column][\/et_pb_row][\/et_pb_section]<\/p>\n","protected":false},"excerpt":{"rendered":"<p>Contact Us Thank you for your interest. We will get back to you as soon as possible. Haben Sie eine Frage? Sie k\u00f6nnen uns unter info@integriscomposites.com kontaktieren Wenn Sie \u00fcber Neuigkeiten und Veranstaltungen von Integris auf dem Laufenden bleiben m\u00f6chten, k\u00f6nnen Sie uns auch auf LinkedIn folgen (auf Englisch).Bleiben Sie in Verbindung.EIN WELTWEIT F\u00dcHRENDES UNTERNEHMEN [&hellip;]<\/p>\n","protected":false},"author":2,"featured_media":2108,"parent":0,"menu_order":0,"comment_status":"closed","ping_status":"closed","template":"","meta":{"_acf_changed":false,"_et_pb_use_builder":"on","_et_pb_old_content":"","_et_gb_content_width":"","_monsterinsights_skip_tracking":false,"_monsterinsights_sitenote_active":false,"_monsterinsights_sitenote_note":"","_monsterinsights_sitenote_category":0,"footnotes":""},"class_list":["post-2300","page","type-page","status-publish","has-post-thumbnail","hentry"],"acf":[],"aioseo_notices":[],"_links":{"self":[{"href":"https:\/\/integriscomposites.com\/de\/wp-json\/wp\/v2\/pages\/2300","targetHints":{"allow":["GET"]}}],"collection":[{"href":"https:\/\/integriscomposites.com\/de\/wp-json\/wp\/v2\/pages"}],"about":[{"href":"https:\/\/integriscomposites.com\/de\/wp-json\/wp\/v2\/types\/page"}],"author":[{"embeddable":true,"href":"https:\/\/integriscomposites.com\/de\/wp-json\/wp\/v2\/users\/2"}],"replies":[{"embeddable":true,"href":"https:\/\/integriscomposites.com\/de\/wp-json\/wp\/v2\/comments?post=2300"}],"version-history":[{"count":4,"href":"https:\/\/integriscomposites.com\/de\/wp-json\/wp\/v2\/pages\/2300\/revisions"}],"predecessor-version":[{"id":3590,"href":"https:\/\/integriscomposites.com\/de\/wp-json\/wp\/v2\/pages\/2300\/revisions\/3590"}],"wp:featuredmedia":[{"embeddable":true,"href":"https:\/\/integriscomposites.com\/de\/wp-json\/wp\/v2\/media\/2108"}],"wp:attachment":[{"href":"https:\/\/integriscomposites.com\/de\/wp-json\/wp\/v2\/media?parent=2300"}],"curies":[{"name":"wp","href":"https:\/\/api.w.org\/{rel}","templated":true}]}}