{"id":2213,"date":"2024-07-23T19:21:51","date_gmt":"2024-07-23T19:21:51","guid":{"rendered":"https:\/\/integriscomposites.com\/ueber-uns\/"},"modified":"2024-08-29T10:52:29","modified_gmt":"2024-08-29T10:52:29","slug":"ueber-uns","status":"publish","type":"page","link":"https:\/\/integriscomposites.com\/de\/ueber-uns\/","title":{"rendered":"\u00dcber uns"},"content":{"rendered":"<p>[et_pb_section fb_built=&#8220;1&#8243; _builder_version=&#8220;4.27.0&#8243; _module_preset=&#8220;default&#8220; background_image=&#8220;https:\/\/integriscomposites.com\/wp-content\/uploads\/2024\/07\/about-us-hero.jpg&#8220; custom_padding=&#8220;15%||5%||false|false&#8220; bottom_divider_height=&#8220;40px&#8220; locked=&#8220;off&#8220; global_colors_info=&#8220;{}&#8220;][et_pb_row module_class=&#8220;hero-row&#8220; _builder_version=&#8220;4.25.2&#8243; _module_preset=&#8220;default&#8220; background_color=&#8220;rgba(0,40,102,0.85)&#8220; width=&#8220;100%&#8220; max_width=&#8220;100%&#8220; custom_padding=&#8220;25px|25px|25px|25px|true|true&#8220; global_colors_info=&#8220;{}&#8220;][et_pb_column type=&#8220;4_4&#8243; _builder_version=&#8220;4.25.2&#8243; _module_preset=&#8220;default&#8220; global_colors_info=&#8220;{}&#8220;][et_pb_text _builder_version=&#8220;4.27.0&#8243; _module_preset=&#8220;default&#8220; text_text_color=&#8220;#FFFFFF&#8220; header_text_color=&#8220;#FFFFFF&#8220; hover_enabled=&#8220;0&#8243; global_colors_info=&#8220;{}&#8220; sticky_enabled=&#8220;0&#8243;]<\/p>\n<h1>About Us<\/h1>\n<p>Over three decades of ballistic protection solutions.<\/p>\n<p>[\/et_pb_text][\/et_pb_column][\/et_pb_row][\/et_pb_section][et_pb_section fb_built=&#8220;1&#8243; _builder_version=&#8220;4.25.2&#8243; _module_preset=&#8220;default&#8220; locked=&#8220;off&#8220; global_colors_info=&#8220;{}&#8220;][et_pb_row column_structure=&#8220;1_2,1_2&#8243; _builder_version=&#8220;4.25.2&#8243; _module_preset=&#8220;default&#8220; custom_padding=&#8220;||60px||false|false&#8220; custom_css_main_element=&#8220;display: flex;||align-items: center;&#8220; global_colors_info=&#8220;{}&#8220; custom_css_main_element_last_edited=&#8220;on|tablet&#8220; custom_css_main_element_tablet=&#8220;display: block;&#8220; custom_css_main_element_phone=&#8220;display: block;&#8220;][et_pb_column type=&#8220;1_2&#8243; _builder_version=&#8220;4.25.2&#8243; _module_preset=&#8220;default&#8220; global_colors_info=&#8220;{}&#8220;][et_pb_text _builder_version=&#8220;4.27.0&#8243; _module_preset=&#8220;default&#8220; header_3_text_color=&#8220;#000000&#8243; global_colors_info=&#8220;{}&#8220;]<\/p>\n<h2>Unser Name hat sich ge\u00e4ndert. <br \/>Unser Ziel bleibt dasselbe: <br \/>Menschen zu sch\u00fctzen<\/h2>\n<p>[\/et_pb_text][et_pb_text _builder_version=&#8220;4.27.0&#8243; _module_preset=&#8220;default&#8220; header_3_text_color=&#8220;#000000&#8243; global_colors_info=&#8220;{}&#8220;]<\/p>\n<p>Integris Composites ist der neue Name des Unternehmens, das Sie als TenCate Advanced Armor kennen.  <\/p>\n<p><span>Unser neuer Name ist bedeutsam. Zum ersten Mal seit 25 Jahren k\u00f6nnen wir unsere F\u00e4higkeiten unter einer einheitlichen globalen Marke pr\u00e4sentieren \u2013 frei f\u00fcr Innovation, Design, Konstruktion und Herstellung von Hochleistungsverbundwerkstoffen und lebenserhaltenden L\u00f6sungen.  <\/span><a href=\"https:\/\/www.integriscomposites.com\/personalprotection\">ballistic plates<\/a><span>, <\/span><a href=\"https:\/\/www.integriscomposites.com\/vehicles\">vehicle armor kits<\/a><span>, and ballistic and blast protection for personal protection, <\/span><a href=\"https:\/\/www.integriscomposites.com\/vehicles\">land vehicles<\/a><span>, <\/span><a href=\"https:\/\/www.integriscomposites.com\/aerospace\">aerospace<\/a><span>, and <\/span><a href=\"https:\/\/www.integriscomposites.com\/naval\">marine applications<\/a><span>.<\/span><\/p>\n<p><span>Als Integris , werden wir dieses Erbe weiterhin ehren.<\/span><\/p>\n<p><span>We are dedicated to designing, engineering, and manufacturing the highest-performing, <\/span><a href=\"https:\/\/www.integriscomposites.com\/technologies\">fit-for-purpose armor and survivability solutions<\/a><span>.<br \/>\nOur future vision is expansive: to push composite technology to new performance levels, transforming industries and sectors beyond our traditional scope. <\/span><\/p>\n<p><span>Willkommen bei Integris . Wir sind hier, um die leistungsst\u00e4rksten R\u00fcstungs- und \u00dcberlebensl\u00f6sungen zu entwerfen, zu konstruieren und herzustellen.    <\/span><\/p>\n<p>&nbsp;<\/p>\n<p>[\/et_pb_text][\/et_pb_column][et_pb_column type=&#8220;1_2&#8243; _builder_version=&#8220;4.25.2&#8243; _module_preset=&#8220;default&#8220; global_colors_info=&#8220;{}&#8220;][et_pb_image src=&#8220;https:\/\/integriscomposites.com\/wp-content\/uploads\/2024\/07\/TEN-Signage-Mockup-Revised.jpg&#8220; title_text=&#8220;TEN-Signage-Mockup-Revised&#8220; _builder_version=&#8220;4.27.0&#8243; _module_preset=&#8220;default&#8220; box_shadow_style=&#8220;preset4&#8243; box_shadow_horizontal=&#8220;20px&#8220; box_shadow_vertical=&#8220;20px&#8220; box_shadow_color=&#8220;rgba(0,40,102,0.15)&#8220; locked=&#8220;off&#8220; global_colors_info=&#8220;{}&#8220;][\/et_pb_image][\/et_pb_column][\/et_pb_row][et_pb_row column_structure=&#8220;1_3,1_3,1_3&#8243; custom_padding_last_edited=&#8220;on|phone&#8220; _builder_version=&#8220;4.25.2&#8243; _module_preset=&#8220;default&#8220; background_color=&#8220;#002866&#8243; background_enable_image=&#8220;off&#8220; background_size=&#8220;initial&#8220; background_repeat=&#8220;repeat&#8220; custom_padding=&#8220;1.5%|1.5%|1.5%|1.5%|false|true&#8220; custom_padding_tablet=&#8220;4%|4%|4%|4%|true|true&#8220; custom_padding_phone=&#8220;30px|30px|30px|30px|true|true&#8220; global_colors_info=&#8220;{}&#8220;][et_pb_column type=&#8220;1_3&#8243; _builder_version=&#8220;4.25.2&#8243; _module_preset=&#8220;default&#8220; background_enable_image=&#8220;off&#8220; background_size=&#8220;contain&#8220; background_position=&#8220;top_center&#8220; custom_padding=&#8220;||||false|false&#8220; global_colors_info=&#8220;{}&#8220;][et_pb_text _builder_version=&#8220;4.25.2&#8243; _module_preset=&#8220;default&#8220; header_3_font=&#8220;|||on|||||&#8220; header_3_text_color=&#8220;#FFFFFF&#8220; header_3_font_size=&#8220;24px&#8220; custom_margin=&#8220;||10px||false|false&#8220; header_3_font_size_tablet=&#8220;24px&#8220; header_3_font_size_phone=&#8220;18px&#8220; header_3_font_size_last_edited=&#8220;on|phone&#8220; locked=&#8220;off&#8220; global_colors_info=&#8220;{}&#8220;]<\/p>\n<h3><em>UNSERE AUFGABE<\/em><\/h3>\n<p>[\/et_pb_text][et_pb_divider color=&#8220;#FFFFFF&#8220; divider_weight=&#8220;2px&#8220; divider_weight_tablet=&#8220;2px&#8220; divider_weight_phone=&#8220;1px&#8220; divider_weight_last_edited=&#8220;on|phone&#8220; _builder_version=&#8220;4.25.2&#8243; _module_preset=&#8220;default&#8220; custom_margin=&#8220;||0px||false|false&#8220; global_colors_info=&#8220;{}&#8220;][\/et_pb_divider][et_pb_text _builder_version=&#8220;4.25.2&#8243; _module_preset=&#8220;default&#8220; text_font=&#8220;|300|||||||&#8220; text_text_color=&#8220;#E0E1DD&#8220; text_font_size=&#8220;20px&#8220; text_font_size_tablet=&#8220;20px&#8220; text_font_size_phone=&#8220;16px&#8220; text_font_size_last_edited=&#8220;on|phone&#8220; global_colors_info=&#8220;{}&#8220;]<\/p>\n<p>Unsere Zukunftsvision ist noch umfassender. Wir werden die Verbundtechnologie anf\u00fchren, um neue Leistungsniveaus zu erreichen, die andere Branchen und Sektoren ver\u00e4ndern werden.<\/p>\n<p>[\/et_pb_text][\/et_pb_column][et_pb_column type=&#8220;1_3&#8243; _builder_version=&#8220;4.25.2&#8243; _module_preset=&#8220;default&#8220; background_enable_image=&#8220;off&#8220; background_size=&#8220;contain&#8220; custom_padding=&#8220;||||false|false&#8220; global_colors_info=&#8220;{}&#8220;][et_pb_text _builder_version=&#8220;4.25.2&#8243; _module_preset=&#8220;default&#8220; header_3_font=&#8220;|||on|||||&#8220; header_3_text_color=&#8220;#FFFFFF&#8220; header_3_font_size=&#8220;24px&#8220; custom_margin=&#8220;||10px||false|false&#8220; header_3_font_size_tablet=&#8220;24px&#8220; header_3_font_size_phone=&#8220;18px&#8220; header_3_font_size_last_edited=&#8220;on|phone&#8220; locked=&#8220;off&#8220; global_colors_info=&#8220;{}&#8220;]<\/p>\n<h3><em>UNSERE VISION<\/em><\/h3>\n<p>[\/et_pb_text][et_pb_divider color=&#8220;#FFFFFF&#8220; divider_weight=&#8220;2px&#8220; divider_weight_tablet=&#8220;2px&#8220; divider_weight_phone=&#8220;1px&#8220; divider_weight_last_edited=&#8220;on|phone&#8220; _builder_version=&#8220;4.25.2&#8243; _module_preset=&#8220;default&#8220; custom_margin=&#8220;||0px||false|false&#8220; global_colors_info=&#8220;{}&#8220;][\/et_pb_divider][et_pb_text _builder_version=&#8220;4.25.2&#8243; _module_preset=&#8220;default&#8220; text_font=&#8220;|300|||||||&#8220; text_text_color=&#8220;#E0E1DD&#8220; text_font_size=&#8220;20px&#8220; text_font_size_tablet=&#8220;20px&#8220; text_font_size_phone=&#8220;16px&#8220; text_font_size_last_edited=&#8220;on|phone&#8220; global_colors_info=&#8220;{}&#8220;]<\/p>\n<p>Wir werden die Verbundtechnologie anf\u00fchren, um neue Leistungsniveaus zu erreichen, die andere Branchen und Sektoren ver\u00e4ndern werden.<\/p>\n<p>[\/et_pb_text][\/et_pb_column][et_pb_column type=&#8220;1_3&#8243; _builder_version=&#8220;4.25.2&#8243; _module_preset=&#8220;default&#8220; global_colors_info=&#8220;{}&#8220;][et_pb_text _builder_version=&#8220;4.25.2&#8243; _module_preset=&#8220;default&#8220; header_3_font=&#8220;|||on|||||&#8220; header_3_text_color=&#8220;#FFFFFF&#8220; header_3_font_size=&#8220;24px&#8220; custom_margin=&#8220;||10px||false|false&#8220; header_3_font_size_tablet=&#8220;24px&#8220; header_3_font_size_phone=&#8220;18px&#8220; header_3_font_size_last_edited=&#8220;on|phone&#8220; locked=&#8220;off&#8220; global_colors_info=&#8220;{}&#8220;]<\/p>\n<h3><em>UNSERE WERTE<\/em><\/h3>\n<p>[\/et_pb_text][et_pb_divider color=&#8220;#FFFFFF&#8220; divider_weight=&#8220;2px&#8220; divider_weight_tablet=&#8220;2px&#8220; divider_weight_phone=&#8220;1px&#8220; divider_weight_last_edited=&#8220;on|phone&#8220; _builder_version=&#8220;4.25.2&#8243; _module_preset=&#8220;default&#8220; custom_margin=&#8220;||0px||false|false&#8220; global_colors_info=&#8220;{}&#8220;][\/et_pb_divider][et_pb_text _builder_version=&#8220;4.25.2&#8243; _module_preset=&#8220;default&#8220; text_font=&#8220;|300|||||||&#8220; text_text_color=&#8220;#E0E1DD&#8220; text_font_size=&#8220;20px&#8220; text_font_size_tablet=&#8220;20px&#8220; text_font_size_phone=&#8220;16px&#8220; text_font_size_last_edited=&#8220;on|phone&#8220; global_colors_info=&#8220;{}&#8220;]<\/p>\n<p>Integrit\u00e4t. Innovation. Hingabe. Kameradschaft. Qualit\u00e4t.<\/p>\n<p>[\/et_pb_text][\/et_pb_column][\/et_pb_row][\/et_pb_section][et_pb_section fb_built=&#8220;1&#8243; _builder_version=&#8220;4.27.0&#8243; _module_preset=&#8220;default&#8220; global_colors_info=&#8220;{}&#8220;][et_pb_row _builder_version=&#8220;4.27.0&#8243; _module_preset=&#8220;default&#8220; global_colors_info=&#8220;{}&#8220;][et_pb_column type=&#8220;4_4&#8243; _builder_version=&#8220;4.27.0&#8243; _module_preset=&#8220;default&#8220; global_colors_info=&#8220;{}&#8220;][et_pb_text _builder_version=&#8220;4.27.0&#8243; _module_preset=&#8220;75244c77-7bf4-4c3f-a873-54cc93ac7c1e&#8220; global_colors_info=&#8220;{}&#8220;]<\/p>\n<h2>EINE LANGE TRADITION DER INNOVATION<\/h2>\n<p> TenCate Advanced Armor hei\u00dft jetzt Integris Composites. Seit Jahrzehnten produzieren wir die st\u00e4rksten und leichtesten L\u00f6sungen f\u00fcr die Verteidigungs-, Luft- und Raumfahrtindustrie und andere Branchen. Wir werden unsere Innovation unter dem Namen Integris fortsetzen. Unsere leichten Verbundwerkstoffe bieten das fortschrittlichste Verh\u00e4ltnis von Festigkeit zu Gewicht f\u00fcr eine Vielzahl von Anwendungen.[\/et_pb_text][et_pb_image src=&#8220;https:\/\/integriscomposites.com\/wp-content\/uploads\/2024\/07\/Timeline-large-top.png&#8220; title_text=&#8220;Timeline-large-top&#8220; align=&#8220;center&#8220; _builder_version=&#8220;4.27.0&#8243; _module_preset=&#8220;default&#8220; global_colors_info=&#8220;{}&#8220;][\/et_pb_image][\/et_pb_column][\/et_pb_row][et_pb_row _builder_version=&#8220;4.27.0&#8243; _module_preset=&#8220;default&#8220; global_colors_info=&#8220;{}&#8220;][et_pb_column type=&#8220;4_4&#8243; _builder_version=&#8220;4.27.0&#8243; _module_preset=&#8220;default&#8220; global_colors_info=&#8220;{}&#8220;][et_pb_text _builder_version=&#8220;4.27.0&#8243; _module_preset=&#8220;75244c77-7bf4-4c3f-a873-54cc93ac7c1e&#8220; custom_margin=&#8220;||3%||false|false&#8220; global_colors_info=&#8220;{}&#8220;]<\/p>\n<h2>EINE GESCHICHTE DER FORTSCHRITTE IN DER \u00dcBERLEBENSTECHNOLOGIE.<\/h2>\n<p>Seit drei Jahrzehnten sch\u00fctzen unsere Verbundl\u00f6sungen Menschen und die Plattformen, denen sie vertrauen. Mit jahrelanger Erfahrung in der Bereitstellung kompromissloser lebensrettender L\u00f6sungen verf\u00fcgen wir \u00fcber eine starke globale Erfolgsbilanz als kosteneffizienter, qualit\u00e4tsorientierter und \u00e4u\u00dferst zuverl\u00e4ssiger Partner bei komplexen Gro\u00dfprojekten. <\/p>\n<p>[\/et_pb_text][et_pb_image src=&#8220;https:\/\/integriscomposites.com\/wp-content\/uploads\/2024\/07\/Timeline-large.png&#8220; title_text=&#8220;Timeline-large&#8220; align=&#8220;center&#8220; _builder_version=&#8220;4.27.0&#8243; _module_preset=&#8220;default&#8220; global_colors_info=&#8220;{}&#8220;][\/et_pb_image][\/et_pb_column][\/et_pb_row][\/et_pb_section][et_pb_section fb_built=&#8220;1&#8243; _builder_version=&#8220;4.26.1&#8243; _module_preset=&#8220;default&#8220; locked=&#8220;off&#8220; global_colors_info=&#8220;{}&#8220;][et_pb_row column_structure=&#8220;1_2,1_2&#8243; _builder_version=&#8220;4.27.0&#8243; _module_preset=&#8220;default&#8220; custom_css_main_element=&#8220;display: flex;||flex-wrap: wrap;&#8220; global_colors_info=&#8220;{}&#8220; custom_css_main_element_last_edited=&#8220;off|tablet&#8220;][et_pb_column type=&#8220;1_2&#8243; _builder_version=&#8220;4.25.2&#8243; _module_preset=&#8220;default&#8220; global_colors_info=&#8220;{}&#8220; custom_css_main_element_last_edited=&#8220;on|tablet&#8220; custom_css_main_element_tablet=&#8220;order: 2;||&#8220; custom_css_main_element_phone=&#8220;order: 2;||&#8220;][et_pb_image src=&#8220;https:\/\/integriscomposites.com\/wp-content\/uploads\/2024\/07\/Environment-Globe-1000&#215;667-1.jpg&#8220; title_text=&#8220;Environment-Globe-1000&#215;667&#8243; _builder_version=&#8220;4.27.0&#8243; _module_preset=&#8220;default&#8220; box_shadow_style=&#8220;preset4&#8243; box_shadow_horizontal=&#8220;-20px&#8220; box_shadow_vertical=&#8220;20px&#8220; box_shadow_color=&#8220;rgba(0,40,102,0.15)&#8220; global_colors_info=&#8220;{}&#8220;][\/et_pb_image][\/et_pb_column][et_pb_column type=&#8220;1_2&#8243; _builder_version=&#8220;4.25.2&#8243; _module_preset=&#8220;default&#8220; global_colors_info=&#8220;{}&#8220; custom_css_main_element_last_edited=&#8220;on|tablet&#8220; custom_css_main_element_tablet=&#8220;order: 1;||&#8220; custom_css_main_element_phone=&#8220;order: 1;||&#8220;][et_pb_text _builder_version=&#8220;4.27.0&#8243; _module_preset=&#8220;75244c77-7bf4-4c3f-a873-54cc93ac7c1e&#8220; custom_padding_tablet=&#8220;||30px||false|false&#8220; custom_padding_phone=&#8220;||30px||false|false&#8220; custom_padding_last_edited=&#8220;on|phone&#8220; global_colors_info=&#8220;{}&#8220;]<\/p>\n<h2>Verantwortung f\u00fcr Umwelt, Soziales und Governance<\/h2>\n<p>[\/et_pb_text][et_pb_text _builder_version=&#8220;4.27.0&#8243; _module_preset=&#8220;default&#8220; custom_padding_tablet=&#8220;||30px||false|false&#8220; custom_padding_phone=&#8220;||30px||false|false&#8220; custom_padding_last_edited=&#8220;on|phone&#8220; global_colors_info=&#8220;{}&#8220;]<\/p>\n<p><span>Wir verhalten uns verantwortungsvoll gegen\u00fcber Mitarbeitern, Kunden, Partnern und der Umwelt. Die bei der Herstellung der Produkte verwendeten Materialien sowie die Endprodukte selbst sind umweltfreundlich und werden aufgrund ihrer F\u00e4higkeit, verantwortungsvoll recycelt zu werden, ausgew\u00e4hlt. <\/span><\/p>\n<p>[\/et_pb_text][et_pb_button button_url=&#8220;https:\/\/integriscomposites.com\/de\/esg\/&#8220; button_text=&#8220;Learn more&#8220; _builder_version=&#8220;4.27.0&#8243; _module_preset=&#8220;default&#8220; global_colors_info=&#8220;{}&#8220;][\/et_pb_button][\/et_pb_column][\/et_pb_row][\/et_pb_section][et_pb_section fb_built=&#8220;1&#8243; _builder_version=&#8220;4.26.1&#8243; _module_preset=&#8220;default&#8220; custom_padding=&#8220;||30px||false|false&#8220; locked=&#8220;off&#8220; global_colors_info=&#8220;{}&#8220;][et_pb_row _builder_version=&#8220;4.25.2&#8243; _module_preset=&#8220;default&#8220; global_colors_info=&#8220;{}&#8220;][et_pb_column type=&#8220;4_4&#8243; _builder_version=&#8220;4.25.2&#8243; _module_preset=&#8220;default&#8220; global_colors_info=&#8220;{}&#8220;][et_pb_text _builder_version=&#8220;4.26.1&#8243; _module_preset=&#8220;default&#8220; header_2_text_align=&#8220;center&#8220; header_2_text_color=&#8220;#000000&#8243; locked=&#8220;off&#8220; global_colors_info=&#8220;{}&#8220;]<\/p>\n<h2>EIN BEW\u00c4HRTER GLOBALER UND STRATEGISCHER PARTNER.<\/h2>\n<p>[\/et_pb_text][et_pb_image src=&#8220;https:\/\/integriscomposites.com\/wp-content\/uploads\/2024\/07\/map-about-us.png&#8220; title_text=&#8220;map-about-us&#8220; _builder_version=&#8220;4.27.0&#8243; _module_preset=&#8220;default&#8220; global_colors_info=&#8220;{}&#8220;][\/et_pb_image][\/et_pb_column][\/et_pb_row][\/et_pb_section][et_pb_section fb_built=&#8220;1&#8243; _builder_version=&#8220;4.26.1&#8243; _module_preset=&#8220;default&#8220; custom_padding=&#8220;30px||30px||true|false&#8220; locked=&#8220;off&#8220; global_colors_info=&#8220;{}&#8220;][et_pb_row column_structure=&#8220;1_2,1_2&#8243; _builder_version=&#8220;4.27.0&#8243; _module_preset=&#8220;default&#8220; custom_padding=&#8220;10px||10px||true|false&#8220; global_colors_info=&#8220;{}&#8220;][et_pb_column type=&#8220;1_2&#8243; _builder_version=&#8220;4.26.1&#8243; _module_preset=&#8220;default&#8220; global_colors_info=&#8220;{}&#8220;][et_pb_text _builder_version=&#8220;4.27.0&#8243; _module_preset=&#8220;75244c77-7bf4-4c3f-a873-54cc93ac7c1e&#8220; header_2_text_align=&#8220;center&#8220; custom_padding=&#8220;||||false|false&#8220; locked=&#8220;off&#8220; global_colors_info=&#8220;{}&#8220;]<\/p>\n<h3>Endbenutzer-L\u00e4nder ausw\u00e4hlen<\/h3>\n<p>[\/et_pb_text][\/et_pb_column][et_pb_column type=&#8220;1_2&#8243; _builder_version=&#8220;4.26.1&#8243; _module_preset=&#8220;default&#8220; global_colors_info=&#8220;{}&#8220;][et_pb_text disabled_on=&#8220;on|on|off&#8220; _builder_version=&#8220;4.27.0&#8243; _module_preset=&#8220;75244c77-7bf4-4c3f-a873-54cc93ac7c1e&#8220; header_2_text_align=&#8220;center&#8220; locked=&#8220;off&#8220; global_colors_info=&#8220;{}&#8220;]<\/p>\n<h3>Referenzen ausw\u00e4hlen<\/h3>\n<p>[\/et_pb_text][\/et_pb_column][\/et_pb_row][et_pb_row column_structure=&#8220;1_6,1_6,1_6,1_2&#8243; _builder_version=&#8220;4.27.0&#8243; _module_preset=&#8220;default&#8220; custom_padding=&#8220;10px||10px||true|false&#8220; custom_css_main_element=&#8220;display: flex;&#8220; global_colors_info=&#8220;{}&#8220;][et_pb_column type=&#8220;1_6&#8243; _builder_version=&#8220;4.27.0&#8243; _module_preset=&#8220;default&#8220; global_colors_info=&#8220;{}&#8220; custom_css_main_element_last_edited=&#8220;on|phone&#8220; custom_css_main_element_phone=&#8220;flex: 0 50%;||margin-bottom: 0 !important;&#8220;][et_pb_text _builder_version=&#8220;4.27.0&#8243; _module_preset=&#8220;default&#8220; custom_css_free_form=&#8220;.countrylist {||  padding-bottom: 0 !important;||}&#8220; global_colors_info=&#8220;{}&#8220;]<\/p>\n<ul class=\"countrylist\">\n<li>Angola<\/li>\n<li>Australia<\/li>\n<li>Austria<\/li>\n<li>Bahrain<\/li>\n<li>Botswana<\/li>\n<li>Brazil<\/li>\n<li>Bulgaria<\/li>\n<li>Canada<\/li>\n<li>Colombia<\/li>\n<li>Czech Republic<\/li>\n<li>Denmark<\/li>\n<li>Egypt<\/li>\n<li>Finland<\/li>\n<li>France<\/li>\n<li>Georgia<\/li>\n<li>Germany<\/li>\n<li>Hungary<\/li>\n<\/ul>\n<p>[\/et_pb_text][\/et_pb_column][et_pb_column type=&#8220;1_6&#8243; _builder_version=&#8220;4.27.0&#8243; _module_preset=&#8220;default&#8220; global_colors_info=&#8220;{}&#8220; custom_css_main_element__hover_enabled=&#8220;off|desktop&#8220; custom_css_main_element_last_edited=&#8220;on|phone&#8220; custom_css_main_element_phone=&#8220;flex: 0 50%;||margin-bottom: 0 !important;&#8220;][et_pb_text admin_label=&#8220;Text&#8220; _builder_version=&#8220;4.27.0&#8243; _module_preset=&#8220;default&#8220; global_colors_info=&#8220;{}&#8220;]<\/p>\n<ul class=\"countrylist\">\n<li>India<\/li>\n<li>Indonesia<\/li>\n<li>Iraq<\/li>\n<li>Ireland<\/li>\n<li>Italy<\/li>\n<li>Japan<\/li>\n<li>Jordan<\/li>\n<li>Kuwait<\/li>\n<li>Lithuania<\/li>\n<li>Luxembourg<\/li>\n<li>Malaysia<\/li>\n<li>Mexico<\/li>\n<li>Morocco<\/li>\n<li>New Zealand<\/li>\n<li>Nigeria<\/li>\n<li>Norway<\/li>\n<li>Oman<\/li>\n<\/ul>\n<p>[\/et_pb_text][\/et_pb_column][et_pb_column type=&#8220;1_6&#8243; _builder_version=&#8220;4.26.1&#8243; _module_preset=&#8220;default&#8220; global_colors_info=&#8220;{}&#8220;][et_pb_text _builder_version=&#8220;4.27.0&#8243; _module_preset=&#8220;default&#8220; global_colors_info=&#8220;{}&#8220;]<\/p>\n<ul class=\"countrylist\">\n<li>Pakistan<\/li>\n<li>Philippines<\/li>\n<li>Poland<\/li>\n<li>Qatar<\/li>\n<li>Romania<\/li>\n<li>Saudi Arabia<\/li>\n<li>Singapore<\/li>\n<li>South Korea<\/li>\n<li>Spain<\/li>\n<li>Sweden<\/li>\n<li>Thailand<\/li>\n<li>Turkey<\/li>\n<li>Ukraine<\/li>\n<li>United Arab Emirates<\/li>\n<li>United Kingdom<\/li>\n<li>United States<\/li>\n<\/ul>\n<p>[\/et_pb_text][\/et_pb_column][et_pb_column type=&#8220;1_2&#8243; _builder_version=&#8220;4.26.1&#8243; _module_preset=&#8220;default&#8220; global_colors_info=&#8220;{}&#8220;][et_pb_text disabled_on=&#8220;off|off|on&#8220; _builder_version=&#8220;4.27.0&#8243; _module_preset=&#8220;75244c77-7bf4-4c3f-a873-54cc93ac7c1e&#8220; header_2_text_align=&#8220;center&#8220; custom_margin=&#8220;||0px||false|false&#8220; locked=&#8220;off&#8220; global_colors_info=&#8220;{}&#8220;]<\/p>\n<h3>Referenzen ausw\u00e4hlen<\/h3>\n<p>[\/et_pb_text][et_pb_gallery gallery_ids=&#8220;610,608,609,605,898,1064,611,618,615,604,614,613,612,972,980,981,976,974,975,1079&#8243; posts_number=&#8220;100&#8243; show_title_and_caption=&#8220;off&#8220; show_pagination=&#8220;off&#8220; zoom_icon_color=&#8220;RGBA(255,255,255,0)&#8220; hover_overlay_color=&#8220;RGBA(255,255,255,0)&#8220; _builder_version=&#8220;4.27.0&#8243; _module_preset=&#8220;default&#8220; custom_css_free_form=&#8220;selector .et_pb_gallery_item a {||    pointer-events: none;||}||selector .et_overlay {||    display: none !important;||}||selector .et_pb_gallery_items {||    display: flex;||    flex-wrap: wrap;||}||selector .et_pb_grid_item {||  width: 100% !important;||  flex: 0 31.333% !important;||  margin-right: 2% !important;||}||selector .et_pb_gallery_item img {||      height: 60px;||    object-fit: contain;||}||@media only screen and (max-width: 767px) {||  selector .et_pb_grid_item {||    margin-bottom: 20px !important;||  }||}&#8220; global_colors_info=&#8220;{}&#8220;][\/et_pb_gallery][\/et_pb_column][\/et_pb_row][\/et_pb_section]<\/p>\n","protected":false},"excerpt":{"rendered":"<p>About Us Over three decades of ballistic protection solutions.Unser Name hat sich ge\u00e4ndert. Unser Ziel bleibt dasselbe: Menschen zu sch\u00fctzenIntegris Composites ist der neue Name des Unternehmens, das Sie als TenCate Advanced Armor kennen. Unser neuer Name ist bedeutsam. Zum ersten Mal seit 25 Jahren k\u00f6nnen wir unsere F\u00e4higkeiten unter einer einheitlichen globalen Marke pr\u00e4sentieren [&hellip;]<\/p>\n","protected":false},"author":2,"featured_media":2108,"parent":0,"menu_order":0,"comment_status":"closed","ping_status":"closed","template":"","meta":{"_acf_changed":false,"_et_pb_use_builder":"on","_et_pb_old_content":"","_et_gb_content_width":"","_monsterinsights_skip_tracking":false,"_monsterinsights_sitenote_active":false,"_monsterinsights_sitenote_note":"","_monsterinsights_sitenote_category":0,"footnotes":""},"class_list":["post-2213","page","type-page","status-publish","has-post-thumbnail","hentry"],"acf":[],"aioseo_notices":[],"_links":{"self":[{"href":"https:\/\/integriscomposites.com\/de\/wp-json\/wp\/v2\/pages\/2213","targetHints":{"allow":["GET"]}}],"collection":[{"href":"https:\/\/integriscomposites.com\/de\/wp-json\/wp\/v2\/pages"}],"about":[{"href":"https:\/\/integriscomposites.com\/de\/wp-json\/wp\/v2\/types\/page"}],"author":[{"embeddable":true,"href":"https:\/\/integriscomposites.com\/de\/wp-json\/wp\/v2\/users\/2"}],"replies":[{"embeddable":true,"href":"https:\/\/integriscomposites.com\/de\/wp-json\/wp\/v2\/comments?post=2213"}],"version-history":[{"count":21,"href":"https:\/\/integriscomposites.com\/de\/wp-json\/wp\/v2\/pages\/2213\/revisions"}],"predecessor-version":[{"id":3794,"href":"https:\/\/integriscomposites.com\/de\/wp-json\/wp\/v2\/pages\/2213\/revisions\/3794"}],"wp:featuredmedia":[{"embeddable":true,"href":"https:\/\/integriscomposites.com\/de\/wp-json\/wp\/v2\/media\/2108"}],"wp:attachment":[{"href":"https:\/\/integriscomposites.com\/de\/wp-json\/wp\/v2\/media?parent=2213"}],"curies":[{"name":"wp","href":"https:\/\/api.w.org\/{rel}","templated":true}]}}